{"id":727,"date":"2025-04-25T06:27:44","date_gmt":"2025-04-25T06:27:44","guid":{"rendered":"https:\/\/melbet.plus\/az\/?page_id=727"},"modified":"2026-04-22T08:07:37","modified_gmt":"2026-04-22T08:07:37","slug":"welcome-bonus","status":"publish","type":"page","link":"https:\/\/melbet.plus\/az\/bonus\/welcome-bonus\/","title":{"rendered":"Xo\u015f g\u0259ldin bonusu"},"content":{"rendered":"","protected":false},"excerpt":{"rendered":"","protected":false},"author":1,"featured_media":0,"parent":152,"menu_order":0,"comment_status":"closed","ping_status":"closed","template":"","meta":{"inline_featured_image":false,"footnotes":""},"class_list":["post-727","page","type-page","status-publish","hentry"],"yoast_head":"<!-- This site is optimized with the Yoast SEO plugin v27.4 - https:\/\/yoast.com\/product\/yoast-seo-wordpress\/ -->\n<title>220 AZN-\u0259 q\u0259d\u0259r Melbet bonusu: qeydiyyatdan sonra ikiqat depozit<\/title>\n<meta name=\"description\" content=\"Melbet-d\u0259 220 AZN qazan\u0131n - qeydiyyatdan sonra sad\u0259c\u0259 2 AZN yat\u0131r\u0131n v\u0259 biz yat\u0131r\u0131m\u0131n\u0131z\u0131 ikiqat art\u0131raca\u011f\u0131q! M\u0259rcinizi art\u0131rmaq v\u0259 maksimum bonusla oynama\u011fa ba\u015flamaq \u015fans\u0131n\u0131 qa\u00e7\u0131rmay\u0131n. H\u0259qiq\u0259t\u0259n i\u015fl\u0259y\u0259n bonus - na\u011fdla\u015fd\u0131rma\u011fa haz\u0131rs\u0131n\u0131z?\" \/>\n<meta name=\"robots\" content=\"index, follow, max-snippet:-1, max-image-preview:large, max-video-preview:-1\" \/>\n<meta property=\"og:locale\" content=\"az_AZ\" \/>\n<meta property=\"og:type\" content=\"article\" \/>\n<meta property=\"og:title\" content=\"220 AZN-\u0259 q\u0259d\u0259r Melbet bonusu: qeydiyyatdan sonra ikiqat depozit\" \/>\n<meta property=\"og:description\" content=\"Melbet-d\u0259 220 AZN qazan\u0131n - qeydiyyatdan sonra sad\u0259c\u0259 2 AZN yat\u0131r\u0131n v\u0259 biz yat\u0131r\u0131m\u0131n\u0131z\u0131 ikiqat art\u0131raca\u011f\u0131q! M\u0259rcinizi art\u0131rmaq v\u0259 maksimum bonusla oynama\u011fa ba\u015flamaq \u015fans\u0131n\u0131 qa\u00e7\u0131rmay\u0131n. H\u0259qiq\u0259t\u0259n i\u015fl\u0259y\u0259n bonus - na\u011fdla\u015fd\u0131rma\u011fa haz\u0131rs\u0131n\u0131z?\" \/>\n<meta property=\"og:url\" content=\"https:\/\/melbet.plus\/az\/bonus\/welcome-bonus\/\" \/>\n<meta property=\"og:site_name\" content=\"Melbet az\" \/>\n<meta property=\"article:modified_time\" content=\"2026-04-22T08:07:37+00:00\" \/>\n<meta name=\"twitter:card\" content=\"summary_large_image\" \/>\n<script type=\"application\/ld+json\" class=\"yoast-schema-graph\">{\"@context\":\"https:\\\/\\\/schema.org\",\"@graph\":[{\"@type\":\"WebPage\",\"@id\":\"https:\\\/\\\/melbet.plus\\\/az\\\/bonus\\\/welcome-bonus\\\/\",\"url\":\"https:\\\/\\\/melbet.plus\\\/az\\\/bonus\\\/welcome-bonus\\\/\",\"name\":\"220 AZN-\u0259 q\u0259d\u0259r Melbet bonusu: qeydiyyatdan sonra ikiqat depozit\",\"isPartOf\":{\"@id\":\"https:\\\/\\\/melbet.plus\\\/az\\\/#website\"},\"datePublished\":\"2025-04-25T06:27:44+00:00\",\"dateModified\":\"2026-04-22T08:07:37+00:00\",\"description\":\"Melbet-d\u0259 220 AZN qazan\u0131n - qeydiyyatdan sonra sad\u0259c\u0259 2 AZN yat\u0131r\u0131n v\u0259 biz yat\u0131r\u0131m\u0131n\u0131z\u0131 ikiqat art\u0131raca\u011f\u0131q! M\u0259rcinizi art\u0131rmaq v\u0259 maksimum bonusla oynama\u011fa ba\u015flamaq \u015fans\u0131n\u0131 qa\u00e7\u0131rmay\u0131n. H\u0259qiq\u0259t\u0259n i\u015fl\u0259y\u0259n bonus - na\u011fdla\u015fd\u0131rma\u011fa haz\u0131rs\u0131n\u0131z?\",\"breadcrumb\":{\"@id\":\"https:\\\/\\\/melbet.plus\\\/az\\\/bonus\\\/welcome-bonus\\\/#breadcrumb\"},\"inLanguage\":\"az\",\"potentialAction\":[{\"@type\":\"ReadAction\",\"target\":[\"https:\\\/\\\/melbet.plus\\\/az\\\/bonus\\\/welcome-bonus\\\/\"]}]},{\"@type\":\"BreadcrumbList\",\"@id\":\"https:\\\/\\\/melbet.plus\\\/az\\\/bonus\\\/welcome-bonus\\\/#breadcrumb\",\"itemListElement\":[{\"@type\":\"ListItem\",\"position\":1,\"name\":\"Home\",\"item\":\"https:\\\/\\\/melbet.plus\\\/az\\\/\"},{\"@type\":\"ListItem\",\"position\":2,\"name\":\"Bonuslar\",\"item\":\"https:\\\/\\\/melbet.plus\\\/az\\\/bonus\\\/\"},{\"@type\":\"ListItem\",\"position\":3,\"name\":\"Xo\u015f g\u0259ldin bonusu\"}]},{\"@type\":\"WebSite\",\"@id\":\"https:\\\/\\\/melbet.plus\\\/az\\\/#website\",\"url\":\"https:\\\/\\\/melbet.plus\\\/az\\\/\",\"name\":\"Melbet az\",\"description\":\"My WordPress Blog\",\"potentialAction\":[{\"@type\":\"SearchAction\",\"target\":{\"@type\":\"EntryPoint\",\"urlTemplate\":\"https:\\\/\\\/melbet.plus\\\/az\\\/?s={search_term_string}\"},\"query-input\":{\"@type\":\"PropertyValueSpecification\",\"valueRequired\":true,\"valueName\":\"search_term_string\"}}],\"inLanguage\":\"az\"}]}<\/script>\n<!-- \/ Yoast SEO plugin. -->","yoast_head_json":{"title":"220 AZN-\u0259 q\u0259d\u0259r Melbet bonusu: qeydiyyatdan sonra ikiqat depozit","description":"Melbet-d\u0259 220 AZN qazan\u0131n - qeydiyyatdan sonra sad\u0259c\u0259 2 AZN yat\u0131r\u0131n v\u0259 biz yat\u0131r\u0131m\u0131n\u0131z\u0131 ikiqat art\u0131raca\u011f\u0131q! M\u0259rcinizi art\u0131rmaq v\u0259 maksimum bonusla oynama\u011fa ba\u015flamaq \u015fans\u0131n\u0131 qa\u00e7\u0131rmay\u0131n. H\u0259qiq\u0259t\u0259n i\u015fl\u0259y\u0259n bonus - na\u011fdla\u015fd\u0131rma\u011fa haz\u0131rs\u0131n\u0131z?","robots":{"index":"index","follow":"follow","max-snippet":"max-snippet:-1","max-image-preview":"max-image-preview:large","max-video-preview":"max-video-preview:-1"},"og_locale":"az_AZ","og_type":"article","og_title":"220 AZN-\u0259 q\u0259d\u0259r Melbet bonusu: qeydiyyatdan sonra ikiqat depozit","og_description":"Melbet-d\u0259 220 AZN qazan\u0131n - qeydiyyatdan sonra sad\u0259c\u0259 2 AZN yat\u0131r\u0131n v\u0259 biz yat\u0131r\u0131m\u0131n\u0131z\u0131 ikiqat art\u0131raca\u011f\u0131q! M\u0259rcinizi art\u0131rmaq v\u0259 maksimum bonusla oynama\u011fa ba\u015flamaq \u015fans\u0131n\u0131 qa\u00e7\u0131rmay\u0131n. H\u0259qiq\u0259t\u0259n i\u015fl\u0259y\u0259n bonus - na\u011fdla\u015fd\u0131rma\u011fa haz\u0131rs\u0131n\u0131z?","og_url":"https:\/\/melbet.plus\/az\/bonus\/welcome-bonus\/","og_site_name":"Melbet az","article_modified_time":"2026-04-22T08:07:37+00:00","twitter_card":"summary_large_image","schema":{"@context":"https:\/\/schema.org","@graph":[{"@type":"WebPage","@id":"https:\/\/melbet.plus\/az\/bonus\/welcome-bonus\/","url":"https:\/\/melbet.plus\/az\/bonus\/welcome-bonus\/","name":"220 AZN-\u0259 q\u0259d\u0259r Melbet bonusu: qeydiyyatdan sonra ikiqat depozit","isPartOf":{"@id":"https:\/\/melbet.plus\/az\/#website"},"datePublished":"2025-04-25T06:27:44+00:00","dateModified":"2026-04-22T08:07:37+00:00","description":"Melbet-d\u0259 220 AZN qazan\u0131n - qeydiyyatdan sonra sad\u0259c\u0259 2 AZN yat\u0131r\u0131n v\u0259 biz yat\u0131r\u0131m\u0131n\u0131z\u0131 ikiqat art\u0131raca\u011f\u0131q! M\u0259rcinizi art\u0131rmaq v\u0259 maksimum bonusla oynama\u011fa ba\u015flamaq \u015fans\u0131n\u0131 qa\u00e7\u0131rmay\u0131n. H\u0259qiq\u0259t\u0259n i\u015fl\u0259y\u0259n bonus - na\u011fdla\u015fd\u0131rma\u011fa haz\u0131rs\u0131n\u0131z?","breadcrumb":{"@id":"https:\/\/melbet.plus\/az\/bonus\/welcome-bonus\/#breadcrumb"},"inLanguage":"az","potentialAction":[{"@type":"ReadAction","target":["https:\/\/melbet.plus\/az\/bonus\/welcome-bonus\/"]}]},{"@type":"BreadcrumbList","@id":"https:\/\/melbet.plus\/az\/bonus\/welcome-bonus\/#breadcrumb","itemListElement":[{"@type":"ListItem","position":1,"name":"Home","item":"https:\/\/melbet.plus\/az\/"},{"@type":"ListItem","position":2,"name":"Bonuslar","item":"https:\/\/melbet.plus\/az\/bonus\/"},{"@type":"ListItem","position":3,"name":"Xo\u015f g\u0259ldin bonusu"}]},{"@type":"WebSite","@id":"https:\/\/melbet.plus\/az\/#website","url":"https:\/\/melbet.plus\/az\/","name":"Melbet az","description":"My WordPress Blog","potentialAction":[{"@type":"SearchAction","target":{"@type":"EntryPoint","urlTemplate":"https:\/\/melbet.plus\/az\/?s={search_term_string}"},"query-input":{"@type":"PropertyValueSpecification","valueRequired":true,"valueName":"search_term_string"}}],"inLanguage":"az"}]}},"_links":{"self":[{"href":"https:\/\/melbet.plus\/az\/wp-json\/wp\/v2\/pages\/727","targetHints":{"allow":["GET"]}}],"collection":[{"href":"https:\/\/melbet.plus\/az\/wp-json\/wp\/v2\/pages"}],"about":[{"href":"https:\/\/melbet.plus\/az\/wp-json\/wp\/v2\/types\/page"}],"author":[{"embeddable":true,"href":"https:\/\/melbet.plus\/az\/wp-json\/wp\/v2\/users\/1"}],"replies":[{"embeddable":true,"href":"https:\/\/melbet.plus\/az\/wp-json\/wp\/v2\/comments?post=727"}],"version-history":[{"count":5,"href":"https:\/\/melbet.plus\/az\/wp-json\/wp\/v2\/pages\/727\/revisions"}],"predecessor-version":[{"id":1383,"href":"https:\/\/melbet.plus\/az\/wp-json\/wp\/v2\/pages\/727\/revisions\/1383"}],"up":[{"embeddable":true,"href":"https:\/\/melbet.plus\/az\/wp-json\/wp\/v2\/pages\/152"}],"wp:attachment":[{"href":"https:\/\/melbet.plus\/az\/wp-json\/wp\/v2\/media?parent=727"}],"curies":[{"name":"wp","href":"https:\/\/api.w.org\/{rel}","templated":true}]}}