{"id":387,"date":"2024-08-16T14:55:48","date_gmt":"2024-08-16T14:55:48","guid":{"rendered":"https:\/\/melbet.plus\/az\/?page_id=387"},"modified":"2026-04-22T11:49:31","modified_gmt":"2026-04-22T11:49:31","slug":"promo-code","status":"publish","type":"page","link":"https:\/\/melbet.plus\/az\/promo-code\/","title":{"rendered":"Promo Kod"},"content":{"rendered":"","protected":false},"excerpt":{"rendered":"","protected":false},"author":1,"featured_media":0,"parent":0,"menu_order":0,"comment_status":"closed","ping_status":"closed","template":"","meta":{"inline_featured_image":false,"footnotes":""},"class_list":["post-387","page","type-page","status-publish","hentry"],"yoast_head":"<!-- This site is optimized with the Yoast SEO plugin v27.4 - https:\/\/yoast.com\/product\/yoast-seo-wordpress\/ -->\n<title>Melbet Qeydiyyat v\u0259 T\u0259tbiq \u00fc\u00e7\u00fcn Promo Kod 2026<\/title>\n<meta name=\"description\" content=\"\u0130dman v\u0259 kazino m\u0259rcl\u0259ri \u00fc\u00e7\u00fcn m\u00f6vcud olan cari Melbet promo kodlar\u0131 haqq\u0131nda m\u0259lumat \u0259ld\u0259 edin 2026 \ud83d\uddf8 Melbet promo kodundan nec\u0259 istifad\u0259 ed\u0259c\u0259yinizi \u00f6yr\u0259nin v\u0259 ilk depozit m\u0259bl\u0259\u011fin\u0259 +100% qazan\u0131n!\" \/>\n<meta name=\"robots\" content=\"index, follow, max-snippet:-1, max-image-preview:large, max-video-preview:-1\" \/>\n<meta property=\"og:locale\" content=\"az_AZ\" \/>\n<meta property=\"og:type\" content=\"article\" \/>\n<meta property=\"og:title\" content=\"Melbet Qeydiyyat v\u0259 T\u0259tbiq \u00fc\u00e7\u00fcn Promo Kod 2026\" \/>\n<meta property=\"og:description\" content=\"\u0130dman v\u0259 kazino m\u0259rcl\u0259ri \u00fc\u00e7\u00fcn m\u00f6vcud olan cari Melbet promo kodlar\u0131 haqq\u0131nda m\u0259lumat \u0259ld\u0259 edin 2026 \ud83d\uddf8 Melbet promo kodundan nec\u0259 istifad\u0259 ed\u0259c\u0259yinizi \u00f6yr\u0259nin v\u0259 ilk depozit m\u0259bl\u0259\u011fin\u0259 +100% qazan\u0131n!\" \/>\n<meta property=\"og:url\" content=\"https:\/\/melbet.plus\/az\/promo-code\/\" \/>\n<meta property=\"og:site_name\" content=\"Melbet az\" \/>\n<meta property=\"article:modified_time\" content=\"2026-04-22T11:49:31+00:00\" \/>\n<meta name=\"twitter:card\" content=\"summary_large_image\" \/>\n<script type=\"application\/ld+json\" class=\"yoast-schema-graph\">{\"@context\":\"https:\\\/\\\/schema.org\",\"@graph\":[{\"@type\":\"WebPage\",\"@id\":\"https:\\\/\\\/melbet.plus\\\/az\\\/promo-code\\\/\",\"url\":\"https:\\\/\\\/melbet.plus\\\/az\\\/promo-code\\\/\",\"name\":\"Melbet Qeydiyyat v\u0259 T\u0259tbiq \u00fc\u00e7\u00fcn Promo Kod 2026\",\"isPartOf\":{\"@id\":\"https:\\\/\\\/melbet.plus\\\/az\\\/#website\"},\"datePublished\":\"2024-08-16T14:55:48+00:00\",\"dateModified\":\"2026-04-22T11:49:31+00:00\",\"description\":\"\u0130dman v\u0259 kazino m\u0259rcl\u0259ri \u00fc\u00e7\u00fcn m\u00f6vcud olan cari Melbet promo kodlar\u0131 haqq\u0131nda m\u0259lumat \u0259ld\u0259 edin 2026 \ud83d\uddf8 Melbet promo kodundan nec\u0259 istifad\u0259 ed\u0259c\u0259yinizi \u00f6yr\u0259nin v\u0259 ilk depozit m\u0259bl\u0259\u011fin\u0259 +100% qazan\u0131n!\",\"breadcrumb\":{\"@id\":\"https:\\\/\\\/melbet.plus\\\/az\\\/promo-code\\\/#breadcrumb\"},\"inLanguage\":\"az\",\"potentialAction\":[{\"@type\":\"ReadAction\",\"target\":[\"https:\\\/\\\/melbet.plus\\\/az\\\/promo-code\\\/\"]}]},{\"@type\":\"BreadcrumbList\",\"@id\":\"https:\\\/\\\/melbet.plus\\\/az\\\/promo-code\\\/#breadcrumb\",\"itemListElement\":[{\"@type\":\"ListItem\",\"position\":1,\"name\":\"Home\",\"item\":\"https:\\\/\\\/melbet.plus\\\/az\\\/\"},{\"@type\":\"ListItem\",\"position\":2,\"name\":\"Promo Kod\"}]},{\"@type\":\"WebSite\",\"@id\":\"https:\\\/\\\/melbet.plus\\\/az\\\/#website\",\"url\":\"https:\\\/\\\/melbet.plus\\\/az\\\/\",\"name\":\"Melbet az\",\"description\":\"My WordPress Blog\",\"potentialAction\":[{\"@type\":\"SearchAction\",\"target\":{\"@type\":\"EntryPoint\",\"urlTemplate\":\"https:\\\/\\\/melbet.plus\\\/az\\\/?s={search_term_string}\"},\"query-input\":{\"@type\":\"PropertyValueSpecification\",\"valueRequired\":true,\"valueName\":\"search_term_string\"}}],\"inLanguage\":\"az\"}]}<\/script>\n<!-- \/ Yoast SEO plugin. -->","yoast_head_json":{"title":"Melbet Qeydiyyat v\u0259 T\u0259tbiq \u00fc\u00e7\u00fcn Promo Kod 2026","description":"\u0130dman v\u0259 kazino m\u0259rcl\u0259ri \u00fc\u00e7\u00fcn m\u00f6vcud olan cari Melbet promo kodlar\u0131 haqq\u0131nda m\u0259lumat \u0259ld\u0259 edin 2026 \ud83d\uddf8 Melbet promo kodundan nec\u0259 istifad\u0259 ed\u0259c\u0259yinizi \u00f6yr\u0259nin v\u0259 ilk depozit m\u0259bl\u0259\u011fin\u0259 +100% qazan\u0131n!","robots":{"index":"index","follow":"follow","max-snippet":"max-snippet:-1","max-image-preview":"max-image-preview:large","max-video-preview":"max-video-preview:-1"},"og_locale":"az_AZ","og_type":"article","og_title":"Melbet Qeydiyyat v\u0259 T\u0259tbiq \u00fc\u00e7\u00fcn Promo Kod 2026","og_description":"\u0130dman v\u0259 kazino m\u0259rcl\u0259ri \u00fc\u00e7\u00fcn m\u00f6vcud olan cari Melbet promo kodlar\u0131 haqq\u0131nda m\u0259lumat \u0259ld\u0259 edin 2026 \ud83d\uddf8 Melbet promo kodundan nec\u0259 istifad\u0259 ed\u0259c\u0259yinizi \u00f6yr\u0259nin v\u0259 ilk depozit m\u0259bl\u0259\u011fin\u0259 +100% qazan\u0131n!","og_url":"https:\/\/melbet.plus\/az\/promo-code\/","og_site_name":"Melbet az","article_modified_time":"2026-04-22T11:49:31+00:00","twitter_card":"summary_large_image","schema":{"@context":"https:\/\/schema.org","@graph":[{"@type":"WebPage","@id":"https:\/\/melbet.plus\/az\/promo-code\/","url":"https:\/\/melbet.plus\/az\/promo-code\/","name":"Melbet Qeydiyyat v\u0259 T\u0259tbiq \u00fc\u00e7\u00fcn Promo Kod 2026","isPartOf":{"@id":"https:\/\/melbet.plus\/az\/#website"},"datePublished":"2024-08-16T14:55:48+00:00","dateModified":"2026-04-22T11:49:31+00:00","description":"\u0130dman v\u0259 kazino m\u0259rcl\u0259ri \u00fc\u00e7\u00fcn m\u00f6vcud olan cari Melbet promo kodlar\u0131 haqq\u0131nda m\u0259lumat \u0259ld\u0259 edin 2026 \ud83d\uddf8 Melbet promo kodundan nec\u0259 istifad\u0259 ed\u0259c\u0259yinizi \u00f6yr\u0259nin v\u0259 ilk depozit m\u0259bl\u0259\u011fin\u0259 +100% qazan\u0131n!","breadcrumb":{"@id":"https:\/\/melbet.plus\/az\/promo-code\/#breadcrumb"},"inLanguage":"az","potentialAction":[{"@type":"ReadAction","target":["https:\/\/melbet.plus\/az\/promo-code\/"]}]},{"@type":"BreadcrumbList","@id":"https:\/\/melbet.plus\/az\/promo-code\/#breadcrumb","itemListElement":[{"@type":"ListItem","position":1,"name":"Home","item":"https:\/\/melbet.plus\/az\/"},{"@type":"ListItem","position":2,"name":"Promo Kod"}]},{"@type":"WebSite","@id":"https:\/\/melbet.plus\/az\/#website","url":"https:\/\/melbet.plus\/az\/","name":"Melbet az","description":"My WordPress Blog","potentialAction":[{"@type":"SearchAction","target":{"@type":"EntryPoint","urlTemplate":"https:\/\/melbet.plus\/az\/?s={search_term_string}"},"query-input":{"@type":"PropertyValueSpecification","valueRequired":true,"valueName":"search_term_string"}}],"inLanguage":"az"}]}},"_links":{"self":[{"href":"https:\/\/melbet.plus\/az\/wp-json\/wp\/v2\/pages\/387","targetHints":{"allow":["GET"]}}],"collection":[{"href":"https:\/\/melbet.plus\/az\/wp-json\/wp\/v2\/pages"}],"about":[{"href":"https:\/\/melbet.plus\/az\/wp-json\/wp\/v2\/types\/page"}],"author":[{"embeddable":true,"href":"https:\/\/melbet.plus\/az\/wp-json\/wp\/v2\/users\/1"}],"replies":[{"embeddable":true,"href":"https:\/\/melbet.plus\/az\/wp-json\/wp\/v2\/comments?post=387"}],"version-history":[{"count":5,"href":"https:\/\/melbet.plus\/az\/wp-json\/wp\/v2\/pages\/387\/revisions"}],"predecessor-version":[{"id":1405,"href":"https:\/\/melbet.plus\/az\/wp-json\/wp\/v2\/pages\/387\/revisions\/1405"}],"wp:attachment":[{"href":"https:\/\/melbet.plus\/az\/wp-json\/wp\/v2\/media?parent=387"}],"curies":[{"name":"wp","href":"https:\/\/api.w.org\/{rel}","templated":true}]}}