{"id":271,"date":"2024-07-11T15:04:21","date_gmt":"2024-07-11T15:04:21","guid":{"rendered":"https:\/\/melbet.plus\/az\/?page_id=271"},"modified":"2026-04-21T14:43:29","modified_gmt":"2026-04-21T14:43:29","slug":"app","status":"publish","type":"page","link":"https:\/\/melbet.plus\/az\/app\/","title":{"rendered":"T\u0259tbiq"},"content":{"rendered":"","protected":false},"excerpt":{"rendered":"","protected":false},"author":1,"featured_media":0,"parent":0,"menu_order":0,"comment_status":"closed","ping_status":"closed","template":"","meta":{"inline_featured_image":false,"footnotes":""},"class_list":["post-271","page","type-page","status-publish","hentry"],"yoast_head":"<!-- This site is optimized with the Yoast SEO plugin v27.4 - https:\/\/yoast.com\/product\/yoast-seo-wordpress\/ -->\n<title>Melbet Android v\u0259 iOS \u00fc\u00e7\u00fcn t\u0259tbiq y\u00fckl\u0259yin 2026 PULSUZ<\/title>\n<meta name=\"description\" content=\"R\u0259smi Melbet t\u0259tbiqini \ud83d\udcf1 Android v\u0259 iOS (iPhone v\u0259 iPad) \u00fc\u00e7\u00fcn pulsuz y\u00fckl\u0259yin 2026 \u2705 \u018fn Son Melbet T\u0259tbiqi Versiyas\u0131 \u26a1 \u0130lk depozit \u00fc\u00e7\u00fcn 100% xo\u015f g\u0259ldin bonusu \u0259ld\u0259 edin\" \/>\n<meta name=\"robots\" content=\"index, follow, max-snippet:-1, max-image-preview:large, max-video-preview:-1\" \/>\n<meta property=\"og:locale\" content=\"az_AZ\" \/>\n<meta property=\"og:type\" content=\"article\" \/>\n<meta property=\"og:title\" content=\"Melbet Android v\u0259 iOS \u00fc\u00e7\u00fcn t\u0259tbiq y\u00fckl\u0259yin 2026 PULSUZ\" \/>\n<meta property=\"og:description\" content=\"R\u0259smi Melbet t\u0259tbiqini \ud83d\udcf1 Android v\u0259 iOS (iPhone v\u0259 iPad) \u00fc\u00e7\u00fcn pulsuz y\u00fckl\u0259yin 2026 \u2705 \u018fn Son Melbet T\u0259tbiqi Versiyas\u0131 \u26a1 \u0130lk depozit \u00fc\u00e7\u00fcn 100% xo\u015f g\u0259ldin bonusu \u0259ld\u0259 edin\" \/>\n<meta property=\"og:url\" content=\"https:\/\/melbet.plus\/az\/app\/\" \/>\n<meta property=\"og:site_name\" content=\"Melbet az\" \/>\n<meta property=\"article:modified_time\" content=\"2026-04-21T14:43:29+00:00\" \/>\n<meta name=\"twitter:card\" content=\"summary_large_image\" \/>\n<script type=\"application\/ld+json\" class=\"yoast-schema-graph\">{\"@context\":\"https:\\\/\\\/schema.org\",\"@graph\":[{\"@type\":\"WebPage\",\"@id\":\"https:\\\/\\\/melbet.plus\\\/az\\\/app\\\/\",\"url\":\"https:\\\/\\\/melbet.plus\\\/az\\\/app\\\/\",\"name\":\"Melbet Android v\u0259 iOS \u00fc\u00e7\u00fcn t\u0259tbiq y\u00fckl\u0259yin 2026 PULSUZ\",\"isPartOf\":{\"@id\":\"https:\\\/\\\/melbet.plus\\\/az\\\/#website\"},\"datePublished\":\"2024-07-11T15:04:21+00:00\",\"dateModified\":\"2026-04-21T14:43:29+00:00\",\"description\":\"R\u0259smi Melbet t\u0259tbiqini \ud83d\udcf1 Android v\u0259 iOS (iPhone v\u0259 iPad) \u00fc\u00e7\u00fcn pulsuz y\u00fckl\u0259yin 2026 \u2705 \u018fn Son Melbet T\u0259tbiqi Versiyas\u0131 \u26a1 \u0130lk depozit \u00fc\u00e7\u00fcn 100% xo\u015f g\u0259ldin bonusu \u0259ld\u0259 edin\",\"breadcrumb\":{\"@id\":\"https:\\\/\\\/melbet.plus\\\/az\\\/app\\\/#breadcrumb\"},\"inLanguage\":\"az\",\"potentialAction\":[{\"@type\":\"ReadAction\",\"target\":[\"https:\\\/\\\/melbet.plus\\\/az\\\/app\\\/\"]}]},{\"@type\":\"BreadcrumbList\",\"@id\":\"https:\\\/\\\/melbet.plus\\\/az\\\/app\\\/#breadcrumb\",\"itemListElement\":[{\"@type\":\"ListItem\",\"position\":1,\"name\":\"Home\",\"item\":\"https:\\\/\\\/melbet.plus\\\/az\\\/\"},{\"@type\":\"ListItem\",\"position\":2,\"name\":\"T\u0259tbiq\"}]},{\"@type\":\"WebSite\",\"@id\":\"https:\\\/\\\/melbet.plus\\\/az\\\/#website\",\"url\":\"https:\\\/\\\/melbet.plus\\\/az\\\/\",\"name\":\"Melbet az\",\"description\":\"My WordPress Blog\",\"potentialAction\":[{\"@type\":\"SearchAction\",\"target\":{\"@type\":\"EntryPoint\",\"urlTemplate\":\"https:\\\/\\\/melbet.plus\\\/az\\\/?s={search_term_string}\"},\"query-input\":{\"@type\":\"PropertyValueSpecification\",\"valueRequired\":true,\"valueName\":\"search_term_string\"}}],\"inLanguage\":\"az\"}]}<\/script>\n<!-- \/ Yoast SEO plugin. -->","yoast_head_json":{"title":"Melbet Android v\u0259 iOS \u00fc\u00e7\u00fcn t\u0259tbiq y\u00fckl\u0259yin 2026 PULSUZ","description":"R\u0259smi Melbet t\u0259tbiqini \ud83d\udcf1 Android v\u0259 iOS (iPhone v\u0259 iPad) \u00fc\u00e7\u00fcn pulsuz y\u00fckl\u0259yin 2026 \u2705 \u018fn Son Melbet T\u0259tbiqi Versiyas\u0131 \u26a1 \u0130lk depozit \u00fc\u00e7\u00fcn 100% xo\u015f g\u0259ldin bonusu \u0259ld\u0259 edin","robots":{"index":"index","follow":"follow","max-snippet":"max-snippet:-1","max-image-preview":"max-image-preview:large","max-video-preview":"max-video-preview:-1"},"og_locale":"az_AZ","og_type":"article","og_title":"Melbet Android v\u0259 iOS \u00fc\u00e7\u00fcn t\u0259tbiq y\u00fckl\u0259yin 2026 PULSUZ","og_description":"R\u0259smi Melbet t\u0259tbiqini \ud83d\udcf1 Android v\u0259 iOS (iPhone v\u0259 iPad) \u00fc\u00e7\u00fcn pulsuz y\u00fckl\u0259yin 2026 \u2705 \u018fn Son Melbet T\u0259tbiqi Versiyas\u0131 \u26a1 \u0130lk depozit \u00fc\u00e7\u00fcn 100% xo\u015f g\u0259ldin bonusu \u0259ld\u0259 edin","og_url":"https:\/\/melbet.plus\/az\/app\/","og_site_name":"Melbet az","article_modified_time":"2026-04-21T14:43:29+00:00","twitter_card":"summary_large_image","schema":{"@context":"https:\/\/schema.org","@graph":[{"@type":"WebPage","@id":"https:\/\/melbet.plus\/az\/app\/","url":"https:\/\/melbet.plus\/az\/app\/","name":"Melbet Android v\u0259 iOS \u00fc\u00e7\u00fcn t\u0259tbiq y\u00fckl\u0259yin 2026 PULSUZ","isPartOf":{"@id":"https:\/\/melbet.plus\/az\/#website"},"datePublished":"2024-07-11T15:04:21+00:00","dateModified":"2026-04-21T14:43:29+00:00","description":"R\u0259smi Melbet t\u0259tbiqini \ud83d\udcf1 Android v\u0259 iOS (iPhone v\u0259 iPad) \u00fc\u00e7\u00fcn pulsuz y\u00fckl\u0259yin 2026 \u2705 \u018fn Son Melbet T\u0259tbiqi Versiyas\u0131 \u26a1 \u0130lk depozit \u00fc\u00e7\u00fcn 100% xo\u015f g\u0259ldin bonusu \u0259ld\u0259 edin","breadcrumb":{"@id":"https:\/\/melbet.plus\/az\/app\/#breadcrumb"},"inLanguage":"az","potentialAction":[{"@type":"ReadAction","target":["https:\/\/melbet.plus\/az\/app\/"]}]},{"@type":"BreadcrumbList","@id":"https:\/\/melbet.plus\/az\/app\/#breadcrumb","itemListElement":[{"@type":"ListItem","position":1,"name":"Home","item":"https:\/\/melbet.plus\/az\/"},{"@type":"ListItem","position":2,"name":"T\u0259tbiq"}]},{"@type":"WebSite","@id":"https:\/\/melbet.plus\/az\/#website","url":"https:\/\/melbet.plus\/az\/","name":"Melbet az","description":"My WordPress Blog","potentialAction":[{"@type":"SearchAction","target":{"@type":"EntryPoint","urlTemplate":"https:\/\/melbet.plus\/az\/?s={search_term_string}"},"query-input":{"@type":"PropertyValueSpecification","valueRequired":true,"valueName":"search_term_string"}}],"inLanguage":"az"}]}},"_links":{"self":[{"href":"https:\/\/melbet.plus\/az\/wp-json\/wp\/v2\/pages\/271","targetHints":{"allow":["GET"]}}],"collection":[{"href":"https:\/\/melbet.plus\/az\/wp-json\/wp\/v2\/pages"}],"about":[{"href":"https:\/\/melbet.plus\/az\/wp-json\/wp\/v2\/types\/page"}],"author":[{"embeddable":true,"href":"https:\/\/melbet.plus\/az\/wp-json\/wp\/v2\/users\/1"}],"replies":[{"embeddable":true,"href":"https:\/\/melbet.plus\/az\/wp-json\/wp\/v2\/comments?post=271"}],"version-history":[{"count":5,"href":"https:\/\/melbet.plus\/az\/wp-json\/wp\/v2\/pages\/271\/revisions"}],"predecessor-version":[{"id":1342,"href":"https:\/\/melbet.plus\/az\/wp-json\/wp\/v2\/pages\/271\/revisions\/1342"}],"wp:attachment":[{"href":"https:\/\/melbet.plus\/az\/wp-json\/wp\/v2\/media?parent=271"}],"curies":[{"name":"wp","href":"https:\/\/api.w.org\/{rel}","templated":true}]}}