{"id":2,"date":"2023-05-18T17:18:34","date_gmt":"2023-05-18T17:18:34","guid":{"rendered":"https:\/\/melbet.plus\/az\/?page_id=2"},"modified":"2026-04-22T10:40:47","modified_gmt":"2026-04-22T10:40:47","slug":"sample-page","status":"publish","type":"page","link":"https:\/\/melbet.plus\/az\/","title":{"rendered":"Ev"},"content":{"rendered":"","protected":false},"excerpt":{"rendered":"","protected":false},"author":1,"featured_media":0,"parent":0,"menu_order":0,"comment_status":"closed","ping_status":"open","template":"","meta":{"inline_featured_image":false,"footnotes":""},"class_list":["post-2","page","type-page","status-publish","hentry"],"yoast_head":"<!-- This site is optimized with the Yoast SEO plugin v27.4 - https:\/\/yoast.com\/product\/yoast-seo-wordpress\/ -->\n<title>MelBet\u2122 \u0130dman Kitab\u00e7as\u0131 il\u0259 Onlayn M\u0259rc v\u0259 \u018fmsallar - 2026<\/title>\n<meta name=\"description\" content=\"Melbet \u0130dman M\u0259ktubu v\u0259 Onlayn Kazinonun r\u0259smi veb sayt\u0131 \u2714\ufe0f H\u0259qiqi Bonuslar v\u0259 Kampaniyalar \u018fld\u0259 Edin | iOS v\u0259 Android \u00fc\u00e7\u00fcn Mobil T\u0259tbiq\" \/>\n<meta name=\"robots\" content=\"index, follow, max-snippet:-1, max-image-preview:large, max-video-preview:-1\" \/>\n<meta property=\"og:locale\" content=\"az_AZ\" \/>\n<meta property=\"og:type\" content=\"article\" \/>\n<meta property=\"og:title\" content=\"MelBet\u2122 \u0130dman Kitab\u00e7as\u0131 il\u0259 Onlayn M\u0259rc v\u0259 \u018fmsallar - 2026\" \/>\n<meta property=\"og:description\" content=\"Melbet \u0130dman M\u0259ktubu v\u0259 Onlayn Kazinonun r\u0259smi veb sayt\u0131 \u2714\ufe0f H\u0259qiqi Bonuslar v\u0259 Kampaniyalar \u018fld\u0259 Edin | iOS v\u0259 Android \u00fc\u00e7\u00fcn Mobil T\u0259tbiq\" \/>\n<meta property=\"og:url\" content=\"https:\/\/melbet.plus\/az\/\" \/>\n<meta property=\"og:site_name\" content=\"Melbet az\" \/>\n<meta property=\"article:modified_time\" content=\"2026-04-22T10:40:47+00:00\" \/>\n<meta name=\"twitter:card\" content=\"summary_large_image\" \/>\n<script type=\"application\/ld+json\" class=\"yoast-schema-graph\">{\"@context\":\"https:\\\/\\\/schema.org\",\"@graph\":[{\"@type\":\"WebPage\",\"@id\":\"https:\\\/\\\/melbet.plus\\\/az\\\/\",\"url\":\"https:\\\/\\\/melbet.plus\\\/az\\\/\",\"name\":\"MelBet\u2122 \u0130dman Kitab\u00e7as\u0131 il\u0259 Onlayn M\u0259rc v\u0259 \u018fmsallar - 2026\",\"isPartOf\":{\"@id\":\"https:\\\/\\\/melbet.plus\\\/az\\\/#website\"},\"datePublished\":\"2023-05-18T17:18:34+00:00\",\"dateModified\":\"2026-04-22T10:40:47+00:00\",\"description\":\"Melbet \u0130dman M\u0259ktubu v\u0259 Onlayn Kazinonun r\u0259smi veb sayt\u0131 \u2714\ufe0f H\u0259qiqi Bonuslar v\u0259 Kampaniyalar \u018fld\u0259 Edin | iOS v\u0259 Android \u00fc\u00e7\u00fcn Mobil T\u0259tbiq\",\"breadcrumb\":{\"@id\":\"https:\\\/\\\/melbet.plus\\\/az\\\/#breadcrumb\"},\"inLanguage\":\"az\",\"potentialAction\":[{\"@type\":\"ReadAction\",\"target\":[\"https:\\\/\\\/melbet.plus\\\/az\\\/\"]}]},{\"@type\":\"BreadcrumbList\",\"@id\":\"https:\\\/\\\/melbet.plus\\\/az\\\/#breadcrumb\",\"itemListElement\":[{\"@type\":\"ListItem\",\"position\":1,\"name\":\"Home\",\"item\":\"https:\\\/\\\/melbet.plus\\\/az\\\/\"},{\"@type\":\"ListItem\",\"position\":2,\"name\":\"Ev\"}]},{\"@type\":\"WebSite\",\"@id\":\"https:\\\/\\\/melbet.plus\\\/az\\\/#website\",\"url\":\"https:\\\/\\\/melbet.plus\\\/az\\\/\",\"name\":\"Melbet az\",\"description\":\"My WordPress Blog\",\"potentialAction\":[{\"@type\":\"SearchAction\",\"target\":{\"@type\":\"EntryPoint\",\"urlTemplate\":\"https:\\\/\\\/melbet.plus\\\/az\\\/?s={search_term_string}\"},\"query-input\":{\"@type\":\"PropertyValueSpecification\",\"valueRequired\":true,\"valueName\":\"search_term_string\"}}],\"inLanguage\":\"az\"}]}<\/script>\n<!-- \/ Yoast SEO plugin. -->","yoast_head_json":{"title":"MelBet\u2122 \u0130dman Kitab\u00e7as\u0131 il\u0259 Onlayn M\u0259rc v\u0259 \u018fmsallar - 2026","description":"Melbet \u0130dman M\u0259ktubu v\u0259 Onlayn Kazinonun r\u0259smi veb sayt\u0131 \u2714\ufe0f H\u0259qiqi Bonuslar v\u0259 Kampaniyalar \u018fld\u0259 Edin | iOS v\u0259 Android \u00fc\u00e7\u00fcn Mobil T\u0259tbiq","robots":{"index":"index","follow":"follow","max-snippet":"max-snippet:-1","max-image-preview":"max-image-preview:large","max-video-preview":"max-video-preview:-1"},"og_locale":"az_AZ","og_type":"article","og_title":"MelBet\u2122 \u0130dman Kitab\u00e7as\u0131 il\u0259 Onlayn M\u0259rc v\u0259 \u018fmsallar - 2026","og_description":"Melbet \u0130dman M\u0259ktubu v\u0259 Onlayn Kazinonun r\u0259smi veb sayt\u0131 \u2714\ufe0f H\u0259qiqi Bonuslar v\u0259 Kampaniyalar \u018fld\u0259 Edin | iOS v\u0259 Android \u00fc\u00e7\u00fcn Mobil T\u0259tbiq","og_url":"https:\/\/melbet.plus\/az\/","og_site_name":"Melbet az","article_modified_time":"2026-04-22T10:40:47+00:00","twitter_card":"summary_large_image","schema":{"@context":"https:\/\/schema.org","@graph":[{"@type":"WebPage","@id":"https:\/\/melbet.plus\/az\/","url":"https:\/\/melbet.plus\/az\/","name":"MelBet\u2122 \u0130dman Kitab\u00e7as\u0131 il\u0259 Onlayn M\u0259rc v\u0259 \u018fmsallar - 2026","isPartOf":{"@id":"https:\/\/melbet.plus\/az\/#website"},"datePublished":"2023-05-18T17:18:34+00:00","dateModified":"2026-04-22T10:40:47+00:00","description":"Melbet \u0130dman M\u0259ktubu v\u0259 Onlayn Kazinonun r\u0259smi veb sayt\u0131 \u2714\ufe0f H\u0259qiqi Bonuslar v\u0259 Kampaniyalar \u018fld\u0259 Edin | iOS v\u0259 Android \u00fc\u00e7\u00fcn Mobil T\u0259tbiq","breadcrumb":{"@id":"https:\/\/melbet.plus\/az\/#breadcrumb"},"inLanguage":"az","potentialAction":[{"@type":"ReadAction","target":["https:\/\/melbet.plus\/az\/"]}]},{"@type":"BreadcrumbList","@id":"https:\/\/melbet.plus\/az\/#breadcrumb","itemListElement":[{"@type":"ListItem","position":1,"name":"Home","item":"https:\/\/melbet.plus\/az\/"},{"@type":"ListItem","position":2,"name":"Ev"}]},{"@type":"WebSite","@id":"https:\/\/melbet.plus\/az\/#website","url":"https:\/\/melbet.plus\/az\/","name":"Melbet az","description":"My WordPress Blog","potentialAction":[{"@type":"SearchAction","target":{"@type":"EntryPoint","urlTemplate":"https:\/\/melbet.plus\/az\/?s={search_term_string}"},"query-input":{"@type":"PropertyValueSpecification","valueRequired":true,"valueName":"search_term_string"}}],"inLanguage":"az"}]}},"_links":{"self":[{"href":"https:\/\/melbet.plus\/az\/wp-json\/wp\/v2\/pages\/2","targetHints":{"allow":["GET"]}}],"collection":[{"href":"https:\/\/melbet.plus\/az\/wp-json\/wp\/v2\/pages"}],"about":[{"href":"https:\/\/melbet.plus\/az\/wp-json\/wp\/v2\/types\/page"}],"author":[{"embeddable":true,"href":"https:\/\/melbet.plus\/az\/wp-json\/wp\/v2\/users\/1"}],"replies":[{"embeddable":true,"href":"https:\/\/melbet.plus\/az\/wp-json\/wp\/v2\/comments?post=2"}],"version-history":[{"count":5,"href":"https:\/\/melbet.plus\/az\/wp-json\/wp\/v2\/pages\/2\/revisions"}],"predecessor-version":[{"id":1398,"href":"https:\/\/melbet.plus\/az\/wp-json\/wp\/v2\/pages\/2\/revisions\/1398"}],"wp:attachment":[{"href":"https:\/\/melbet.plus\/az\/wp-json\/wp\/v2\/media?parent=2"}],"curies":[{"name":"wp","href":"https:\/\/api.w.org\/{rel}","templated":true}]}}