{"id":152,"date":"2024-05-18T17:39:43","date_gmt":"2024-05-18T17:39:43","guid":{"rendered":"https:\/\/melbet.plus\/az\/?page_id=152"},"modified":"2026-04-21T14:55:06","modified_gmt":"2026-04-21T14:55:06","slug":"bonus","status":"publish","type":"page","link":"https:\/\/melbet.plus\/az\/bonus\/","title":{"rendered":"Bonuslar"},"content":{"rendered":"","protected":false},"excerpt":{"rendered":"","protected":false},"author":1,"featured_media":0,"parent":0,"menu_order":0,"comment_status":"closed","ping_status":"closed","template":"","meta":{"inline_featured_image":false,"footnotes":""},"class_list":["post-152","page","type-page","status-publish","hentry"],"yoast_head":"<!-- This site is optimized with the Yoast SEO plugin v27.4 - https:\/\/yoast.com\/product\/yoast-seo-wordpress\/ -->\n<title>Melbet Bonusu | \u0130lk Depozit v\u0259 Qeydiyyat Bonuslar\u0131<\/title>\n<meta name=\"description\" content=\"Melbet, bukmeker xidm\u0259tl\u0259rini v\u0259 kazino oyunlar\u0131n\u0131 s\u0131namaq ist\u0259y\u0259n b\u00fct\u00fcn yeni oyun\u00e7ulara 100%-\u0259 q\u0259d\u0259r xo\u015f g\u0259ldin bonusu t\u0259klif edir \ud83d\uddf8 B\u00fct\u00fcn Real Melbet Kampaniyalar\u0131\" \/>\n<meta name=\"robots\" content=\"index, follow, max-snippet:-1, max-image-preview:large, max-video-preview:-1\" \/>\n<meta property=\"og:locale\" content=\"az_AZ\" \/>\n<meta property=\"og:type\" content=\"article\" \/>\n<meta property=\"og:title\" content=\"Melbet Bonusu | \u0130lk Depozit v\u0259 Qeydiyyat Bonuslar\u0131\" \/>\n<meta property=\"og:description\" content=\"Melbet, bukmeker xidm\u0259tl\u0259rini v\u0259 kazino oyunlar\u0131n\u0131 s\u0131namaq ist\u0259y\u0259n b\u00fct\u00fcn yeni oyun\u00e7ulara 100%-\u0259 q\u0259d\u0259r xo\u015f g\u0259ldin bonusu t\u0259klif edir \ud83d\uddf8 B\u00fct\u00fcn Real Melbet Kampaniyalar\u0131\" \/>\n<meta property=\"og:url\" content=\"https:\/\/melbet.plus\/az\/bonus\/\" \/>\n<meta property=\"og:site_name\" content=\"Melbet az\" \/>\n<meta property=\"article:modified_time\" content=\"2026-04-21T14:55:06+00:00\" \/>\n<meta name=\"twitter:card\" content=\"summary_large_image\" \/>\n<script type=\"application\/ld+json\" class=\"yoast-schema-graph\">{\"@context\":\"https:\\\/\\\/schema.org\",\"@graph\":[{\"@type\":\"WebPage\",\"@id\":\"https:\\\/\\\/melbet.plus\\\/az\\\/bonus\\\/\",\"url\":\"https:\\\/\\\/melbet.plus\\\/az\\\/bonus\\\/\",\"name\":\"Melbet Bonusu | \u0130lk Depozit v\u0259 Qeydiyyat Bonuslar\u0131\",\"isPartOf\":{\"@id\":\"https:\\\/\\\/melbet.plus\\\/az\\\/#website\"},\"datePublished\":\"2024-05-18T17:39:43+00:00\",\"dateModified\":\"2026-04-21T14:55:06+00:00\",\"description\":\"Melbet, bukmeker xidm\u0259tl\u0259rini v\u0259 kazino oyunlar\u0131n\u0131 s\u0131namaq ist\u0259y\u0259n b\u00fct\u00fcn yeni oyun\u00e7ulara 100%-\u0259 q\u0259d\u0259r xo\u015f g\u0259ldin bonusu t\u0259klif edir \ud83d\uddf8 B\u00fct\u00fcn Real Melbet Kampaniyalar\u0131\",\"breadcrumb\":{\"@id\":\"https:\\\/\\\/melbet.plus\\\/az\\\/bonus\\\/#breadcrumb\"},\"inLanguage\":\"az\",\"potentialAction\":[{\"@type\":\"ReadAction\",\"target\":[\"https:\\\/\\\/melbet.plus\\\/az\\\/bonus\\\/\"]}]},{\"@type\":\"BreadcrumbList\",\"@id\":\"https:\\\/\\\/melbet.plus\\\/az\\\/bonus\\\/#breadcrumb\",\"itemListElement\":[{\"@type\":\"ListItem\",\"position\":1,\"name\":\"Home\",\"item\":\"https:\\\/\\\/melbet.plus\\\/az\\\/\"},{\"@type\":\"ListItem\",\"position\":2,\"name\":\"Bonuslar\"}]},{\"@type\":\"WebSite\",\"@id\":\"https:\\\/\\\/melbet.plus\\\/az\\\/#website\",\"url\":\"https:\\\/\\\/melbet.plus\\\/az\\\/\",\"name\":\"Melbet az\",\"description\":\"My WordPress Blog\",\"potentialAction\":[{\"@type\":\"SearchAction\",\"target\":{\"@type\":\"EntryPoint\",\"urlTemplate\":\"https:\\\/\\\/melbet.plus\\\/az\\\/?s={search_term_string}\"},\"query-input\":{\"@type\":\"PropertyValueSpecification\",\"valueRequired\":true,\"valueName\":\"search_term_string\"}}],\"inLanguage\":\"az\"}]}<\/script>\n<!-- \/ Yoast SEO plugin. -->","yoast_head_json":{"title":"Melbet Bonusu | \u0130lk Depozit v\u0259 Qeydiyyat Bonuslar\u0131","description":"Melbet, bukmeker xidm\u0259tl\u0259rini v\u0259 kazino oyunlar\u0131n\u0131 s\u0131namaq ist\u0259y\u0259n b\u00fct\u00fcn yeni oyun\u00e7ulara 100%-\u0259 q\u0259d\u0259r xo\u015f g\u0259ldin bonusu t\u0259klif edir \ud83d\uddf8 B\u00fct\u00fcn Real Melbet Kampaniyalar\u0131","robots":{"index":"index","follow":"follow","max-snippet":"max-snippet:-1","max-image-preview":"max-image-preview:large","max-video-preview":"max-video-preview:-1"},"og_locale":"az_AZ","og_type":"article","og_title":"Melbet Bonusu | \u0130lk Depozit v\u0259 Qeydiyyat Bonuslar\u0131","og_description":"Melbet, bukmeker xidm\u0259tl\u0259rini v\u0259 kazino oyunlar\u0131n\u0131 s\u0131namaq ist\u0259y\u0259n b\u00fct\u00fcn yeni oyun\u00e7ulara 100%-\u0259 q\u0259d\u0259r xo\u015f g\u0259ldin bonusu t\u0259klif edir \ud83d\uddf8 B\u00fct\u00fcn Real Melbet Kampaniyalar\u0131","og_url":"https:\/\/melbet.plus\/az\/bonus\/","og_site_name":"Melbet az","article_modified_time":"2026-04-21T14:55:06+00:00","twitter_card":"summary_large_image","schema":{"@context":"https:\/\/schema.org","@graph":[{"@type":"WebPage","@id":"https:\/\/melbet.plus\/az\/bonus\/","url":"https:\/\/melbet.plus\/az\/bonus\/","name":"Melbet Bonusu | \u0130lk Depozit v\u0259 Qeydiyyat Bonuslar\u0131","isPartOf":{"@id":"https:\/\/melbet.plus\/az\/#website"},"datePublished":"2024-05-18T17:39:43+00:00","dateModified":"2026-04-21T14:55:06+00:00","description":"Melbet, bukmeker xidm\u0259tl\u0259rini v\u0259 kazino oyunlar\u0131n\u0131 s\u0131namaq ist\u0259y\u0259n b\u00fct\u00fcn yeni oyun\u00e7ulara 100%-\u0259 q\u0259d\u0259r xo\u015f g\u0259ldin bonusu t\u0259klif edir \ud83d\uddf8 B\u00fct\u00fcn Real Melbet Kampaniyalar\u0131","breadcrumb":{"@id":"https:\/\/melbet.plus\/az\/bonus\/#breadcrumb"},"inLanguage":"az","potentialAction":[{"@type":"ReadAction","target":["https:\/\/melbet.plus\/az\/bonus\/"]}]},{"@type":"BreadcrumbList","@id":"https:\/\/melbet.plus\/az\/bonus\/#breadcrumb","itemListElement":[{"@type":"ListItem","position":1,"name":"Home","item":"https:\/\/melbet.plus\/az\/"},{"@type":"ListItem","position":2,"name":"Bonuslar"}]},{"@type":"WebSite","@id":"https:\/\/melbet.plus\/az\/#website","url":"https:\/\/melbet.plus\/az\/","name":"Melbet az","description":"My WordPress Blog","potentialAction":[{"@type":"SearchAction","target":{"@type":"EntryPoint","urlTemplate":"https:\/\/melbet.plus\/az\/?s={search_term_string}"},"query-input":{"@type":"PropertyValueSpecification","valueRequired":true,"valueName":"search_term_string"}}],"inLanguage":"az"}]}},"_links":{"self":[{"href":"https:\/\/melbet.plus\/az\/wp-json\/wp\/v2\/pages\/152","targetHints":{"allow":["GET"]}}],"collection":[{"href":"https:\/\/melbet.plus\/az\/wp-json\/wp\/v2\/pages"}],"about":[{"href":"https:\/\/melbet.plus\/az\/wp-json\/wp\/v2\/types\/page"}],"author":[{"embeddable":true,"href":"https:\/\/melbet.plus\/az\/wp-json\/wp\/v2\/users\/1"}],"replies":[{"embeddable":true,"href":"https:\/\/melbet.plus\/az\/wp-json\/wp\/v2\/comments?post=152"}],"version-history":[{"count":5,"href":"https:\/\/melbet.plus\/az\/wp-json\/wp\/v2\/pages\/152\/revisions"}],"predecessor-version":[{"id":1345,"href":"https:\/\/melbet.plus\/az\/wp-json\/wp\/v2\/pages\/152\/revisions\/1345"}],"wp:attachment":[{"href":"https:\/\/melbet.plus\/az\/wp-json\/wp\/v2\/media?parent=152"}],"curies":[{"name":"wp","href":"https:\/\/api.w.org\/{rel}","templated":true}]}}