{"id":1327,"date":"2026-04-17T09:33:39","date_gmt":"2026-04-17T09:33:39","guid":{"rendered":"https:\/\/melbet.plus\/az\/?page_id=1327"},"modified":"2026-04-22T09:25:50","modified_gmt":"2026-04-22T09:25:50","slug":"contacts","status":"publish","type":"page","link":"https:\/\/melbet.plus\/az\/contacts\/","title":{"rendered":"\u018flaq\u0259"},"content":{"rendered":"","protected":false},"excerpt":{"rendered":"","protected":false},"author":1,"featured_media":0,"parent":0,"menu_order":0,"comment_status":"closed","ping_status":"closed","template":"","meta":{"inline_featured_image":false,"footnotes":""},"class_list":["post-1327","page","type-page","status-publish","hentry"],"yoast_head":"<!-- This site is optimized with the Yoast SEO plugin v27.4 - https:\/\/yoast.com\/product\/yoast-seo-wordpress\/ -->\n<title>MelBet \u018flaq\u0259 M\u0259lumatlar\u0131 \u2014 24\/7 m\u00fc\u015ft\u0259ri d\u0259st\u0259yi<\/title>\n<meta name=\"description\" content=\"MelBet d\u0259st\u0259k komandas\u0131 il\u0259 24\/7 \u0259laq\u0259 saxlay\u0131n: \u0259n son elektron po\u00e7t \u00fcnvan\u0131m\u0131z, canl\u0131 s\u00f6hb\u0259t v\u0259 tez-tez veril\u0259n suallara cavablar. Hesab\u0131n\u0131z, \u00f6d\u0259ni\u015fl\u0259riniz v\u0259 oyunlar\u0131n\u0131zla ba\u011fl\u0131 tez bir zamanda k\u00f6m\u0259k al\u0131n.\" \/>\n<meta name=\"robots\" content=\"index, follow, max-snippet:-1, max-image-preview:large, max-video-preview:-1\" \/>\n<meta property=\"og:locale\" content=\"az_AZ\" \/>\n<meta property=\"og:type\" content=\"article\" \/>\n<meta property=\"og:title\" content=\"MelBet \u018flaq\u0259 M\u0259lumatlar\u0131 \u2014 24\/7 m\u00fc\u015ft\u0259ri d\u0259st\u0259yi\" \/>\n<meta property=\"og:description\" content=\"MelBet d\u0259st\u0259k komandas\u0131 il\u0259 24\/7 \u0259laq\u0259 saxlay\u0131n: \u0259n son elektron po\u00e7t \u00fcnvan\u0131m\u0131z, canl\u0131 s\u00f6hb\u0259t v\u0259 tez-tez veril\u0259n suallara cavablar. Hesab\u0131n\u0131z, \u00f6d\u0259ni\u015fl\u0259riniz v\u0259 oyunlar\u0131n\u0131zla ba\u011fl\u0131 tez bir zamanda k\u00f6m\u0259k al\u0131n.\" \/>\n<meta property=\"og:url\" content=\"https:\/\/melbet.plus\/az\/contacts\/\" \/>\n<meta property=\"og:site_name\" content=\"Melbet az\" \/>\n<meta property=\"article:modified_time\" content=\"2026-04-22T09:25:50+00:00\" \/>\n<meta name=\"twitter:card\" content=\"summary_large_image\" \/>\n<script type=\"application\/ld+json\" class=\"yoast-schema-graph\">{\"@context\":\"https:\\\/\\\/schema.org\",\"@graph\":[{\"@type\":\"WebPage\",\"@id\":\"https:\\\/\\\/melbet.plus\\\/az\\\/contacts\\\/\",\"url\":\"https:\\\/\\\/melbet.plus\\\/az\\\/contacts\\\/\",\"name\":\"MelBet \u018flaq\u0259 M\u0259lumatlar\u0131 \u2014 24\\\/7 m\u00fc\u015ft\u0259ri d\u0259st\u0259yi\",\"isPartOf\":{\"@id\":\"https:\\\/\\\/melbet.plus\\\/az\\\/#website\"},\"datePublished\":\"2026-04-17T09:33:39+00:00\",\"dateModified\":\"2026-04-22T09:25:50+00:00\",\"description\":\"MelBet d\u0259st\u0259k komandas\u0131 il\u0259 24\\\/7 \u0259laq\u0259 saxlay\u0131n: \u0259n son elektron po\u00e7t \u00fcnvan\u0131m\u0131z, canl\u0131 s\u00f6hb\u0259t v\u0259 tez-tez veril\u0259n suallara cavablar. Hesab\u0131n\u0131z, \u00f6d\u0259ni\u015fl\u0259riniz v\u0259 oyunlar\u0131n\u0131zla ba\u011fl\u0131 tez bir zamanda k\u00f6m\u0259k al\u0131n.\",\"breadcrumb\":{\"@id\":\"https:\\\/\\\/melbet.plus\\\/az\\\/contacts\\\/#breadcrumb\"},\"inLanguage\":\"az\",\"potentialAction\":[{\"@type\":\"ReadAction\",\"target\":[\"https:\\\/\\\/melbet.plus\\\/az\\\/contacts\\\/\"]}]},{\"@type\":\"BreadcrumbList\",\"@id\":\"https:\\\/\\\/melbet.plus\\\/az\\\/contacts\\\/#breadcrumb\",\"itemListElement\":[{\"@type\":\"ListItem\",\"position\":1,\"name\":\"Home\",\"item\":\"https:\\\/\\\/melbet.plus\\\/az\\\/\"},{\"@type\":\"ListItem\",\"position\":2,\"name\":\"\u018flaq\u0259\"}]},{\"@type\":\"WebSite\",\"@id\":\"https:\\\/\\\/melbet.plus\\\/az\\\/#website\",\"url\":\"https:\\\/\\\/melbet.plus\\\/az\\\/\",\"name\":\"Melbet az\",\"description\":\"My WordPress Blog\",\"potentialAction\":[{\"@type\":\"SearchAction\",\"target\":{\"@type\":\"EntryPoint\",\"urlTemplate\":\"https:\\\/\\\/melbet.plus\\\/az\\\/?s={search_term_string}\"},\"query-input\":{\"@type\":\"PropertyValueSpecification\",\"valueRequired\":true,\"valueName\":\"search_term_string\"}}],\"inLanguage\":\"az\"}]}<\/script>\n<!-- \/ Yoast SEO plugin. -->","yoast_head_json":{"title":"MelBet \u018flaq\u0259 M\u0259lumatlar\u0131 \u2014 24\/7 m\u00fc\u015ft\u0259ri d\u0259st\u0259yi","description":"MelBet d\u0259st\u0259k komandas\u0131 il\u0259 24\/7 \u0259laq\u0259 saxlay\u0131n: \u0259n son elektron po\u00e7t \u00fcnvan\u0131m\u0131z, canl\u0131 s\u00f6hb\u0259t v\u0259 tez-tez veril\u0259n suallara cavablar. Hesab\u0131n\u0131z, \u00f6d\u0259ni\u015fl\u0259riniz v\u0259 oyunlar\u0131n\u0131zla ba\u011fl\u0131 tez bir zamanda k\u00f6m\u0259k al\u0131n.","robots":{"index":"index","follow":"follow","max-snippet":"max-snippet:-1","max-image-preview":"max-image-preview:large","max-video-preview":"max-video-preview:-1"},"og_locale":"az_AZ","og_type":"article","og_title":"MelBet \u018flaq\u0259 M\u0259lumatlar\u0131 \u2014 24\/7 m\u00fc\u015ft\u0259ri d\u0259st\u0259yi","og_description":"MelBet d\u0259st\u0259k komandas\u0131 il\u0259 24\/7 \u0259laq\u0259 saxlay\u0131n: \u0259n son elektron po\u00e7t \u00fcnvan\u0131m\u0131z, canl\u0131 s\u00f6hb\u0259t v\u0259 tez-tez veril\u0259n suallara cavablar. Hesab\u0131n\u0131z, \u00f6d\u0259ni\u015fl\u0259riniz v\u0259 oyunlar\u0131n\u0131zla ba\u011fl\u0131 tez bir zamanda k\u00f6m\u0259k al\u0131n.","og_url":"https:\/\/melbet.plus\/az\/contacts\/","og_site_name":"Melbet az","article_modified_time":"2026-04-22T09:25:50+00:00","twitter_card":"summary_large_image","schema":{"@context":"https:\/\/schema.org","@graph":[{"@type":"WebPage","@id":"https:\/\/melbet.plus\/az\/contacts\/","url":"https:\/\/melbet.plus\/az\/contacts\/","name":"MelBet \u018flaq\u0259 M\u0259lumatlar\u0131 \u2014 24\/7 m\u00fc\u015ft\u0259ri d\u0259st\u0259yi","isPartOf":{"@id":"https:\/\/melbet.plus\/az\/#website"},"datePublished":"2026-04-17T09:33:39+00:00","dateModified":"2026-04-22T09:25:50+00:00","description":"MelBet d\u0259st\u0259k komandas\u0131 il\u0259 24\/7 \u0259laq\u0259 saxlay\u0131n: \u0259n son elektron po\u00e7t \u00fcnvan\u0131m\u0131z, canl\u0131 s\u00f6hb\u0259t v\u0259 tez-tez veril\u0259n suallara cavablar. Hesab\u0131n\u0131z, \u00f6d\u0259ni\u015fl\u0259riniz v\u0259 oyunlar\u0131n\u0131zla ba\u011fl\u0131 tez bir zamanda k\u00f6m\u0259k al\u0131n.","breadcrumb":{"@id":"https:\/\/melbet.plus\/az\/contacts\/#breadcrumb"},"inLanguage":"az","potentialAction":[{"@type":"ReadAction","target":["https:\/\/melbet.plus\/az\/contacts\/"]}]},{"@type":"BreadcrumbList","@id":"https:\/\/melbet.plus\/az\/contacts\/#breadcrumb","itemListElement":[{"@type":"ListItem","position":1,"name":"Home","item":"https:\/\/melbet.plus\/az\/"},{"@type":"ListItem","position":2,"name":"\u018flaq\u0259"}]},{"@type":"WebSite","@id":"https:\/\/melbet.plus\/az\/#website","url":"https:\/\/melbet.plus\/az\/","name":"Melbet az","description":"My WordPress Blog","potentialAction":[{"@type":"SearchAction","target":{"@type":"EntryPoint","urlTemplate":"https:\/\/melbet.plus\/az\/?s={search_term_string}"},"query-input":{"@type":"PropertyValueSpecification","valueRequired":true,"valueName":"search_term_string"}}],"inLanguage":"az"}]}},"_links":{"self":[{"href":"https:\/\/melbet.plus\/az\/wp-json\/wp\/v2\/pages\/1327","targetHints":{"allow":["GET"]}}],"collection":[{"href":"https:\/\/melbet.plus\/az\/wp-json\/wp\/v2\/pages"}],"about":[{"href":"https:\/\/melbet.plus\/az\/wp-json\/wp\/v2\/types\/page"}],"author":[{"embeddable":true,"href":"https:\/\/melbet.plus\/az\/wp-json\/wp\/v2\/users\/1"}],"replies":[{"embeddable":true,"href":"https:\/\/melbet.plus\/az\/wp-json\/wp\/v2\/comments?post=1327"}],"version-history":[{"count":4,"href":"https:\/\/melbet.plus\/az\/wp-json\/wp\/v2\/pages\/1327\/revisions"}],"predecessor-version":[{"id":1388,"href":"https:\/\/melbet.plus\/az\/wp-json\/wp\/v2\/pages\/1327\/revisions\/1388"}],"wp:attachment":[{"href":"https:\/\/melbet.plus\/az\/wp-json\/wp\/v2\/media?parent=1327"}],"curies":[{"name":"wp","href":"https:\/\/api.w.org\/{rel}","templated":true}]}}