{"id":1294,"date":"2026-04-17T06:19:55","date_gmt":"2026-04-17T06:19:55","guid":{"rendered":"https:\/\/melbet.plus\/az\/?page_id=1294"},"modified":"2026-04-22T13:27:14","modified_gmt":"2026-04-22T13:27:14","slug":"telegram","status":"publish","type":"page","link":"https:\/\/melbet.plus\/az\/telegram\/","title":{"rendered":"Telegram"},"content":{"rendered":"","protected":false},"excerpt":{"rendered":"","protected":false},"author":1,"featured_media":0,"parent":0,"menu_order":0,"comment_status":"closed","ping_status":"closed","template":"","meta":{"inline_featured_image":false,"footnotes":""},"class_list":["post-1294","page","type-page","status-publish","hentry"],"yoast_head":"<!-- This site is optimized with the Yoast SEO plugin v27.4 - https:\/\/yoast.com\/product\/yoast-seo-wordpress\/ -->\n<title>MelBet Telegram kanal\u0131 \u2014 \u018fn son bonuslar v\u0259 promo kodlar<\/title>\n<meta name=\"description\" content=\"Ekskl\u00fcziv promo kodlar\u0131, x\u00fcsusi t\u0259klifl\u0259r v\u0259 m\u0259rc proqnozlar\u0131 \u00fc\u00e7\u00fcn MelBet Telegram kanal\u0131na abun\u0259 olun \u2014 Aprel 2026\" \/>\n<meta name=\"robots\" content=\"index, follow, max-snippet:-1, max-image-preview:large, max-video-preview:-1\" \/>\n<meta property=\"og:locale\" content=\"az_AZ\" \/>\n<meta property=\"og:type\" content=\"article\" \/>\n<meta property=\"og:title\" content=\"MelBet Telegram kanal\u0131 \u2014 \u018fn son bonuslar v\u0259 promo kodlar\" \/>\n<meta property=\"og:description\" content=\"Ekskl\u00fcziv promo kodlar\u0131, x\u00fcsusi t\u0259klifl\u0259r v\u0259 m\u0259rc proqnozlar\u0131 \u00fc\u00e7\u00fcn MelBet Telegram kanal\u0131na abun\u0259 olun \u2014 Aprel 2026\" \/>\n<meta property=\"og:url\" content=\"https:\/\/melbet.plus\/az\/telegram\/\" \/>\n<meta property=\"og:site_name\" content=\"Melbet az\" \/>\n<meta property=\"article:modified_time\" content=\"2026-04-22T13:27:14+00:00\" \/>\n<meta name=\"twitter:card\" content=\"summary_large_image\" \/>\n<script type=\"application\/ld+json\" class=\"yoast-schema-graph\">{\"@context\":\"https:\\\/\\\/schema.org\",\"@graph\":[{\"@type\":\"WebPage\",\"@id\":\"https:\\\/\\\/melbet.plus\\\/az\\\/telegram\\\/\",\"url\":\"https:\\\/\\\/melbet.plus\\\/az\\\/telegram\\\/\",\"name\":\"MelBet Telegram kanal\u0131 \u2014 \u018fn son bonuslar v\u0259 promo kodlar\",\"isPartOf\":{\"@id\":\"https:\\\/\\\/melbet.plus\\\/az\\\/#website\"},\"datePublished\":\"2026-04-17T06:19:55+00:00\",\"dateModified\":\"2026-04-22T13:27:14+00:00\",\"description\":\"Ekskl\u00fcziv promo kodlar\u0131, x\u00fcsusi t\u0259klifl\u0259r v\u0259 m\u0259rc proqnozlar\u0131 \u00fc\u00e7\u00fcn MelBet Telegram kanal\u0131na abun\u0259 olun \u2014 Aprel 2026\",\"breadcrumb\":{\"@id\":\"https:\\\/\\\/melbet.plus\\\/az\\\/telegram\\\/#breadcrumb\"},\"inLanguage\":\"az\",\"potentialAction\":[{\"@type\":\"ReadAction\",\"target\":[\"https:\\\/\\\/melbet.plus\\\/az\\\/telegram\\\/\"]}]},{\"@type\":\"BreadcrumbList\",\"@id\":\"https:\\\/\\\/melbet.plus\\\/az\\\/telegram\\\/#breadcrumb\",\"itemListElement\":[{\"@type\":\"ListItem\",\"position\":1,\"name\":\"Home\",\"item\":\"https:\\\/\\\/melbet.plus\\\/az\\\/\"},{\"@type\":\"ListItem\",\"position\":2,\"name\":\"Telegram\"}]},{\"@type\":\"WebSite\",\"@id\":\"https:\\\/\\\/melbet.plus\\\/az\\\/#website\",\"url\":\"https:\\\/\\\/melbet.plus\\\/az\\\/\",\"name\":\"Melbet az\",\"description\":\"My WordPress Blog\",\"potentialAction\":[{\"@type\":\"SearchAction\",\"target\":{\"@type\":\"EntryPoint\",\"urlTemplate\":\"https:\\\/\\\/melbet.plus\\\/az\\\/?s={search_term_string}\"},\"query-input\":{\"@type\":\"PropertyValueSpecification\",\"valueRequired\":true,\"valueName\":\"search_term_string\"}}],\"inLanguage\":\"az\"}]}<\/script>\n<!-- \/ Yoast SEO plugin. -->","yoast_head_json":{"title":"MelBet Telegram kanal\u0131 \u2014 \u018fn son bonuslar v\u0259 promo kodlar","description":"Ekskl\u00fcziv promo kodlar\u0131, x\u00fcsusi t\u0259klifl\u0259r v\u0259 m\u0259rc proqnozlar\u0131 \u00fc\u00e7\u00fcn MelBet Telegram kanal\u0131na abun\u0259 olun \u2014 Aprel 2026","robots":{"index":"index","follow":"follow","max-snippet":"max-snippet:-1","max-image-preview":"max-image-preview:large","max-video-preview":"max-video-preview:-1"},"og_locale":"az_AZ","og_type":"article","og_title":"MelBet Telegram kanal\u0131 \u2014 \u018fn son bonuslar v\u0259 promo kodlar","og_description":"Ekskl\u00fcziv promo kodlar\u0131, x\u00fcsusi t\u0259klifl\u0259r v\u0259 m\u0259rc proqnozlar\u0131 \u00fc\u00e7\u00fcn MelBet Telegram kanal\u0131na abun\u0259 olun \u2014 Aprel 2026","og_url":"https:\/\/melbet.plus\/az\/telegram\/","og_site_name":"Melbet az","article_modified_time":"2026-04-22T13:27:14+00:00","twitter_card":"summary_large_image","schema":{"@context":"https:\/\/schema.org","@graph":[{"@type":"WebPage","@id":"https:\/\/melbet.plus\/az\/telegram\/","url":"https:\/\/melbet.plus\/az\/telegram\/","name":"MelBet Telegram kanal\u0131 \u2014 \u018fn son bonuslar v\u0259 promo kodlar","isPartOf":{"@id":"https:\/\/melbet.plus\/az\/#website"},"datePublished":"2026-04-17T06:19:55+00:00","dateModified":"2026-04-22T13:27:14+00:00","description":"Ekskl\u00fcziv promo kodlar\u0131, x\u00fcsusi t\u0259klifl\u0259r v\u0259 m\u0259rc proqnozlar\u0131 \u00fc\u00e7\u00fcn MelBet Telegram kanal\u0131na abun\u0259 olun \u2014 Aprel 2026","breadcrumb":{"@id":"https:\/\/melbet.plus\/az\/telegram\/#breadcrumb"},"inLanguage":"az","potentialAction":[{"@type":"ReadAction","target":["https:\/\/melbet.plus\/az\/telegram\/"]}]},{"@type":"BreadcrumbList","@id":"https:\/\/melbet.plus\/az\/telegram\/#breadcrumb","itemListElement":[{"@type":"ListItem","position":1,"name":"Home","item":"https:\/\/melbet.plus\/az\/"},{"@type":"ListItem","position":2,"name":"Telegram"}]},{"@type":"WebSite","@id":"https:\/\/melbet.plus\/az\/#website","url":"https:\/\/melbet.plus\/az\/","name":"Melbet az","description":"My WordPress Blog","potentialAction":[{"@type":"SearchAction","target":{"@type":"EntryPoint","urlTemplate":"https:\/\/melbet.plus\/az\/?s={search_term_string}"},"query-input":{"@type":"PropertyValueSpecification","valueRequired":true,"valueName":"search_term_string"}}],"inLanguage":"az"}]}},"_links":{"self":[{"href":"https:\/\/melbet.plus\/az\/wp-json\/wp\/v2\/pages\/1294","targetHints":{"allow":["GET"]}}],"collection":[{"href":"https:\/\/melbet.plus\/az\/wp-json\/wp\/v2\/pages"}],"about":[{"href":"https:\/\/melbet.plus\/az\/wp-json\/wp\/v2\/types\/page"}],"author":[{"embeddable":true,"href":"https:\/\/melbet.plus\/az\/wp-json\/wp\/v2\/users\/1"}],"replies":[{"embeddable":true,"href":"https:\/\/melbet.plus\/az\/wp-json\/wp\/v2\/comments?post=1294"}],"version-history":[{"count":3,"href":"https:\/\/melbet.plus\/az\/wp-json\/wp\/v2\/pages\/1294\/revisions"}],"predecessor-version":[{"id":1411,"href":"https:\/\/melbet.plus\/az\/wp-json\/wp\/v2\/pages\/1294\/revisions\/1411"}],"wp:attachment":[{"href":"https:\/\/melbet.plus\/az\/wp-json\/wp\/v2\/media?parent=1294"}],"curies":[{"name":"wp","href":"https:\/\/api.w.org\/{rel}","templated":true}]}}