{"id":1273,"date":"2026-04-15T15:34:47","date_gmt":"2026-04-15T15:34:47","guid":{"rendered":"https:\/\/melbet.plus\/az\/?page_id=1273"},"modified":"2026-04-21T15:53:28","modified_gmt":"2026-04-21T15:53:28","slug":"casino-vip-cashback","status":"publish","type":"page","link":"https:\/\/melbet.plus\/az\/bonus\/casino-vip-cashback\/","title":{"rendered":"Kazino VIP-i na\u011fdla\u015fd\u0131r\u0131n"},"content":{"rendered":"","protected":false},"excerpt":{"rendered":"","protected":false},"author":1,"featured_media":0,"parent":152,"menu_order":0,"comment_status":"closed","ping_status":"closed","template":"","meta":{"inline_featured_image":false,"footnotes":""},"class_list":["post-1273","page","type-page","status-publish","hentry"],"yoast_head":"<!-- This site is optimized with the Yoast SEO plugin v27.4 - https:\/\/yoast.com\/product\/yoast-seo-wordpress\/ -->\n<title>Melbet Kazino VIP Ke\u015fbek \u2014 11%+ m\u0259\u011flubiyy\u0259t v\u0259 q\u0259l\u0259b\u0259<\/title>\n<meta name=\"description\" content=\"Melbet Kazinosunda VIP Ke\u015fbek \u2014 8 s\u0259viyy\u0259 (Mis 5% \u2192 Brilyant 11% \u2192 B\u00fct\u00fcn m\u0259rcl\u0259rd\u0259 VIP 0.05\u20130.25%): xal toplay\u0131n (2 AZN \u00fc\u00e7\u00fcn 100\u2013450), itkil\u0259r\/b\u00fct\u00fcn m\u0259rcl\u0259rd\u0259 VIP ke\u015fbek \u0259ld\u0259 etm\u0259k \u00fc\u00e7\u00fcn s\u0259viyy\u0259nizi art\u0131r\u0131n. H\u0259ft\u0259lik \u00f6d\u0259ni\u015fl\u0259r, ekskl\u00fcziv t\u0259klifl\u0259r, \u015f\u0259xsi menecer \u2014 daha aktiv oynay\u0131n, daha \u00e7ox geri al\u0131n!\" \/>\n<meta name=\"robots\" content=\"index, follow, max-snippet:-1, max-image-preview:large, max-video-preview:-1\" \/>\n<meta property=\"og:locale\" content=\"az_AZ\" \/>\n<meta property=\"og:type\" content=\"article\" \/>\n<meta property=\"og:title\" content=\"Melbet Kazino VIP Ke\u015fbek \u2014 11%+ m\u0259\u011flubiyy\u0259t v\u0259 q\u0259l\u0259b\u0259\" \/>\n<meta property=\"og:description\" content=\"Melbet Kazinosunda VIP Ke\u015fbek \u2014 8 s\u0259viyy\u0259 (Mis 5% \u2192 Brilyant 11% \u2192 B\u00fct\u00fcn m\u0259rcl\u0259rd\u0259 VIP 0.05\u20130.25%): xal toplay\u0131n (2 AZN \u00fc\u00e7\u00fcn 100\u2013450), itkil\u0259r\/b\u00fct\u00fcn m\u0259rcl\u0259rd\u0259 VIP ke\u015fbek \u0259ld\u0259 etm\u0259k \u00fc\u00e7\u00fcn s\u0259viyy\u0259nizi art\u0131r\u0131n. H\u0259ft\u0259lik \u00f6d\u0259ni\u015fl\u0259r, ekskl\u00fcziv t\u0259klifl\u0259r, \u015f\u0259xsi menecer \u2014 daha aktiv oynay\u0131n, daha \u00e7ox geri al\u0131n!\" \/>\n<meta property=\"og:url\" content=\"https:\/\/melbet.plus\/az\/bonus\/casino-vip-cashback\/\" \/>\n<meta property=\"og:site_name\" content=\"Melbet az\" \/>\n<meta property=\"article:modified_time\" content=\"2026-04-21T15:53:28+00:00\" \/>\n<meta name=\"twitter:card\" content=\"summary_large_image\" \/>\n<script type=\"application\/ld+json\" class=\"yoast-schema-graph\">{\"@context\":\"https:\\\/\\\/schema.org\",\"@graph\":[{\"@type\":\"WebPage\",\"@id\":\"https:\\\/\\\/melbet.plus\\\/az\\\/bonus\\\/casino-vip-cashback\\\/\",\"url\":\"https:\\\/\\\/melbet.plus\\\/az\\\/bonus\\\/casino-vip-cashback\\\/\",\"name\":\"Melbet Kazino VIP Ke\u015fbek \u2014 11%+ m\u0259\u011flubiyy\u0259t v\u0259 q\u0259l\u0259b\u0259\",\"isPartOf\":{\"@id\":\"https:\\\/\\\/melbet.plus\\\/az\\\/#website\"},\"datePublished\":\"2026-04-15T15:34:47+00:00\",\"dateModified\":\"2026-04-21T15:53:28+00:00\",\"description\":\"Melbet Kazinosunda VIP Ke\u015fbek \u2014 8 s\u0259viyy\u0259 (Mis 5% \u2192 Brilyant 11% \u2192 B\u00fct\u00fcn m\u0259rcl\u0259rd\u0259 VIP 0.05\u20130.25%): xal toplay\u0131n (2 AZN \u00fc\u00e7\u00fcn 100\u2013450), itkil\u0259r\\\/b\u00fct\u00fcn m\u0259rcl\u0259rd\u0259 VIP ke\u015fbek \u0259ld\u0259 etm\u0259k \u00fc\u00e7\u00fcn s\u0259viyy\u0259nizi art\u0131r\u0131n. H\u0259ft\u0259lik \u00f6d\u0259ni\u015fl\u0259r, ekskl\u00fcziv t\u0259klifl\u0259r, \u015f\u0259xsi menecer \u2014 daha aktiv oynay\u0131n, daha \u00e7ox geri al\u0131n!\",\"breadcrumb\":{\"@id\":\"https:\\\/\\\/melbet.plus\\\/az\\\/bonus\\\/casino-vip-cashback\\\/#breadcrumb\"},\"inLanguage\":\"az\",\"potentialAction\":[{\"@type\":\"ReadAction\",\"target\":[\"https:\\\/\\\/melbet.plus\\\/az\\\/bonus\\\/casino-vip-cashback\\\/\"]}]},{\"@type\":\"BreadcrumbList\",\"@id\":\"https:\\\/\\\/melbet.plus\\\/az\\\/bonus\\\/casino-vip-cashback\\\/#breadcrumb\",\"itemListElement\":[{\"@type\":\"ListItem\",\"position\":1,\"name\":\"Home\",\"item\":\"https:\\\/\\\/melbet.plus\\\/az\\\/\"},{\"@type\":\"ListItem\",\"position\":2,\"name\":\"Bonuslar\",\"item\":\"https:\\\/\\\/melbet.plus\\\/az\\\/bonus\\\/\"},{\"@type\":\"ListItem\",\"position\":3,\"name\":\"Kazino VIP-i na\u011fdla\u015fd\u0131r\u0131n\"}]},{\"@type\":\"WebSite\",\"@id\":\"https:\\\/\\\/melbet.plus\\\/az\\\/#website\",\"url\":\"https:\\\/\\\/melbet.plus\\\/az\\\/\",\"name\":\"Melbet az\",\"description\":\"My WordPress Blog\",\"potentialAction\":[{\"@type\":\"SearchAction\",\"target\":{\"@type\":\"EntryPoint\",\"urlTemplate\":\"https:\\\/\\\/melbet.plus\\\/az\\\/?s={search_term_string}\"},\"query-input\":{\"@type\":\"PropertyValueSpecification\",\"valueRequired\":true,\"valueName\":\"search_term_string\"}}],\"inLanguage\":\"az\"}]}<\/script>\n<!-- \/ Yoast SEO plugin. -->","yoast_head_json":{"title":"Melbet Kazino VIP Ke\u015fbek \u2014 11%+ m\u0259\u011flubiyy\u0259t v\u0259 q\u0259l\u0259b\u0259","description":"Melbet Kazinosunda VIP Ke\u015fbek \u2014 8 s\u0259viyy\u0259 (Mis 5% \u2192 Brilyant 11% \u2192 B\u00fct\u00fcn m\u0259rcl\u0259rd\u0259 VIP 0.05\u20130.25%): xal toplay\u0131n (2 AZN \u00fc\u00e7\u00fcn 100\u2013450), itkil\u0259r\/b\u00fct\u00fcn m\u0259rcl\u0259rd\u0259 VIP ke\u015fbek \u0259ld\u0259 etm\u0259k \u00fc\u00e7\u00fcn s\u0259viyy\u0259nizi art\u0131r\u0131n. H\u0259ft\u0259lik \u00f6d\u0259ni\u015fl\u0259r, ekskl\u00fcziv t\u0259klifl\u0259r, \u015f\u0259xsi menecer \u2014 daha aktiv oynay\u0131n, daha \u00e7ox geri al\u0131n!","robots":{"index":"index","follow":"follow","max-snippet":"max-snippet:-1","max-image-preview":"max-image-preview:large","max-video-preview":"max-video-preview:-1"},"og_locale":"az_AZ","og_type":"article","og_title":"Melbet Kazino VIP Ke\u015fbek \u2014 11%+ m\u0259\u011flubiyy\u0259t v\u0259 q\u0259l\u0259b\u0259","og_description":"Melbet Kazinosunda VIP Ke\u015fbek \u2014 8 s\u0259viyy\u0259 (Mis 5% \u2192 Brilyant 11% \u2192 B\u00fct\u00fcn m\u0259rcl\u0259rd\u0259 VIP 0.05\u20130.25%): xal toplay\u0131n (2 AZN \u00fc\u00e7\u00fcn 100\u2013450), itkil\u0259r\/b\u00fct\u00fcn m\u0259rcl\u0259rd\u0259 VIP ke\u015fbek \u0259ld\u0259 etm\u0259k \u00fc\u00e7\u00fcn s\u0259viyy\u0259nizi art\u0131r\u0131n. H\u0259ft\u0259lik \u00f6d\u0259ni\u015fl\u0259r, ekskl\u00fcziv t\u0259klifl\u0259r, \u015f\u0259xsi menecer \u2014 daha aktiv oynay\u0131n, daha \u00e7ox geri al\u0131n!","og_url":"https:\/\/melbet.plus\/az\/bonus\/casino-vip-cashback\/","og_site_name":"Melbet az","article_modified_time":"2026-04-21T15:53:28+00:00","twitter_card":"summary_large_image","schema":{"@context":"https:\/\/schema.org","@graph":[{"@type":"WebPage","@id":"https:\/\/melbet.plus\/az\/bonus\/casino-vip-cashback\/","url":"https:\/\/melbet.plus\/az\/bonus\/casino-vip-cashback\/","name":"Melbet Kazino VIP Ke\u015fbek \u2014 11%+ m\u0259\u011flubiyy\u0259t v\u0259 q\u0259l\u0259b\u0259","isPartOf":{"@id":"https:\/\/melbet.plus\/az\/#website"},"datePublished":"2026-04-15T15:34:47+00:00","dateModified":"2026-04-21T15:53:28+00:00","description":"Melbet Kazinosunda VIP Ke\u015fbek \u2014 8 s\u0259viyy\u0259 (Mis 5% \u2192 Brilyant 11% \u2192 B\u00fct\u00fcn m\u0259rcl\u0259rd\u0259 VIP 0.05\u20130.25%): xal toplay\u0131n (2 AZN \u00fc\u00e7\u00fcn 100\u2013450), itkil\u0259r\/b\u00fct\u00fcn m\u0259rcl\u0259rd\u0259 VIP ke\u015fbek \u0259ld\u0259 etm\u0259k \u00fc\u00e7\u00fcn s\u0259viyy\u0259nizi art\u0131r\u0131n. H\u0259ft\u0259lik \u00f6d\u0259ni\u015fl\u0259r, ekskl\u00fcziv t\u0259klifl\u0259r, \u015f\u0259xsi menecer \u2014 daha aktiv oynay\u0131n, daha \u00e7ox geri al\u0131n!","breadcrumb":{"@id":"https:\/\/melbet.plus\/az\/bonus\/casino-vip-cashback\/#breadcrumb"},"inLanguage":"az","potentialAction":[{"@type":"ReadAction","target":["https:\/\/melbet.plus\/az\/bonus\/casino-vip-cashback\/"]}]},{"@type":"BreadcrumbList","@id":"https:\/\/melbet.plus\/az\/bonus\/casino-vip-cashback\/#breadcrumb","itemListElement":[{"@type":"ListItem","position":1,"name":"Home","item":"https:\/\/melbet.plus\/az\/"},{"@type":"ListItem","position":2,"name":"Bonuslar","item":"https:\/\/melbet.plus\/az\/bonus\/"},{"@type":"ListItem","position":3,"name":"Kazino VIP-i na\u011fdla\u015fd\u0131r\u0131n"}]},{"@type":"WebSite","@id":"https:\/\/melbet.plus\/az\/#website","url":"https:\/\/melbet.plus\/az\/","name":"Melbet az","description":"My WordPress Blog","potentialAction":[{"@type":"SearchAction","target":{"@type":"EntryPoint","urlTemplate":"https:\/\/melbet.plus\/az\/?s={search_term_string}"},"query-input":{"@type":"PropertyValueSpecification","valueRequired":true,"valueName":"search_term_string"}}],"inLanguage":"az"}]}},"_links":{"self":[{"href":"https:\/\/melbet.plus\/az\/wp-json\/wp\/v2\/pages\/1273","targetHints":{"allow":["GET"]}}],"collection":[{"href":"https:\/\/melbet.plus\/az\/wp-json\/wp\/v2\/pages"}],"about":[{"href":"https:\/\/melbet.plus\/az\/wp-json\/wp\/v2\/types\/page"}],"author":[{"embeddable":true,"href":"https:\/\/melbet.plus\/az\/wp-json\/wp\/v2\/users\/1"}],"replies":[{"embeddable":true,"href":"https:\/\/melbet.plus\/az\/wp-json\/wp\/v2\/comments?post=1273"}],"version-history":[{"count":5,"href":"https:\/\/melbet.plus\/az\/wp-json\/wp\/v2\/pages\/1273\/revisions"}],"predecessor-version":[{"id":1361,"href":"https:\/\/melbet.plus\/az\/wp-json\/wp\/v2\/pages\/1273\/revisions\/1361"}],"up":[{"embeddable":true,"href":"https:\/\/melbet.plus\/az\/wp-json\/wp\/v2\/pages\/152"}],"wp:attachment":[{"href":"https:\/\/melbet.plus\/az\/wp-json\/wp\/v2\/media?parent=1273"}],"curies":[{"name":"wp","href":"https:\/\/api.w.org\/{rel}","templated":true}]}}