{"id":1269,"date":"2026-04-15T15:21:24","date_gmt":"2026-04-15T15:21:24","guid":{"rendered":"https:\/\/melbet.plus\/az\/?page_id=1269"},"modified":"2026-04-21T15:01:40","modified_gmt":"2026-04-21T15:01:40","slug":"100-refund","status":"publish","type":"page","link":"https:\/\/melbet.plus\/az\/bonus\/100-refund\/","title":{"rendered":"100% Geri \u00d6d\u0259ni\u015f"},"content":{"rendered":"","protected":false},"excerpt":{"rendered":"","protected":false},"author":1,"featured_media":0,"parent":152,"menu_order":0,"comment_status":"closed","ping_status":"closed","template":"","meta":{"inline_featured_image":false,"footnotes":""},"class_list":["post-1269","page","type-page","status-publish","hentry"],"yoast_head":"<!-- This site is optimized with the Yoast SEO plugin v27.4 - https:\/\/yoast.com\/product\/yoast-seo-wordpress\/ -->\n<title>100% Ekspress Geri \u00d6d\u0259ni\u015f \u2014 Melbet-d\u0259 Etibarl\u0131 M\u0259rc Edin<\/title>\n<meta name=\"description\" content=\"Melbet-d\u0259 100% Geri \u00d6d\u0259ni\u015f \u2013 7 v\u0259 ya daha \u00e7ox se\u00e7imi olan ekspressl\u0259r \u00fc\u00e7\u00fcn s\u0131\u011forta (\u0259msal 1.70 v\u0259 ya daha y\u00fcks\u0259k): \u0259g\u0259r se\u00e7iml\u0259rd\u0259n biri uduzarsa, b\u00fct\u00fcn m\u0259rc m\u0259bl\u0259\u011finiz geri qaytar\u0131l\u0131r! L\u0259\u011fv edilmi\u015f v\u0259 ya geri qaytar\u0131lan t\u0259dbirl\u0259r istisna olmaqla, b\u00fct\u00fcn idman n\u00f6vl\u0259ri \u00fczr\u0259 oyun\u00f6nc\u0259si v\u0259 canl\u0131 m\u0259rcl\u0259r \u00fc\u00e7\u00fcn ke\u00e7\u0259rlidir. Qorxmadan uzun ekspressl\u0259r yarad\u0131n \u2014 bir s\u0259hv = s\u0131f\u0131r itki!\" \/>\n<meta name=\"robots\" content=\"index, follow, max-snippet:-1, max-image-preview:large, max-video-preview:-1\" \/>\n<meta property=\"og:locale\" content=\"az_AZ\" \/>\n<meta property=\"og:type\" content=\"article\" \/>\n<meta property=\"og:title\" content=\"100% Ekspress Geri \u00d6d\u0259ni\u015f \u2014 Melbet-d\u0259 Etibarl\u0131 M\u0259rc Edin\" \/>\n<meta property=\"og:description\" content=\"Melbet-d\u0259 100% Geri \u00d6d\u0259ni\u015f \u2013 7 v\u0259 ya daha \u00e7ox se\u00e7imi olan ekspressl\u0259r \u00fc\u00e7\u00fcn s\u0131\u011forta (\u0259msal 1.70 v\u0259 ya daha y\u00fcks\u0259k): \u0259g\u0259r se\u00e7iml\u0259rd\u0259n biri uduzarsa, b\u00fct\u00fcn m\u0259rc m\u0259bl\u0259\u011finiz geri qaytar\u0131l\u0131r! L\u0259\u011fv edilmi\u015f v\u0259 ya geri qaytar\u0131lan t\u0259dbirl\u0259r istisna olmaqla, b\u00fct\u00fcn idman n\u00f6vl\u0259ri \u00fczr\u0259 oyun\u00f6nc\u0259si v\u0259 canl\u0131 m\u0259rcl\u0259r \u00fc\u00e7\u00fcn ke\u00e7\u0259rlidir. Qorxmadan uzun ekspressl\u0259r yarad\u0131n \u2014 bir s\u0259hv = s\u0131f\u0131r itki!\" \/>\n<meta property=\"og:url\" content=\"https:\/\/melbet.plus\/az\/bonus\/100-refund\/\" \/>\n<meta property=\"og:site_name\" content=\"Melbet az\" \/>\n<meta property=\"article:modified_time\" content=\"2026-04-21T15:01:40+00:00\" \/>\n<meta name=\"twitter:card\" content=\"summary_large_image\" \/>\n<script type=\"application\/ld+json\" class=\"yoast-schema-graph\">{\"@context\":\"https:\\\/\\\/schema.org\",\"@graph\":[{\"@type\":\"WebPage\",\"@id\":\"https:\\\/\\\/melbet.plus\\\/az\\\/bonus\\\/100-refund\\\/\",\"url\":\"https:\\\/\\\/melbet.plus\\\/az\\\/bonus\\\/100-refund\\\/\",\"name\":\"100% Ekspress Geri \u00d6d\u0259ni\u015f \u2014 Melbet-d\u0259 Etibarl\u0131 M\u0259rc Edin\",\"isPartOf\":{\"@id\":\"https:\\\/\\\/melbet.plus\\\/az\\\/#website\"},\"datePublished\":\"2026-04-15T15:21:24+00:00\",\"dateModified\":\"2026-04-21T15:01:40+00:00\",\"description\":\"Melbet-d\u0259 100% Geri \u00d6d\u0259ni\u015f \u2013 7 v\u0259 ya daha \u00e7ox se\u00e7imi olan ekspressl\u0259r \u00fc\u00e7\u00fcn s\u0131\u011forta (\u0259msal 1.70 v\u0259 ya daha y\u00fcks\u0259k): \u0259g\u0259r se\u00e7iml\u0259rd\u0259n biri uduzarsa, b\u00fct\u00fcn m\u0259rc m\u0259bl\u0259\u011finiz geri qaytar\u0131l\u0131r! L\u0259\u011fv edilmi\u015f v\u0259 ya geri qaytar\u0131lan t\u0259dbirl\u0259r istisna olmaqla, b\u00fct\u00fcn idman n\u00f6vl\u0259ri \u00fczr\u0259 oyun\u00f6nc\u0259si v\u0259 canl\u0131 m\u0259rcl\u0259r \u00fc\u00e7\u00fcn ke\u00e7\u0259rlidir. Qorxmadan uzun ekspressl\u0259r yarad\u0131n \u2014 bir s\u0259hv = s\u0131f\u0131r itki!\",\"breadcrumb\":{\"@id\":\"https:\\\/\\\/melbet.plus\\\/az\\\/bonus\\\/100-refund\\\/#breadcrumb\"},\"inLanguage\":\"az\",\"potentialAction\":[{\"@type\":\"ReadAction\",\"target\":[\"https:\\\/\\\/melbet.plus\\\/az\\\/bonus\\\/100-refund\\\/\"]}]},{\"@type\":\"BreadcrumbList\",\"@id\":\"https:\\\/\\\/melbet.plus\\\/az\\\/bonus\\\/100-refund\\\/#breadcrumb\",\"itemListElement\":[{\"@type\":\"ListItem\",\"position\":1,\"name\":\"Home\",\"item\":\"https:\\\/\\\/melbet.plus\\\/az\\\/\"},{\"@type\":\"ListItem\",\"position\":2,\"name\":\"Bonuslar\",\"item\":\"https:\\\/\\\/melbet.plus\\\/az\\\/bonus\\\/\"},{\"@type\":\"ListItem\",\"position\":3,\"name\":\"100% Geri \u00d6d\u0259ni\u015f\"}]},{\"@type\":\"WebSite\",\"@id\":\"https:\\\/\\\/melbet.plus\\\/az\\\/#website\",\"url\":\"https:\\\/\\\/melbet.plus\\\/az\\\/\",\"name\":\"Melbet az\",\"description\":\"My WordPress Blog\",\"potentialAction\":[{\"@type\":\"SearchAction\",\"target\":{\"@type\":\"EntryPoint\",\"urlTemplate\":\"https:\\\/\\\/melbet.plus\\\/az\\\/?s={search_term_string}\"},\"query-input\":{\"@type\":\"PropertyValueSpecification\",\"valueRequired\":true,\"valueName\":\"search_term_string\"}}],\"inLanguage\":\"az\"}]}<\/script>\n<!-- \/ Yoast SEO plugin. -->","yoast_head_json":{"title":"100% Ekspress Geri \u00d6d\u0259ni\u015f \u2014 Melbet-d\u0259 Etibarl\u0131 M\u0259rc Edin","description":"Melbet-d\u0259 100% Geri \u00d6d\u0259ni\u015f \u2013 7 v\u0259 ya daha \u00e7ox se\u00e7imi olan ekspressl\u0259r \u00fc\u00e7\u00fcn s\u0131\u011forta (\u0259msal 1.70 v\u0259 ya daha y\u00fcks\u0259k): \u0259g\u0259r se\u00e7iml\u0259rd\u0259n biri uduzarsa, b\u00fct\u00fcn m\u0259rc m\u0259bl\u0259\u011finiz geri qaytar\u0131l\u0131r! L\u0259\u011fv edilmi\u015f v\u0259 ya geri qaytar\u0131lan t\u0259dbirl\u0259r istisna olmaqla, b\u00fct\u00fcn idman n\u00f6vl\u0259ri \u00fczr\u0259 oyun\u00f6nc\u0259si v\u0259 canl\u0131 m\u0259rcl\u0259r \u00fc\u00e7\u00fcn ke\u00e7\u0259rlidir. Qorxmadan uzun ekspressl\u0259r yarad\u0131n \u2014 bir s\u0259hv = s\u0131f\u0131r itki!","robots":{"index":"index","follow":"follow","max-snippet":"max-snippet:-1","max-image-preview":"max-image-preview:large","max-video-preview":"max-video-preview:-1"},"og_locale":"az_AZ","og_type":"article","og_title":"100% Ekspress Geri \u00d6d\u0259ni\u015f \u2014 Melbet-d\u0259 Etibarl\u0131 M\u0259rc Edin","og_description":"Melbet-d\u0259 100% Geri \u00d6d\u0259ni\u015f \u2013 7 v\u0259 ya daha \u00e7ox se\u00e7imi olan ekspressl\u0259r \u00fc\u00e7\u00fcn s\u0131\u011forta (\u0259msal 1.70 v\u0259 ya daha y\u00fcks\u0259k): \u0259g\u0259r se\u00e7iml\u0259rd\u0259n biri uduzarsa, b\u00fct\u00fcn m\u0259rc m\u0259bl\u0259\u011finiz geri qaytar\u0131l\u0131r! L\u0259\u011fv edilmi\u015f v\u0259 ya geri qaytar\u0131lan t\u0259dbirl\u0259r istisna olmaqla, b\u00fct\u00fcn idman n\u00f6vl\u0259ri \u00fczr\u0259 oyun\u00f6nc\u0259si v\u0259 canl\u0131 m\u0259rcl\u0259r \u00fc\u00e7\u00fcn ke\u00e7\u0259rlidir. Qorxmadan uzun ekspressl\u0259r yarad\u0131n \u2014 bir s\u0259hv = s\u0131f\u0131r itki!","og_url":"https:\/\/melbet.plus\/az\/bonus\/100-refund\/","og_site_name":"Melbet az","article_modified_time":"2026-04-21T15:01:40+00:00","twitter_card":"summary_large_image","schema":{"@context":"https:\/\/schema.org","@graph":[{"@type":"WebPage","@id":"https:\/\/melbet.plus\/az\/bonus\/100-refund\/","url":"https:\/\/melbet.plus\/az\/bonus\/100-refund\/","name":"100% Ekspress Geri \u00d6d\u0259ni\u015f \u2014 Melbet-d\u0259 Etibarl\u0131 M\u0259rc Edin","isPartOf":{"@id":"https:\/\/melbet.plus\/az\/#website"},"datePublished":"2026-04-15T15:21:24+00:00","dateModified":"2026-04-21T15:01:40+00:00","description":"Melbet-d\u0259 100% Geri \u00d6d\u0259ni\u015f \u2013 7 v\u0259 ya daha \u00e7ox se\u00e7imi olan ekspressl\u0259r \u00fc\u00e7\u00fcn s\u0131\u011forta (\u0259msal 1.70 v\u0259 ya daha y\u00fcks\u0259k): \u0259g\u0259r se\u00e7iml\u0259rd\u0259n biri uduzarsa, b\u00fct\u00fcn m\u0259rc m\u0259bl\u0259\u011finiz geri qaytar\u0131l\u0131r! L\u0259\u011fv edilmi\u015f v\u0259 ya geri qaytar\u0131lan t\u0259dbirl\u0259r istisna olmaqla, b\u00fct\u00fcn idman n\u00f6vl\u0259ri \u00fczr\u0259 oyun\u00f6nc\u0259si v\u0259 canl\u0131 m\u0259rcl\u0259r \u00fc\u00e7\u00fcn ke\u00e7\u0259rlidir. Qorxmadan uzun ekspressl\u0259r yarad\u0131n \u2014 bir s\u0259hv = s\u0131f\u0131r itki!","breadcrumb":{"@id":"https:\/\/melbet.plus\/az\/bonus\/100-refund\/#breadcrumb"},"inLanguage":"az","potentialAction":[{"@type":"ReadAction","target":["https:\/\/melbet.plus\/az\/bonus\/100-refund\/"]}]},{"@type":"BreadcrumbList","@id":"https:\/\/melbet.plus\/az\/bonus\/100-refund\/#breadcrumb","itemListElement":[{"@type":"ListItem","position":1,"name":"Home","item":"https:\/\/melbet.plus\/az\/"},{"@type":"ListItem","position":2,"name":"Bonuslar","item":"https:\/\/melbet.plus\/az\/bonus\/"},{"@type":"ListItem","position":3,"name":"100% Geri \u00d6d\u0259ni\u015f"}]},{"@type":"WebSite","@id":"https:\/\/melbet.plus\/az\/#website","url":"https:\/\/melbet.plus\/az\/","name":"Melbet az","description":"My WordPress Blog","potentialAction":[{"@type":"SearchAction","target":{"@type":"EntryPoint","urlTemplate":"https:\/\/melbet.plus\/az\/?s={search_term_string}"},"query-input":{"@type":"PropertyValueSpecification","valueRequired":true,"valueName":"search_term_string"}}],"inLanguage":"az"}]}},"_links":{"self":[{"href":"https:\/\/melbet.plus\/az\/wp-json\/wp\/v2\/pages\/1269","targetHints":{"allow":["GET"]}}],"collection":[{"href":"https:\/\/melbet.plus\/az\/wp-json\/wp\/v2\/pages"}],"about":[{"href":"https:\/\/melbet.plus\/az\/wp-json\/wp\/v2\/types\/page"}],"author":[{"embeddable":true,"href":"https:\/\/melbet.plus\/az\/wp-json\/wp\/v2\/users\/1"}],"replies":[{"embeddable":true,"href":"https:\/\/melbet.plus\/az\/wp-json\/wp\/v2\/comments?post=1269"}],"version-history":[{"count":4,"href":"https:\/\/melbet.plus\/az\/wp-json\/wp\/v2\/pages\/1269\/revisions"}],"predecessor-version":[{"id":1347,"href":"https:\/\/melbet.plus\/az\/wp-json\/wp\/v2\/pages\/1269\/revisions\/1347"}],"up":[{"embeddable":true,"href":"https:\/\/melbet.plus\/az\/wp-json\/wp\/v2\/pages\/152"}],"wp:attachment":[{"href":"https:\/\/melbet.plus\/az\/wp-json\/wp\/v2\/media?parent=1269"}],"curies":[{"name":"wp","href":"https:\/\/api.w.org\/{rel}","templated":true}]}}