{"id":1262,"date":"2026-04-14T17:13:35","date_gmt":"2026-04-14T17:13:35","guid":{"rendered":"https:\/\/melbet.plus\/az\/?page_id=1262"},"modified":"2026-04-22T07:51:28","modified_gmt":"2026-04-22T07:51:28","slug":"promo-code-store","status":"publish","type":"page","link":"https:\/\/melbet.plus\/az\/bonus\/promo-code-store\/","title":{"rendered":"Promo Kod Ma\u011fazas\u0131"},"content":{"rendered":"","protected":false},"excerpt":{"rendered":"","protected":false},"author":1,"featured_media":0,"parent":152,"menu_order":0,"comment_status":"closed","ping_status":"closed","template":"","meta":{"inline_featured_image":false,"footnotes":""},"class_list":["post-1262","page","type-page","status-publish","hentry"],"yoast_head":"<!-- This site is optimized with the Yoast SEO plugin v27.4 - https:\/\/yoast.com\/product\/yoast-seo-wordpress\/ -->\n<title>Melbet Promo Kod Ma\u011fazas\u0131 \u2014 Bonus Xallar\u0131 il\u0259 Pulsuz M\u0259rc Al\u0131n!<\/title>\n<meta name=\"description\" content=\"Melbet Promo Kod Ma\u011fazas\u0131 \u2014 ist\u0259nil\u0259n idman n\u00f6v\u00fcn\u0259 v\u0259 ist\u0259nil\u0259n m\u0259rc \u00fc\u00e7\u00fcn promo kodlardak\u0131 &quot;T\u0259qdimatlar&quot; v\u0259 ya &quot;Hesab\u0131m&quot; b\u00f6lm\u0259sind\u0259n bonus xallar\u0131n\u0131z\u0131 x\u0259rcl\u0259yin. Kod se\u00e7in, xallar\u0131n\u0131z\u0131 daxil edin, promo kodunuzu \u0259ld\u0259 edin v\u0259 q\u0259l\u0259b\u0259y\u0259 m\u0259rc edin \u2014 m\u00fcnt\u0259z\u0259m oynay\u0131n, xal toplay\u0131n v\u0259 onlar\u0131 real depozitsiz pulsuz m\u0259rcl\u0259r\u0259 d\u0259yi\u015fdirin!\" \/>\n<meta name=\"robots\" content=\"index, follow, max-snippet:-1, max-image-preview:large, max-video-preview:-1\" \/>\n<meta property=\"og:locale\" content=\"az_AZ\" \/>\n<meta property=\"og:type\" content=\"article\" \/>\n<meta property=\"og:title\" content=\"Melbet Promo Kod Ma\u011fazas\u0131 \u2014 Bonus Xallar\u0131 il\u0259 Pulsuz M\u0259rc Al\u0131n!\" \/>\n<meta property=\"og:description\" content=\"Melbet Promo Kod Ma\u011fazas\u0131 \u2014 ist\u0259nil\u0259n idman n\u00f6v\u00fcn\u0259 v\u0259 ist\u0259nil\u0259n m\u0259rc \u00fc\u00e7\u00fcn promo kodlardak\u0131 &quot;T\u0259qdimatlar&quot; v\u0259 ya &quot;Hesab\u0131m&quot; b\u00f6lm\u0259sind\u0259n bonus xallar\u0131n\u0131z\u0131 x\u0259rcl\u0259yin. Kod se\u00e7in, xallar\u0131n\u0131z\u0131 daxil edin, promo kodunuzu \u0259ld\u0259 edin v\u0259 q\u0259l\u0259b\u0259y\u0259 m\u0259rc edin \u2014 m\u00fcnt\u0259z\u0259m oynay\u0131n, xal toplay\u0131n v\u0259 onlar\u0131 real depozitsiz pulsuz m\u0259rcl\u0259r\u0259 d\u0259yi\u015fdirin!\" \/>\n<meta property=\"og:url\" content=\"https:\/\/melbet.plus\/az\/bonus\/promo-code-store\/\" \/>\n<meta property=\"og:site_name\" content=\"Melbet az\" \/>\n<meta property=\"article:modified_time\" content=\"2026-04-22T07:51:28+00:00\" \/>\n<meta name=\"twitter:card\" content=\"summary_large_image\" \/>\n<script type=\"application\/ld+json\" class=\"yoast-schema-graph\">{\"@context\":\"https:\\\/\\\/schema.org\",\"@graph\":[{\"@type\":\"WebPage\",\"@id\":\"https:\\\/\\\/melbet.plus\\\/az\\\/bonus\\\/promo-code-store\\\/\",\"url\":\"https:\\\/\\\/melbet.plus\\\/az\\\/bonus\\\/promo-code-store\\\/\",\"name\":\"Melbet Promo Kod Ma\u011fazas\u0131 \u2014 Bonus Xallar\u0131 il\u0259 Pulsuz M\u0259rc Al\u0131n!\",\"isPartOf\":{\"@id\":\"https:\\\/\\\/melbet.plus\\\/az\\\/#website\"},\"datePublished\":\"2026-04-14T17:13:35+00:00\",\"dateModified\":\"2026-04-22T07:51:28+00:00\",\"description\":\"Melbet Promo Kod Ma\u011fazas\u0131 \u2014 ist\u0259nil\u0259n idman n\u00f6v\u00fcn\u0259 v\u0259 ist\u0259nil\u0259n m\u0259rc \u00fc\u00e7\u00fcn promo kodlardak\u0131 \\\"T\u0259qdimatlar\\\" v\u0259 ya \\\"Hesab\u0131m\\\" b\u00f6lm\u0259sind\u0259n bonus xallar\u0131n\u0131z\u0131 x\u0259rcl\u0259yin. Kod se\u00e7in, xallar\u0131n\u0131z\u0131 daxil edin, promo kodunuzu \u0259ld\u0259 edin v\u0259 q\u0259l\u0259b\u0259y\u0259 m\u0259rc edin \u2014 m\u00fcnt\u0259z\u0259m oynay\u0131n, xal toplay\u0131n v\u0259 onlar\u0131 real depozitsiz pulsuz m\u0259rcl\u0259r\u0259 d\u0259yi\u015fdirin!\",\"breadcrumb\":{\"@id\":\"https:\\\/\\\/melbet.plus\\\/az\\\/bonus\\\/promo-code-store\\\/#breadcrumb\"},\"inLanguage\":\"az\",\"potentialAction\":[{\"@type\":\"ReadAction\",\"target\":[\"https:\\\/\\\/melbet.plus\\\/az\\\/bonus\\\/promo-code-store\\\/\"]}]},{\"@type\":\"BreadcrumbList\",\"@id\":\"https:\\\/\\\/melbet.plus\\\/az\\\/bonus\\\/promo-code-store\\\/#breadcrumb\",\"itemListElement\":[{\"@type\":\"ListItem\",\"position\":1,\"name\":\"Home\",\"item\":\"https:\\\/\\\/melbet.plus\\\/az\\\/\"},{\"@type\":\"ListItem\",\"position\":2,\"name\":\"Bonuslar\",\"item\":\"https:\\\/\\\/melbet.plus\\\/az\\\/bonus\\\/\"},{\"@type\":\"ListItem\",\"position\":3,\"name\":\"Promo Kod Ma\u011fazas\u0131\"}]},{\"@type\":\"WebSite\",\"@id\":\"https:\\\/\\\/melbet.plus\\\/az\\\/#website\",\"url\":\"https:\\\/\\\/melbet.plus\\\/az\\\/\",\"name\":\"Melbet az\",\"description\":\"My WordPress Blog\",\"potentialAction\":[{\"@type\":\"SearchAction\",\"target\":{\"@type\":\"EntryPoint\",\"urlTemplate\":\"https:\\\/\\\/melbet.plus\\\/az\\\/?s={search_term_string}\"},\"query-input\":{\"@type\":\"PropertyValueSpecification\",\"valueRequired\":true,\"valueName\":\"search_term_string\"}}],\"inLanguage\":\"az\"}]}<\/script>\n<!-- \/ Yoast SEO plugin. -->","yoast_head_json":{"title":"Melbet Promo Kod Ma\u011fazas\u0131 \u2014 Bonus Xallar\u0131 il\u0259 Pulsuz M\u0259rc Al\u0131n!","description":"Melbet Promo Kod Ma\u011fazas\u0131 \u2014 ist\u0259nil\u0259n idman n\u00f6v\u00fcn\u0259 v\u0259 ist\u0259nil\u0259n m\u0259rc \u00fc\u00e7\u00fcn promo kodlardak\u0131 \"T\u0259qdimatlar\" v\u0259 ya \"Hesab\u0131m\" b\u00f6lm\u0259sind\u0259n bonus xallar\u0131n\u0131z\u0131 x\u0259rcl\u0259yin. Kod se\u00e7in, xallar\u0131n\u0131z\u0131 daxil edin, promo kodunuzu \u0259ld\u0259 edin v\u0259 q\u0259l\u0259b\u0259y\u0259 m\u0259rc edin \u2014 m\u00fcnt\u0259z\u0259m oynay\u0131n, xal toplay\u0131n v\u0259 onlar\u0131 real depozitsiz pulsuz m\u0259rcl\u0259r\u0259 d\u0259yi\u015fdirin!","robots":{"index":"index","follow":"follow","max-snippet":"max-snippet:-1","max-image-preview":"max-image-preview:large","max-video-preview":"max-video-preview:-1"},"og_locale":"az_AZ","og_type":"article","og_title":"Melbet Promo Kod Ma\u011fazas\u0131 \u2014 Bonus Xallar\u0131 il\u0259 Pulsuz M\u0259rc Al\u0131n!","og_description":"Melbet Promo Kod Ma\u011fazas\u0131 \u2014 ist\u0259nil\u0259n idman n\u00f6v\u00fcn\u0259 v\u0259 ist\u0259nil\u0259n m\u0259rc \u00fc\u00e7\u00fcn promo kodlardak\u0131 \"T\u0259qdimatlar\" v\u0259 ya \"Hesab\u0131m\" b\u00f6lm\u0259sind\u0259n bonus xallar\u0131n\u0131z\u0131 x\u0259rcl\u0259yin. Kod se\u00e7in, xallar\u0131n\u0131z\u0131 daxil edin, promo kodunuzu \u0259ld\u0259 edin v\u0259 q\u0259l\u0259b\u0259y\u0259 m\u0259rc edin \u2014 m\u00fcnt\u0259z\u0259m oynay\u0131n, xal toplay\u0131n v\u0259 onlar\u0131 real depozitsiz pulsuz m\u0259rcl\u0259r\u0259 d\u0259yi\u015fdirin!","og_url":"https:\/\/melbet.plus\/az\/bonus\/promo-code-store\/","og_site_name":"Melbet az","article_modified_time":"2026-04-22T07:51:28+00:00","twitter_card":"summary_large_image","schema":{"@context":"https:\/\/schema.org","@graph":[{"@type":"WebPage","@id":"https:\/\/melbet.plus\/az\/bonus\/promo-code-store\/","url":"https:\/\/melbet.plus\/az\/bonus\/promo-code-store\/","name":"Melbet Promo Kod Ma\u011fazas\u0131 \u2014 Bonus Xallar\u0131 il\u0259 Pulsuz M\u0259rc Al\u0131n!","isPartOf":{"@id":"https:\/\/melbet.plus\/az\/#website"},"datePublished":"2026-04-14T17:13:35+00:00","dateModified":"2026-04-22T07:51:28+00:00","description":"Melbet Promo Kod Ma\u011fazas\u0131 \u2014 ist\u0259nil\u0259n idman n\u00f6v\u00fcn\u0259 v\u0259 ist\u0259nil\u0259n m\u0259rc \u00fc\u00e7\u00fcn promo kodlardak\u0131 \"T\u0259qdimatlar\" v\u0259 ya \"Hesab\u0131m\" b\u00f6lm\u0259sind\u0259n bonus xallar\u0131n\u0131z\u0131 x\u0259rcl\u0259yin. Kod se\u00e7in, xallar\u0131n\u0131z\u0131 daxil edin, promo kodunuzu \u0259ld\u0259 edin v\u0259 q\u0259l\u0259b\u0259y\u0259 m\u0259rc edin \u2014 m\u00fcnt\u0259z\u0259m oynay\u0131n, xal toplay\u0131n v\u0259 onlar\u0131 real depozitsiz pulsuz m\u0259rcl\u0259r\u0259 d\u0259yi\u015fdirin!","breadcrumb":{"@id":"https:\/\/melbet.plus\/az\/bonus\/promo-code-store\/#breadcrumb"},"inLanguage":"az","potentialAction":[{"@type":"ReadAction","target":["https:\/\/melbet.plus\/az\/bonus\/promo-code-store\/"]}]},{"@type":"BreadcrumbList","@id":"https:\/\/melbet.plus\/az\/bonus\/promo-code-store\/#breadcrumb","itemListElement":[{"@type":"ListItem","position":1,"name":"Home","item":"https:\/\/melbet.plus\/az\/"},{"@type":"ListItem","position":2,"name":"Bonuslar","item":"https:\/\/melbet.plus\/az\/bonus\/"},{"@type":"ListItem","position":3,"name":"Promo Kod Ma\u011fazas\u0131"}]},{"@type":"WebSite","@id":"https:\/\/melbet.plus\/az\/#website","url":"https:\/\/melbet.plus\/az\/","name":"Melbet az","description":"My WordPress Blog","potentialAction":[{"@type":"SearchAction","target":{"@type":"EntryPoint","urlTemplate":"https:\/\/melbet.plus\/az\/?s={search_term_string}"},"query-input":{"@type":"PropertyValueSpecification","valueRequired":true,"valueName":"search_term_string"}}],"inLanguage":"az"}]}},"_links":{"self":[{"href":"https:\/\/melbet.plus\/az\/wp-json\/wp\/v2\/pages\/1262","targetHints":{"allow":["GET"]}}],"collection":[{"href":"https:\/\/melbet.plus\/az\/wp-json\/wp\/v2\/pages"}],"about":[{"href":"https:\/\/melbet.plus\/az\/wp-json\/wp\/v2\/types\/page"}],"author":[{"embeddable":true,"href":"https:\/\/melbet.plus\/az\/wp-json\/wp\/v2\/users\/1"}],"replies":[{"embeddable":true,"href":"https:\/\/melbet.plus\/az\/wp-json\/wp\/v2\/comments?post=1262"}],"version-history":[{"count":4,"href":"https:\/\/melbet.plus\/az\/wp-json\/wp\/v2\/pages\/1262\/revisions"}],"predecessor-version":[{"id":1378,"href":"https:\/\/melbet.plus\/az\/wp-json\/wp\/v2\/pages\/1262\/revisions\/1378"}],"up":[{"embeddable":true,"href":"https:\/\/melbet.plus\/az\/wp-json\/wp\/v2\/pages\/152"}],"wp:attachment":[{"href":"https:\/\/melbet.plus\/az\/wp-json\/wp\/v2\/media?parent=1262"}],"curies":[{"name":"wp","href":"https:\/\/api.w.org\/{rel}","templated":true}]}}