{"id":1258,"date":"2026-04-14T16:57:55","date_gmt":"2026-04-14T16:57:55","guid":{"rendered":"https:\/\/melbet.plus\/az\/?page_id=1258"},"modified":"2026-04-21T15:21:03","modified_gmt":"2026-04-21T15:21:03","slug":"bet-celebrate","status":"publish","type":"page","link":"https:\/\/melbet.plus\/az\/bonus\/bet-celebrate\/","title":{"rendered":"M\u0259rc et v\u0259 qeyd et"},"content":{"rendered":"","protected":false},"excerpt":{"rendered":"","protected":false},"author":1,"featured_media":0,"parent":152,"menu_order":0,"comment_status":"closed","ping_status":"closed","template":"","meta":{"inline_featured_image":false,"footnotes":""},"class_list":["post-1258","page","type-page","status-publish","hentry"],"yoast_head":"<!-- This site is optimized with the Yoast SEO plugin v27.4 - https:\/\/yoast.com\/product\/yoast-seo-wordpress\/ -->\n<title>Melbet Bet &amp; Celebration \u2014 Ad g\u00fcn\u00fc pulsuz m\u0259rc<\/title>\n<meta name=\"description\" content=\"Melbet-d\u0259 m\u0259rc edin v\u0259 qeyd edin \u2014 ad g\u00fcn\u00fcn\u00fczd\u0259 pulsuz m\u0259rc \u00fc\u00e7\u00fcn promo kod \u0259ld\u0259 edin! \u015e\u0259rtl\u0259r v\u0259 qaydalar: hesab \u0259n az\u0131 30 g\u00fcnl\u00fck olmal\u0131, 20+ m\u0259rc yerl\u0259\u015fdirilm\u0259li, profil tamamlanmal\u0131, telefon n\u00f6mr\u0259si\/e-po\u00e7t \u00fcnvan\u0131 t\u0259sdiql\u0259nm\u0259li v\u0259 bonuslar almaq \u00fc\u00e7\u00fcn raz\u0131l\u0131q verm\u0259lisiniz. Sad\u0259c\u0259 ad g\u00fcn\u00fcn\u00fczd\u0259 daxil olun \u2014 v\u0259 qalib g\u0259lm\u0259yiniz\u0259 k\u00f6m\u0259k etm\u0259k \u00fc\u00e7\u00fcn h\u0259diyy\u0259nizi t\u0259l\u0259b edin!\" \/>\n<meta name=\"robots\" content=\"index, follow, max-snippet:-1, max-image-preview:large, max-video-preview:-1\" \/>\n<meta property=\"og:locale\" content=\"az_AZ\" \/>\n<meta property=\"og:type\" content=\"article\" \/>\n<meta property=\"og:title\" content=\"Melbet Bet &amp; Celebration \u2014 Ad g\u00fcn\u00fc pulsuz m\u0259rc\" \/>\n<meta property=\"og:description\" content=\"Melbet-d\u0259 m\u0259rc edin v\u0259 qeyd edin \u2014 ad g\u00fcn\u00fcn\u00fczd\u0259 pulsuz m\u0259rc \u00fc\u00e7\u00fcn promo kod \u0259ld\u0259 edin! \u015e\u0259rtl\u0259r v\u0259 qaydalar: hesab \u0259n az\u0131 30 g\u00fcnl\u00fck olmal\u0131, 20+ m\u0259rc yerl\u0259\u015fdirilm\u0259li, profil tamamlanmal\u0131, telefon n\u00f6mr\u0259si\/e-po\u00e7t \u00fcnvan\u0131 t\u0259sdiql\u0259nm\u0259li v\u0259 bonuslar almaq \u00fc\u00e7\u00fcn raz\u0131l\u0131q verm\u0259lisiniz. Sad\u0259c\u0259 ad g\u00fcn\u00fcn\u00fczd\u0259 daxil olun \u2014 v\u0259 qalib g\u0259lm\u0259yiniz\u0259 k\u00f6m\u0259k etm\u0259k \u00fc\u00e7\u00fcn h\u0259diyy\u0259nizi t\u0259l\u0259b edin!\" \/>\n<meta property=\"og:url\" content=\"https:\/\/melbet.plus\/az\/bonus\/bet-celebrate\/\" \/>\n<meta property=\"og:site_name\" content=\"Melbet az\" \/>\n<meta property=\"article:modified_time\" content=\"2026-04-21T15:21:03+00:00\" \/>\n<meta name=\"twitter:card\" content=\"summary_large_image\" \/>\n<script type=\"application\/ld+json\" class=\"yoast-schema-graph\">{\"@context\":\"https:\\\/\\\/schema.org\",\"@graph\":[{\"@type\":\"WebPage\",\"@id\":\"https:\\\/\\\/melbet.plus\\\/az\\\/bonus\\\/bet-celebrate\\\/\",\"url\":\"https:\\\/\\\/melbet.plus\\\/az\\\/bonus\\\/bet-celebrate\\\/\",\"name\":\"Melbet Bet & Celebration \u2014 Ad g\u00fcn\u00fc pulsuz m\u0259rc\",\"isPartOf\":{\"@id\":\"https:\\\/\\\/melbet.plus\\\/az\\\/#website\"},\"datePublished\":\"2026-04-14T16:57:55+00:00\",\"dateModified\":\"2026-04-21T15:21:03+00:00\",\"description\":\"Melbet-d\u0259 m\u0259rc edin v\u0259 qeyd edin \u2014 ad g\u00fcn\u00fcn\u00fczd\u0259 pulsuz m\u0259rc \u00fc\u00e7\u00fcn promo kod \u0259ld\u0259 edin! \u015e\u0259rtl\u0259r v\u0259 qaydalar: hesab \u0259n az\u0131 30 g\u00fcnl\u00fck olmal\u0131, 20+ m\u0259rc yerl\u0259\u015fdirilm\u0259li, profil tamamlanmal\u0131, telefon n\u00f6mr\u0259si\\\/e-po\u00e7t \u00fcnvan\u0131 t\u0259sdiql\u0259nm\u0259li v\u0259 bonuslar almaq \u00fc\u00e7\u00fcn raz\u0131l\u0131q verm\u0259lisiniz. Sad\u0259c\u0259 ad g\u00fcn\u00fcn\u00fczd\u0259 daxil olun \u2014 v\u0259 qalib g\u0259lm\u0259yiniz\u0259 k\u00f6m\u0259k etm\u0259k \u00fc\u00e7\u00fcn h\u0259diyy\u0259nizi t\u0259l\u0259b edin!\",\"breadcrumb\":{\"@id\":\"https:\\\/\\\/melbet.plus\\\/az\\\/bonus\\\/bet-celebrate\\\/#breadcrumb\"},\"inLanguage\":\"az\",\"potentialAction\":[{\"@type\":\"ReadAction\",\"target\":[\"https:\\\/\\\/melbet.plus\\\/az\\\/bonus\\\/bet-celebrate\\\/\"]}]},{\"@type\":\"BreadcrumbList\",\"@id\":\"https:\\\/\\\/melbet.plus\\\/az\\\/bonus\\\/bet-celebrate\\\/#breadcrumb\",\"itemListElement\":[{\"@type\":\"ListItem\",\"position\":1,\"name\":\"Home\",\"item\":\"https:\\\/\\\/melbet.plus\\\/az\\\/\"},{\"@type\":\"ListItem\",\"position\":2,\"name\":\"Bonuslar\",\"item\":\"https:\\\/\\\/melbet.plus\\\/az\\\/bonus\\\/\"},{\"@type\":\"ListItem\",\"position\":3,\"name\":\"M\u0259rc et v\u0259 qeyd et\"}]},{\"@type\":\"WebSite\",\"@id\":\"https:\\\/\\\/melbet.plus\\\/az\\\/#website\",\"url\":\"https:\\\/\\\/melbet.plus\\\/az\\\/\",\"name\":\"Melbet az\",\"description\":\"My WordPress Blog\",\"potentialAction\":[{\"@type\":\"SearchAction\",\"target\":{\"@type\":\"EntryPoint\",\"urlTemplate\":\"https:\\\/\\\/melbet.plus\\\/az\\\/?s={search_term_string}\"},\"query-input\":{\"@type\":\"PropertyValueSpecification\",\"valueRequired\":true,\"valueName\":\"search_term_string\"}}],\"inLanguage\":\"az\"}]}<\/script>\n<!-- \/ Yoast SEO plugin. -->","yoast_head_json":{"title":"Melbet Bet & Celebration \u2014 Ad g\u00fcn\u00fc pulsuz m\u0259rc","description":"Melbet-d\u0259 m\u0259rc edin v\u0259 qeyd edin \u2014 ad g\u00fcn\u00fcn\u00fczd\u0259 pulsuz m\u0259rc \u00fc\u00e7\u00fcn promo kod \u0259ld\u0259 edin! \u015e\u0259rtl\u0259r v\u0259 qaydalar: hesab \u0259n az\u0131 30 g\u00fcnl\u00fck olmal\u0131, 20+ m\u0259rc yerl\u0259\u015fdirilm\u0259li, profil tamamlanmal\u0131, telefon n\u00f6mr\u0259si\/e-po\u00e7t \u00fcnvan\u0131 t\u0259sdiql\u0259nm\u0259li v\u0259 bonuslar almaq \u00fc\u00e7\u00fcn raz\u0131l\u0131q verm\u0259lisiniz. Sad\u0259c\u0259 ad g\u00fcn\u00fcn\u00fczd\u0259 daxil olun \u2014 v\u0259 qalib g\u0259lm\u0259yiniz\u0259 k\u00f6m\u0259k etm\u0259k \u00fc\u00e7\u00fcn h\u0259diyy\u0259nizi t\u0259l\u0259b edin!","robots":{"index":"index","follow":"follow","max-snippet":"max-snippet:-1","max-image-preview":"max-image-preview:large","max-video-preview":"max-video-preview:-1"},"og_locale":"az_AZ","og_type":"article","og_title":"Melbet Bet & Celebration \u2014 Ad g\u00fcn\u00fc pulsuz m\u0259rc","og_description":"Melbet-d\u0259 m\u0259rc edin v\u0259 qeyd edin \u2014 ad g\u00fcn\u00fcn\u00fczd\u0259 pulsuz m\u0259rc \u00fc\u00e7\u00fcn promo kod \u0259ld\u0259 edin! \u015e\u0259rtl\u0259r v\u0259 qaydalar: hesab \u0259n az\u0131 30 g\u00fcnl\u00fck olmal\u0131, 20+ m\u0259rc yerl\u0259\u015fdirilm\u0259li, profil tamamlanmal\u0131, telefon n\u00f6mr\u0259si\/e-po\u00e7t \u00fcnvan\u0131 t\u0259sdiql\u0259nm\u0259li v\u0259 bonuslar almaq \u00fc\u00e7\u00fcn raz\u0131l\u0131q verm\u0259lisiniz. Sad\u0259c\u0259 ad g\u00fcn\u00fcn\u00fczd\u0259 daxil olun \u2014 v\u0259 qalib g\u0259lm\u0259yiniz\u0259 k\u00f6m\u0259k etm\u0259k \u00fc\u00e7\u00fcn h\u0259diyy\u0259nizi t\u0259l\u0259b edin!","og_url":"https:\/\/melbet.plus\/az\/bonus\/bet-celebrate\/","og_site_name":"Melbet az","article_modified_time":"2026-04-21T15:21:03+00:00","twitter_card":"summary_large_image","schema":{"@context":"https:\/\/schema.org","@graph":[{"@type":"WebPage","@id":"https:\/\/melbet.plus\/az\/bonus\/bet-celebrate\/","url":"https:\/\/melbet.plus\/az\/bonus\/bet-celebrate\/","name":"Melbet Bet & Celebration \u2014 Ad g\u00fcn\u00fc pulsuz m\u0259rc","isPartOf":{"@id":"https:\/\/melbet.plus\/az\/#website"},"datePublished":"2026-04-14T16:57:55+00:00","dateModified":"2026-04-21T15:21:03+00:00","description":"Melbet-d\u0259 m\u0259rc edin v\u0259 qeyd edin \u2014 ad g\u00fcn\u00fcn\u00fczd\u0259 pulsuz m\u0259rc \u00fc\u00e7\u00fcn promo kod \u0259ld\u0259 edin! \u015e\u0259rtl\u0259r v\u0259 qaydalar: hesab \u0259n az\u0131 30 g\u00fcnl\u00fck olmal\u0131, 20+ m\u0259rc yerl\u0259\u015fdirilm\u0259li, profil tamamlanmal\u0131, telefon n\u00f6mr\u0259si\/e-po\u00e7t \u00fcnvan\u0131 t\u0259sdiql\u0259nm\u0259li v\u0259 bonuslar almaq \u00fc\u00e7\u00fcn raz\u0131l\u0131q verm\u0259lisiniz. Sad\u0259c\u0259 ad g\u00fcn\u00fcn\u00fczd\u0259 daxil olun \u2014 v\u0259 qalib g\u0259lm\u0259yiniz\u0259 k\u00f6m\u0259k etm\u0259k \u00fc\u00e7\u00fcn h\u0259diyy\u0259nizi t\u0259l\u0259b edin!","breadcrumb":{"@id":"https:\/\/melbet.plus\/az\/bonus\/bet-celebrate\/#breadcrumb"},"inLanguage":"az","potentialAction":[{"@type":"ReadAction","target":["https:\/\/melbet.plus\/az\/bonus\/bet-celebrate\/"]}]},{"@type":"BreadcrumbList","@id":"https:\/\/melbet.plus\/az\/bonus\/bet-celebrate\/#breadcrumb","itemListElement":[{"@type":"ListItem","position":1,"name":"Home","item":"https:\/\/melbet.plus\/az\/"},{"@type":"ListItem","position":2,"name":"Bonuslar","item":"https:\/\/melbet.plus\/az\/bonus\/"},{"@type":"ListItem","position":3,"name":"M\u0259rc et v\u0259 qeyd et"}]},{"@type":"WebSite","@id":"https:\/\/melbet.plus\/az\/#website","url":"https:\/\/melbet.plus\/az\/","name":"Melbet az","description":"My WordPress Blog","potentialAction":[{"@type":"SearchAction","target":{"@type":"EntryPoint","urlTemplate":"https:\/\/melbet.plus\/az\/?s={search_term_string}"},"query-input":{"@type":"PropertyValueSpecification","valueRequired":true,"valueName":"search_term_string"}}],"inLanguage":"az"}]}},"_links":{"self":[{"href":"https:\/\/melbet.plus\/az\/wp-json\/wp\/v2\/pages\/1258","targetHints":{"allow":["GET"]}}],"collection":[{"href":"https:\/\/melbet.plus\/az\/wp-json\/wp\/v2\/pages"}],"about":[{"href":"https:\/\/melbet.plus\/az\/wp-json\/wp\/v2\/types\/page"}],"author":[{"embeddable":true,"href":"https:\/\/melbet.plus\/az\/wp-json\/wp\/v2\/users\/1"}],"replies":[{"embeddable":true,"href":"https:\/\/melbet.plus\/az\/wp-json\/wp\/v2\/comments?post=1258"}],"version-history":[{"count":4,"href":"https:\/\/melbet.plus\/az\/wp-json\/wp\/v2\/pages\/1258\/revisions"}],"predecessor-version":[{"id":1355,"href":"https:\/\/melbet.plus\/az\/wp-json\/wp\/v2\/pages\/1258\/revisions\/1355"}],"up":[{"embeddable":true,"href":"https:\/\/melbet.plus\/az\/wp-json\/wp\/v2\/pages\/152"}],"wp:attachment":[{"href":"https:\/\/melbet.plus\/az\/wp-json\/wp\/v2\/media?parent=1258"}],"curies":[{"name":"wp","href":"https:\/\/api.w.org\/{rel}","templated":true}]}}