{"id":1254,"date":"2026-04-14T16:44:33","date_gmt":"2026-04-14T16:44:33","guid":{"rendered":"https:\/\/melbet.plus\/az\/?page_id=1254"},"modified":"2026-04-22T07:34:36","modified_gmt":"2026-04-22T07:34:36","slug":"ice-cashback","status":"publish","type":"page","link":"https:\/\/melbet.plus\/az\/bonus\/ice-cashback\/","title":{"rendered":"Buzlu Ke\u015fbek"},"content":{"rendered":"","protected":false},"excerpt":{"rendered":"","protected":false},"author":1,"featured_media":0,"parent":152,"menu_order":0,"comment_status":"closed","ping_status":"closed","template":"","meta":{"inline_featured_image":false,"footnotes":""},"class_list":["post-1254","page","type-page","status-publish","hentry"],"yoast_head":"<!-- This site is optimized with the Yoast SEO plugin v27.4 - https:\/\/yoast.com\/product\/yoast-seo-wordpress\/ -->\n<title>Melbet Ice Cashback \u2014 NHL m\u0259rcl\u0259ri \u00fc\u00e7\u00fcn h\u0259ft\u0259lik pulsuz m\u0259rcl\u0259r<\/title>\n<meta name=\"description\" content=\"Melbet Ice Cashback \u2014 2025\u20132026 m\u00f6vs\u00fcm\u00fcnd\u0259 NHL mat\u00e7lar\u0131na 6 AZN v\u0259 ya daha \u00e7ox m\u0259bl\u0259\u011fd\u0259 m\u0259rc edin v\u0259 h\u0259r h\u0259ft\u0259 pulsuz m\u0259rc \u0259ld\u0259 edin: 3\u20135 m\u0259rc \u00fc\u00e7\u00fcn 5%, 6\u201310 m\u0259rc \u00fc\u00e7\u00fcn 7% v\u0259 11 v\u0259 ya daha \u00e7ox m\u0259rc \u00fc\u00e7\u00fcn 10%. Qeydiyyatdan ke\u00e7in, \u201cQo\u015ful\u201d d\u00fcym\u0259sini bas\u0131n v\u0259 m\u0259rcinizin bir hiss\u0259sini sevimli xokkeyiniz\u0259 pulsuz m\u0259rc kimi geri al\u0131n!\" \/>\n<meta name=\"robots\" content=\"index, follow, max-snippet:-1, max-image-preview:large, max-video-preview:-1\" \/>\n<meta property=\"og:locale\" content=\"az_AZ\" \/>\n<meta property=\"og:type\" content=\"article\" \/>\n<meta property=\"og:title\" content=\"Melbet Ice Cashback \u2014 NHL m\u0259rcl\u0259ri \u00fc\u00e7\u00fcn h\u0259ft\u0259lik pulsuz m\u0259rcl\u0259r\" \/>\n<meta property=\"og:description\" content=\"Melbet Ice Cashback \u2014 2025\u20132026 m\u00f6vs\u00fcm\u00fcnd\u0259 NHL mat\u00e7lar\u0131na 6 AZN v\u0259 ya daha \u00e7ox m\u0259bl\u0259\u011fd\u0259 m\u0259rc edin v\u0259 h\u0259r h\u0259ft\u0259 pulsuz m\u0259rc \u0259ld\u0259 edin: 3\u20135 m\u0259rc \u00fc\u00e7\u00fcn 5%, 6\u201310 m\u0259rc \u00fc\u00e7\u00fcn 7% v\u0259 11 v\u0259 ya daha \u00e7ox m\u0259rc \u00fc\u00e7\u00fcn 10%. Qeydiyyatdan ke\u00e7in, \u201cQo\u015ful\u201d d\u00fcym\u0259sini bas\u0131n v\u0259 m\u0259rcinizin bir hiss\u0259sini sevimli xokkeyiniz\u0259 pulsuz m\u0259rc kimi geri al\u0131n!\" \/>\n<meta property=\"og:url\" content=\"https:\/\/melbet.plus\/az\/bonus\/ice-cashback\/\" \/>\n<meta property=\"og:site_name\" content=\"Melbet az\" \/>\n<meta property=\"article:modified_time\" content=\"2026-04-22T07:34:36+00:00\" \/>\n<meta name=\"twitter:card\" content=\"summary_large_image\" \/>\n<script type=\"application\/ld+json\" class=\"yoast-schema-graph\">{\"@context\":\"https:\\\/\\\/schema.org\",\"@graph\":[{\"@type\":\"WebPage\",\"@id\":\"https:\\\/\\\/melbet.plus\\\/az\\\/bonus\\\/ice-cashback\\\/\",\"url\":\"https:\\\/\\\/melbet.plus\\\/az\\\/bonus\\\/ice-cashback\\\/\",\"name\":\"Melbet Ice Cashback \u2014 NHL m\u0259rcl\u0259ri \u00fc\u00e7\u00fcn h\u0259ft\u0259lik pulsuz m\u0259rcl\u0259r\",\"isPartOf\":{\"@id\":\"https:\\\/\\\/melbet.plus\\\/az\\\/#website\"},\"datePublished\":\"2026-04-14T16:44:33+00:00\",\"dateModified\":\"2026-04-22T07:34:36+00:00\",\"description\":\"Melbet Ice Cashback \u2014 2025\u20132026 m\u00f6vs\u00fcm\u00fcnd\u0259 NHL mat\u00e7lar\u0131na 6 AZN v\u0259 ya daha \u00e7ox m\u0259bl\u0259\u011fd\u0259 m\u0259rc edin v\u0259 h\u0259r h\u0259ft\u0259 pulsuz m\u0259rc \u0259ld\u0259 edin: 3\u20135 m\u0259rc \u00fc\u00e7\u00fcn 5%, 6\u201310 m\u0259rc \u00fc\u00e7\u00fcn 7% v\u0259 11 v\u0259 ya daha \u00e7ox m\u0259rc \u00fc\u00e7\u00fcn 10%. Qeydiyyatdan ke\u00e7in, \u201cQo\u015ful\u201d d\u00fcym\u0259sini bas\u0131n v\u0259 m\u0259rcinizin bir hiss\u0259sini sevimli xokkeyiniz\u0259 pulsuz m\u0259rc kimi geri al\u0131n!\",\"breadcrumb\":{\"@id\":\"https:\\\/\\\/melbet.plus\\\/az\\\/bonus\\\/ice-cashback\\\/#breadcrumb\"},\"inLanguage\":\"az\",\"potentialAction\":[{\"@type\":\"ReadAction\",\"target\":[\"https:\\\/\\\/melbet.plus\\\/az\\\/bonus\\\/ice-cashback\\\/\"]}]},{\"@type\":\"BreadcrumbList\",\"@id\":\"https:\\\/\\\/melbet.plus\\\/az\\\/bonus\\\/ice-cashback\\\/#breadcrumb\",\"itemListElement\":[{\"@type\":\"ListItem\",\"position\":1,\"name\":\"Home\",\"item\":\"https:\\\/\\\/melbet.plus\\\/az\\\/\"},{\"@type\":\"ListItem\",\"position\":2,\"name\":\"Bonuslar\",\"item\":\"https:\\\/\\\/melbet.plus\\\/az\\\/bonus\\\/\"},{\"@type\":\"ListItem\",\"position\":3,\"name\":\"Buzlu Ke\u015fbek\"}]},{\"@type\":\"WebSite\",\"@id\":\"https:\\\/\\\/melbet.plus\\\/az\\\/#website\",\"url\":\"https:\\\/\\\/melbet.plus\\\/az\\\/\",\"name\":\"Melbet az\",\"description\":\"My WordPress Blog\",\"potentialAction\":[{\"@type\":\"SearchAction\",\"target\":{\"@type\":\"EntryPoint\",\"urlTemplate\":\"https:\\\/\\\/melbet.plus\\\/az\\\/?s={search_term_string}\"},\"query-input\":{\"@type\":\"PropertyValueSpecification\",\"valueRequired\":true,\"valueName\":\"search_term_string\"}}],\"inLanguage\":\"az\"}]}<\/script>\n<!-- \/ Yoast SEO plugin. -->","yoast_head_json":{"title":"Melbet Ice Cashback \u2014 NHL m\u0259rcl\u0259ri \u00fc\u00e7\u00fcn h\u0259ft\u0259lik pulsuz m\u0259rcl\u0259r","description":"Melbet Ice Cashback \u2014 2025\u20132026 m\u00f6vs\u00fcm\u00fcnd\u0259 NHL mat\u00e7lar\u0131na 6 AZN v\u0259 ya daha \u00e7ox m\u0259bl\u0259\u011fd\u0259 m\u0259rc edin v\u0259 h\u0259r h\u0259ft\u0259 pulsuz m\u0259rc \u0259ld\u0259 edin: 3\u20135 m\u0259rc \u00fc\u00e7\u00fcn 5%, 6\u201310 m\u0259rc \u00fc\u00e7\u00fcn 7% v\u0259 11 v\u0259 ya daha \u00e7ox m\u0259rc \u00fc\u00e7\u00fcn 10%. Qeydiyyatdan ke\u00e7in, \u201cQo\u015ful\u201d d\u00fcym\u0259sini bas\u0131n v\u0259 m\u0259rcinizin bir hiss\u0259sini sevimli xokkeyiniz\u0259 pulsuz m\u0259rc kimi geri al\u0131n!","robots":{"index":"index","follow":"follow","max-snippet":"max-snippet:-1","max-image-preview":"max-image-preview:large","max-video-preview":"max-video-preview:-1"},"og_locale":"az_AZ","og_type":"article","og_title":"Melbet Ice Cashback \u2014 NHL m\u0259rcl\u0259ri \u00fc\u00e7\u00fcn h\u0259ft\u0259lik pulsuz m\u0259rcl\u0259r","og_description":"Melbet Ice Cashback \u2014 2025\u20132026 m\u00f6vs\u00fcm\u00fcnd\u0259 NHL mat\u00e7lar\u0131na 6 AZN v\u0259 ya daha \u00e7ox m\u0259bl\u0259\u011fd\u0259 m\u0259rc edin v\u0259 h\u0259r h\u0259ft\u0259 pulsuz m\u0259rc \u0259ld\u0259 edin: 3\u20135 m\u0259rc \u00fc\u00e7\u00fcn 5%, 6\u201310 m\u0259rc \u00fc\u00e7\u00fcn 7% v\u0259 11 v\u0259 ya daha \u00e7ox m\u0259rc \u00fc\u00e7\u00fcn 10%. Qeydiyyatdan ke\u00e7in, \u201cQo\u015ful\u201d d\u00fcym\u0259sini bas\u0131n v\u0259 m\u0259rcinizin bir hiss\u0259sini sevimli xokkeyiniz\u0259 pulsuz m\u0259rc kimi geri al\u0131n!","og_url":"https:\/\/melbet.plus\/az\/bonus\/ice-cashback\/","og_site_name":"Melbet az","article_modified_time":"2026-04-22T07:34:36+00:00","twitter_card":"summary_large_image","schema":{"@context":"https:\/\/schema.org","@graph":[{"@type":"WebPage","@id":"https:\/\/melbet.plus\/az\/bonus\/ice-cashback\/","url":"https:\/\/melbet.plus\/az\/bonus\/ice-cashback\/","name":"Melbet Ice Cashback \u2014 NHL m\u0259rcl\u0259ri \u00fc\u00e7\u00fcn h\u0259ft\u0259lik pulsuz m\u0259rcl\u0259r","isPartOf":{"@id":"https:\/\/melbet.plus\/az\/#website"},"datePublished":"2026-04-14T16:44:33+00:00","dateModified":"2026-04-22T07:34:36+00:00","description":"Melbet Ice Cashback \u2014 2025\u20132026 m\u00f6vs\u00fcm\u00fcnd\u0259 NHL mat\u00e7lar\u0131na 6 AZN v\u0259 ya daha \u00e7ox m\u0259bl\u0259\u011fd\u0259 m\u0259rc edin v\u0259 h\u0259r h\u0259ft\u0259 pulsuz m\u0259rc \u0259ld\u0259 edin: 3\u20135 m\u0259rc \u00fc\u00e7\u00fcn 5%, 6\u201310 m\u0259rc \u00fc\u00e7\u00fcn 7% v\u0259 11 v\u0259 ya daha \u00e7ox m\u0259rc \u00fc\u00e7\u00fcn 10%. Qeydiyyatdan ke\u00e7in, \u201cQo\u015ful\u201d d\u00fcym\u0259sini bas\u0131n v\u0259 m\u0259rcinizin bir hiss\u0259sini sevimli xokkeyiniz\u0259 pulsuz m\u0259rc kimi geri al\u0131n!","breadcrumb":{"@id":"https:\/\/melbet.plus\/az\/bonus\/ice-cashback\/#breadcrumb"},"inLanguage":"az","potentialAction":[{"@type":"ReadAction","target":["https:\/\/melbet.plus\/az\/bonus\/ice-cashback\/"]}]},{"@type":"BreadcrumbList","@id":"https:\/\/melbet.plus\/az\/bonus\/ice-cashback\/#breadcrumb","itemListElement":[{"@type":"ListItem","position":1,"name":"Home","item":"https:\/\/melbet.plus\/az\/"},{"@type":"ListItem","position":2,"name":"Bonuslar","item":"https:\/\/melbet.plus\/az\/bonus\/"},{"@type":"ListItem","position":3,"name":"Buzlu Ke\u015fbek"}]},{"@type":"WebSite","@id":"https:\/\/melbet.plus\/az\/#website","url":"https:\/\/melbet.plus\/az\/","name":"Melbet az","description":"My WordPress Blog","potentialAction":[{"@type":"SearchAction","target":{"@type":"EntryPoint","urlTemplate":"https:\/\/melbet.plus\/az\/?s={search_term_string}"},"query-input":{"@type":"PropertyValueSpecification","valueRequired":true,"valueName":"search_term_string"}}],"inLanguage":"az"}]}},"_links":{"self":[{"href":"https:\/\/melbet.plus\/az\/wp-json\/wp\/v2\/pages\/1254","targetHints":{"allow":["GET"]}}],"collection":[{"href":"https:\/\/melbet.plus\/az\/wp-json\/wp\/v2\/pages"}],"about":[{"href":"https:\/\/melbet.plus\/az\/wp-json\/wp\/v2\/types\/page"}],"author":[{"embeddable":true,"href":"https:\/\/melbet.plus\/az\/wp-json\/wp\/v2\/users\/1"}],"replies":[{"embeddable":true,"href":"https:\/\/melbet.plus\/az\/wp-json\/wp\/v2\/comments?post=1254"}],"version-history":[{"count":4,"href":"https:\/\/melbet.plus\/az\/wp-json\/wp\/v2\/pages\/1254\/revisions"}],"predecessor-version":[{"id":1373,"href":"https:\/\/melbet.plus\/az\/wp-json\/wp\/v2\/pages\/1254\/revisions\/1373"}],"up":[{"embeddable":true,"href":"https:\/\/melbet.plus\/az\/wp-json\/wp\/v2\/pages\/152"}],"wp:attachment":[{"href":"https:\/\/melbet.plus\/az\/wp-json\/wp\/v2\/media?parent=1254"}],"curies":[{"name":"wp","href":"https:\/\/api.w.org\/{rel}","templated":true}]}}