{"id":1249,"date":"2026-04-14T14:57:28","date_gmt":"2026-04-14T14:57:28","guid":{"rendered":"https:\/\/melbet.plus\/az\/?page_id=1249"},"modified":"2026-04-21T15:05:10","modified_gmt":"2026-04-21T15:05:10","slug":"accumulator-booster","status":"publish","type":"page","link":"https:\/\/melbet.plus\/az\/bonus\/accumulator-booster\/","title":{"rendered":"Akkumulyator g\u00fccl\u0259ndiricisi"},"content":{"rendered":"","protected":false},"excerpt":{"rendered":"","protected":false},"author":1,"featured_media":0,"parent":152,"menu_order":0,"comment_status":"closed","ping_status":"closed","template":"","meta":{"inline_featured_image":false,"footnotes":""},"class_list":["post-1249","page","type-page","status-publish","hentry"],"yoast_head":"<!-- This site is optimized with the Yoast SEO plugin v27.4 - https:\/\/yoast.com\/product\/yoast-seo-wordpress\/ -->\n<title>Melbet Akkumulyator G\u00fccl\u0259ndiricisi \u2014 Ekspress \u018fmsallarda +30%<\/title>\n<meta name=\"description\" content=\"Melbet Akkumulyator G\u00fccl\u0259ndiricisi \u2014 4 v\u0259 ya daha \u00e7ox se\u00e7imi olan akkumulyatorlar \u00fc\u00e7\u00fcn avtomatik \u0259msal art\u0131rma (\u0259msallar 1.2 v\u0259 ya daha y\u00fcks\u0259kdir): 4 se\u00e7im \u00fc\u00e7\u00fcn +1%, 30 v\u0259 ya daha \u00e7ox se\u00e7im \u00fc\u00e7\u00fcn +30%-\u0259 q\u0259d\u0259r. Misal: 1.2\/2.0\/1.3\/1.5 * 1.01 \u0259msall\u0131 4 t\u0259dbir = 20 AZN m\u0259bl\u0259\u011find\u0259 m\u0259rcd\u0259 94.54 AZN \u00f6d\u0259ni\u015f. Akkumulyatorlar\u0131n\u0131z\u0131 yarad\u0131n v\u0259 m\u0259rc t\u0259l\u0259bl\u0259ri olmadan daha \u00e7ox qazan\u0131n!\" \/>\n<meta name=\"robots\" content=\"index, follow, max-snippet:-1, max-image-preview:large, max-video-preview:-1\" \/>\n<meta property=\"og:locale\" content=\"az_AZ\" \/>\n<meta property=\"og:type\" content=\"article\" \/>\n<meta property=\"og:title\" content=\"Melbet Akkumulyator G\u00fccl\u0259ndiricisi \u2014 Ekspress \u018fmsallarda +30%\" \/>\n<meta property=\"og:description\" content=\"Melbet Akkumulyator G\u00fccl\u0259ndiricisi \u2014 4 v\u0259 ya daha \u00e7ox se\u00e7imi olan akkumulyatorlar \u00fc\u00e7\u00fcn avtomatik \u0259msal art\u0131rma (\u0259msallar 1.2 v\u0259 ya daha y\u00fcks\u0259kdir): 4 se\u00e7im \u00fc\u00e7\u00fcn +1%, 30 v\u0259 ya daha \u00e7ox se\u00e7im \u00fc\u00e7\u00fcn +30%-\u0259 q\u0259d\u0259r. Misal: 1.2\/2.0\/1.3\/1.5 * 1.01 \u0259msall\u0131 4 t\u0259dbir = 20 AZN m\u0259bl\u0259\u011find\u0259 m\u0259rcd\u0259 94.54 AZN \u00f6d\u0259ni\u015f. Akkumulyatorlar\u0131n\u0131z\u0131 yarad\u0131n v\u0259 m\u0259rc t\u0259l\u0259bl\u0259ri olmadan daha \u00e7ox qazan\u0131n!\" \/>\n<meta property=\"og:url\" content=\"https:\/\/melbet.plus\/az\/bonus\/accumulator-booster\/\" \/>\n<meta property=\"og:site_name\" content=\"Melbet az\" \/>\n<meta property=\"article:modified_time\" content=\"2026-04-21T15:05:10+00:00\" \/>\n<meta name=\"twitter:card\" content=\"summary_large_image\" \/>\n<script type=\"application\/ld+json\" class=\"yoast-schema-graph\">{\"@context\":\"https:\\\/\\\/schema.org\",\"@graph\":[{\"@type\":\"WebPage\",\"@id\":\"https:\\\/\\\/melbet.plus\\\/az\\\/bonus\\\/accumulator-booster\\\/\",\"url\":\"https:\\\/\\\/melbet.plus\\\/az\\\/bonus\\\/accumulator-booster\\\/\",\"name\":\"Melbet Akkumulyator G\u00fccl\u0259ndiricisi \u2014 Ekspress \u018fmsallarda +30%\",\"isPartOf\":{\"@id\":\"https:\\\/\\\/melbet.plus\\\/az\\\/#website\"},\"datePublished\":\"2026-04-14T14:57:28+00:00\",\"dateModified\":\"2026-04-21T15:05:10+00:00\",\"description\":\"Melbet Akkumulyator G\u00fccl\u0259ndiricisi \u2014 4 v\u0259 ya daha \u00e7ox se\u00e7imi olan akkumulyatorlar \u00fc\u00e7\u00fcn avtomatik \u0259msal art\u0131rma (\u0259msallar 1.2 v\u0259 ya daha y\u00fcks\u0259kdir): 4 se\u00e7im \u00fc\u00e7\u00fcn +1%, 30 v\u0259 ya daha \u00e7ox se\u00e7im \u00fc\u00e7\u00fcn +30%-\u0259 q\u0259d\u0259r. Misal: 1.2\\\/2.0\\\/1.3\\\/1.5 * 1.01 \u0259msall\u0131 4 t\u0259dbir = 20 AZN m\u0259bl\u0259\u011find\u0259 m\u0259rcd\u0259 94.54 AZN \u00f6d\u0259ni\u015f. Akkumulyatorlar\u0131n\u0131z\u0131 yarad\u0131n v\u0259 m\u0259rc t\u0259l\u0259bl\u0259ri olmadan daha \u00e7ox qazan\u0131n!\",\"breadcrumb\":{\"@id\":\"https:\\\/\\\/melbet.plus\\\/az\\\/bonus\\\/accumulator-booster\\\/#breadcrumb\"},\"inLanguage\":\"az\",\"potentialAction\":[{\"@type\":\"ReadAction\",\"target\":[\"https:\\\/\\\/melbet.plus\\\/az\\\/bonus\\\/accumulator-booster\\\/\"]}]},{\"@type\":\"BreadcrumbList\",\"@id\":\"https:\\\/\\\/melbet.plus\\\/az\\\/bonus\\\/accumulator-booster\\\/#breadcrumb\",\"itemListElement\":[{\"@type\":\"ListItem\",\"position\":1,\"name\":\"Home\",\"item\":\"https:\\\/\\\/melbet.plus\\\/az\\\/\"},{\"@type\":\"ListItem\",\"position\":2,\"name\":\"Bonuslar\",\"item\":\"https:\\\/\\\/melbet.plus\\\/az\\\/bonus\\\/\"},{\"@type\":\"ListItem\",\"position\":3,\"name\":\"Akkumulyator g\u00fccl\u0259ndiricisi\"}]},{\"@type\":\"WebSite\",\"@id\":\"https:\\\/\\\/melbet.plus\\\/az\\\/#website\",\"url\":\"https:\\\/\\\/melbet.plus\\\/az\\\/\",\"name\":\"Melbet az\",\"description\":\"My WordPress Blog\",\"potentialAction\":[{\"@type\":\"SearchAction\",\"target\":{\"@type\":\"EntryPoint\",\"urlTemplate\":\"https:\\\/\\\/melbet.plus\\\/az\\\/?s={search_term_string}\"},\"query-input\":{\"@type\":\"PropertyValueSpecification\",\"valueRequired\":true,\"valueName\":\"search_term_string\"}}],\"inLanguage\":\"az\"}]}<\/script>\n<!-- \/ Yoast SEO plugin. -->","yoast_head_json":{"title":"Melbet Akkumulyator G\u00fccl\u0259ndiricisi \u2014 Ekspress \u018fmsallarda +30%","description":"Melbet Akkumulyator G\u00fccl\u0259ndiricisi \u2014 4 v\u0259 ya daha \u00e7ox se\u00e7imi olan akkumulyatorlar \u00fc\u00e7\u00fcn avtomatik \u0259msal art\u0131rma (\u0259msallar 1.2 v\u0259 ya daha y\u00fcks\u0259kdir): 4 se\u00e7im \u00fc\u00e7\u00fcn +1%, 30 v\u0259 ya daha \u00e7ox se\u00e7im \u00fc\u00e7\u00fcn +30%-\u0259 q\u0259d\u0259r. Misal: 1.2\/2.0\/1.3\/1.5 * 1.01 \u0259msall\u0131 4 t\u0259dbir = 20 AZN m\u0259bl\u0259\u011find\u0259 m\u0259rcd\u0259 94.54 AZN \u00f6d\u0259ni\u015f. Akkumulyatorlar\u0131n\u0131z\u0131 yarad\u0131n v\u0259 m\u0259rc t\u0259l\u0259bl\u0259ri olmadan daha \u00e7ox qazan\u0131n!","robots":{"index":"index","follow":"follow","max-snippet":"max-snippet:-1","max-image-preview":"max-image-preview:large","max-video-preview":"max-video-preview:-1"},"og_locale":"az_AZ","og_type":"article","og_title":"Melbet Akkumulyator G\u00fccl\u0259ndiricisi \u2014 Ekspress \u018fmsallarda +30%","og_description":"Melbet Akkumulyator G\u00fccl\u0259ndiricisi \u2014 4 v\u0259 ya daha \u00e7ox se\u00e7imi olan akkumulyatorlar \u00fc\u00e7\u00fcn avtomatik \u0259msal art\u0131rma (\u0259msallar 1.2 v\u0259 ya daha y\u00fcks\u0259kdir): 4 se\u00e7im \u00fc\u00e7\u00fcn +1%, 30 v\u0259 ya daha \u00e7ox se\u00e7im \u00fc\u00e7\u00fcn +30%-\u0259 q\u0259d\u0259r. Misal: 1.2\/2.0\/1.3\/1.5 * 1.01 \u0259msall\u0131 4 t\u0259dbir = 20 AZN m\u0259bl\u0259\u011find\u0259 m\u0259rcd\u0259 94.54 AZN \u00f6d\u0259ni\u015f. Akkumulyatorlar\u0131n\u0131z\u0131 yarad\u0131n v\u0259 m\u0259rc t\u0259l\u0259bl\u0259ri olmadan daha \u00e7ox qazan\u0131n!","og_url":"https:\/\/melbet.plus\/az\/bonus\/accumulator-booster\/","og_site_name":"Melbet az","article_modified_time":"2026-04-21T15:05:10+00:00","twitter_card":"summary_large_image","schema":{"@context":"https:\/\/schema.org","@graph":[{"@type":"WebPage","@id":"https:\/\/melbet.plus\/az\/bonus\/accumulator-booster\/","url":"https:\/\/melbet.plus\/az\/bonus\/accumulator-booster\/","name":"Melbet Akkumulyator G\u00fccl\u0259ndiricisi \u2014 Ekspress \u018fmsallarda +30%","isPartOf":{"@id":"https:\/\/melbet.plus\/az\/#website"},"datePublished":"2026-04-14T14:57:28+00:00","dateModified":"2026-04-21T15:05:10+00:00","description":"Melbet Akkumulyator G\u00fccl\u0259ndiricisi \u2014 4 v\u0259 ya daha \u00e7ox se\u00e7imi olan akkumulyatorlar \u00fc\u00e7\u00fcn avtomatik \u0259msal art\u0131rma (\u0259msallar 1.2 v\u0259 ya daha y\u00fcks\u0259kdir): 4 se\u00e7im \u00fc\u00e7\u00fcn +1%, 30 v\u0259 ya daha \u00e7ox se\u00e7im \u00fc\u00e7\u00fcn +30%-\u0259 q\u0259d\u0259r. Misal: 1.2\/2.0\/1.3\/1.5 * 1.01 \u0259msall\u0131 4 t\u0259dbir = 20 AZN m\u0259bl\u0259\u011find\u0259 m\u0259rcd\u0259 94.54 AZN \u00f6d\u0259ni\u015f. Akkumulyatorlar\u0131n\u0131z\u0131 yarad\u0131n v\u0259 m\u0259rc t\u0259l\u0259bl\u0259ri olmadan daha \u00e7ox qazan\u0131n!","breadcrumb":{"@id":"https:\/\/melbet.plus\/az\/bonus\/accumulator-booster\/#breadcrumb"},"inLanguage":"az","potentialAction":[{"@type":"ReadAction","target":["https:\/\/melbet.plus\/az\/bonus\/accumulator-booster\/"]}]},{"@type":"BreadcrumbList","@id":"https:\/\/melbet.plus\/az\/bonus\/accumulator-booster\/#breadcrumb","itemListElement":[{"@type":"ListItem","position":1,"name":"Home","item":"https:\/\/melbet.plus\/az\/"},{"@type":"ListItem","position":2,"name":"Bonuslar","item":"https:\/\/melbet.plus\/az\/bonus\/"},{"@type":"ListItem","position":3,"name":"Akkumulyator g\u00fccl\u0259ndiricisi"}]},{"@type":"WebSite","@id":"https:\/\/melbet.plus\/az\/#website","url":"https:\/\/melbet.plus\/az\/","name":"Melbet az","description":"My WordPress Blog","potentialAction":[{"@type":"SearchAction","target":{"@type":"EntryPoint","urlTemplate":"https:\/\/melbet.plus\/az\/?s={search_term_string}"},"query-input":{"@type":"PropertyValueSpecification","valueRequired":true,"valueName":"search_term_string"}}],"inLanguage":"az"}]}},"_links":{"self":[{"href":"https:\/\/melbet.plus\/az\/wp-json\/wp\/v2\/pages\/1249","targetHints":{"allow":["GET"]}}],"collection":[{"href":"https:\/\/melbet.plus\/az\/wp-json\/wp\/v2\/pages"}],"about":[{"href":"https:\/\/melbet.plus\/az\/wp-json\/wp\/v2\/types\/page"}],"author":[{"embeddable":true,"href":"https:\/\/melbet.plus\/az\/wp-json\/wp\/v2\/users\/1"}],"replies":[{"embeddable":true,"href":"https:\/\/melbet.plus\/az\/wp-json\/wp\/v2\/comments?post=1249"}],"version-history":[{"count":5,"href":"https:\/\/melbet.plus\/az\/wp-json\/wp\/v2\/pages\/1249\/revisions"}],"predecessor-version":[{"id":1349,"href":"https:\/\/melbet.plus\/az\/wp-json\/wp\/v2\/pages\/1249\/revisions\/1349"}],"up":[{"embeddable":true,"href":"https:\/\/melbet.plus\/az\/wp-json\/wp\/v2\/pages\/152"}],"wp:attachment":[{"href":"https:\/\/melbet.plus\/az\/wp-json\/wp\/v2\/media?parent=1249"}],"curies":[{"name":"wp","href":"https:\/\/api.w.org\/{rel}","templated":true}]}}