{"id":1235,"date":"2026-04-14T12:03:12","date_gmt":"2026-04-14T12:03:12","guid":{"rendered":"https:\/\/melbet.plus\/az\/?page_id=1235"},"modified":"2026-04-22T07:49:33","modified_gmt":"2026-04-22T07:49:33","slug":"match-point-legends","status":"publish","type":"page","link":"https:\/\/melbet.plus\/az\/bonus\/match-point-legends\/","title":{"rendered":"Match Point Legends"},"content":{"rendered":"","protected":false},"excerpt":{"rendered":"","protected":false},"author":1,"featured_media":0,"parent":152,"menu_order":0,"comment_status":"closed","ping_status":"closed","template":"","meta":{"inline_featured_image":false,"footnotes":""},"class_list":["post-1235","page","type-page","status-publish","hentry"],"yoast_head":"<!-- This site is optimized with the Yoast SEO plugin v27.4 - https:\/\/yoast.com\/product\/yoast-seo-wordpress\/ -->\n<title>Match Point Legends \u2014 Melbet-d\u0259 tennis m\u0259rcl\u0259ri \u00fc\u00e7\u00fcn m\u00fckafatlar<\/title>\n<meta name=\"description\" content=\"Match Point Legends Melbet \u2014 Avstraliya A\u00e7\u0131q \u00c7empionat\u0131, Roland Garros, Wimbledon v\u0259 AB\u015e A\u00e7\u0131q \u00c7empionatlar\u0131na 3.5 AZN v\u0259 ya daha \u00e7ox m\u0259bl\u0259\u011fd\u0259 m\u0259rc ed\u0259r\u0259k bilet qazan\u0131n. iPhone 17 Pro Max, iPad, PS5 Slim, a\u011f\u0131ll\u0131 saat + bonus xallar (5000-\u0259 q\u0259d\u0259r) v\u0259 pulsuz m\u0259rc qazan\u0131n \u2014 h\u0259r turnird\u0259n sonra m\u00fckafat \u00e7\u0259kili\u015fl\u0259ri!\" \/>\n<meta name=\"robots\" content=\"index, follow, max-snippet:-1, max-image-preview:large, max-video-preview:-1\" \/>\n<meta property=\"og:locale\" content=\"az_AZ\" \/>\n<meta property=\"og:type\" content=\"article\" \/>\n<meta property=\"og:title\" content=\"Match Point Legends \u2014 Melbet-d\u0259 tennis m\u0259rcl\u0259ri \u00fc\u00e7\u00fcn m\u00fckafatlar\" \/>\n<meta property=\"og:description\" content=\"Match Point Legends Melbet \u2014 Avstraliya A\u00e7\u0131q \u00c7empionat\u0131, Roland Garros, Wimbledon v\u0259 AB\u015e A\u00e7\u0131q \u00c7empionatlar\u0131na 3.5 AZN v\u0259 ya daha \u00e7ox m\u0259bl\u0259\u011fd\u0259 m\u0259rc ed\u0259r\u0259k bilet qazan\u0131n. iPhone 17 Pro Max, iPad, PS5 Slim, a\u011f\u0131ll\u0131 saat + bonus xallar (5000-\u0259 q\u0259d\u0259r) v\u0259 pulsuz m\u0259rc qazan\u0131n \u2014 h\u0259r turnird\u0259n sonra m\u00fckafat \u00e7\u0259kili\u015fl\u0259ri!\" \/>\n<meta property=\"og:url\" content=\"https:\/\/melbet.plus\/az\/bonus\/match-point-legends\/\" \/>\n<meta property=\"og:site_name\" content=\"Melbet az\" \/>\n<meta property=\"article:modified_time\" content=\"2026-04-22T07:49:33+00:00\" \/>\n<meta name=\"twitter:card\" content=\"summary_large_image\" \/>\n<script type=\"application\/ld+json\" class=\"yoast-schema-graph\">{\"@context\":\"https:\\\/\\\/schema.org\",\"@graph\":[{\"@type\":\"WebPage\",\"@id\":\"https:\\\/\\\/melbet.plus\\\/az\\\/bonus\\\/match-point-legends\\\/\",\"url\":\"https:\\\/\\\/melbet.plus\\\/az\\\/bonus\\\/match-point-legends\\\/\",\"name\":\"Match Point Legends \u2014 Melbet-d\u0259 tennis m\u0259rcl\u0259ri \u00fc\u00e7\u00fcn m\u00fckafatlar\",\"isPartOf\":{\"@id\":\"https:\\\/\\\/melbet.plus\\\/az\\\/#website\"},\"datePublished\":\"2026-04-14T12:03:12+00:00\",\"dateModified\":\"2026-04-22T07:49:33+00:00\",\"description\":\"Match Point Legends Melbet \u2014 Avstraliya A\u00e7\u0131q \u00c7empionat\u0131, Roland Garros, Wimbledon v\u0259 AB\u015e A\u00e7\u0131q \u00c7empionatlar\u0131na 3.5 AZN v\u0259 ya daha \u00e7ox m\u0259bl\u0259\u011fd\u0259 m\u0259rc ed\u0259r\u0259k bilet qazan\u0131n. iPhone 17 Pro Max, iPad, PS5 Slim, a\u011f\u0131ll\u0131 saat + bonus xallar (5000-\u0259 q\u0259d\u0259r) v\u0259 pulsuz m\u0259rc qazan\u0131n \u2014 h\u0259r turnird\u0259n sonra m\u00fckafat \u00e7\u0259kili\u015fl\u0259ri!\",\"breadcrumb\":{\"@id\":\"https:\\\/\\\/melbet.plus\\\/az\\\/bonus\\\/match-point-legends\\\/#breadcrumb\"},\"inLanguage\":\"az\",\"potentialAction\":[{\"@type\":\"ReadAction\",\"target\":[\"https:\\\/\\\/melbet.plus\\\/az\\\/bonus\\\/match-point-legends\\\/\"]}]},{\"@type\":\"BreadcrumbList\",\"@id\":\"https:\\\/\\\/melbet.plus\\\/az\\\/bonus\\\/match-point-legends\\\/#breadcrumb\",\"itemListElement\":[{\"@type\":\"ListItem\",\"position\":1,\"name\":\"Home\",\"item\":\"https:\\\/\\\/melbet.plus\\\/az\\\/\"},{\"@type\":\"ListItem\",\"position\":2,\"name\":\"Bonuslar\",\"item\":\"https:\\\/\\\/melbet.plus\\\/az\\\/bonus\\\/\"},{\"@type\":\"ListItem\",\"position\":3,\"name\":\"Match Point Legends\"}]},{\"@type\":\"WebSite\",\"@id\":\"https:\\\/\\\/melbet.plus\\\/az\\\/#website\",\"url\":\"https:\\\/\\\/melbet.plus\\\/az\\\/\",\"name\":\"Melbet az\",\"description\":\"My WordPress Blog\",\"potentialAction\":[{\"@type\":\"SearchAction\",\"target\":{\"@type\":\"EntryPoint\",\"urlTemplate\":\"https:\\\/\\\/melbet.plus\\\/az\\\/?s={search_term_string}\"},\"query-input\":{\"@type\":\"PropertyValueSpecification\",\"valueRequired\":true,\"valueName\":\"search_term_string\"}}],\"inLanguage\":\"az\"}]}<\/script>\n<!-- \/ Yoast SEO plugin. -->","yoast_head_json":{"title":"Match Point Legends \u2014 Melbet-d\u0259 tennis m\u0259rcl\u0259ri \u00fc\u00e7\u00fcn m\u00fckafatlar","description":"Match Point Legends Melbet \u2014 Avstraliya A\u00e7\u0131q \u00c7empionat\u0131, Roland Garros, Wimbledon v\u0259 AB\u015e A\u00e7\u0131q \u00c7empionatlar\u0131na 3.5 AZN v\u0259 ya daha \u00e7ox m\u0259bl\u0259\u011fd\u0259 m\u0259rc ed\u0259r\u0259k bilet qazan\u0131n. iPhone 17 Pro Max, iPad, PS5 Slim, a\u011f\u0131ll\u0131 saat + bonus xallar (5000-\u0259 q\u0259d\u0259r) v\u0259 pulsuz m\u0259rc qazan\u0131n \u2014 h\u0259r turnird\u0259n sonra m\u00fckafat \u00e7\u0259kili\u015fl\u0259ri!","robots":{"index":"index","follow":"follow","max-snippet":"max-snippet:-1","max-image-preview":"max-image-preview:large","max-video-preview":"max-video-preview:-1"},"og_locale":"az_AZ","og_type":"article","og_title":"Match Point Legends \u2014 Melbet-d\u0259 tennis m\u0259rcl\u0259ri \u00fc\u00e7\u00fcn m\u00fckafatlar","og_description":"Match Point Legends Melbet \u2014 Avstraliya A\u00e7\u0131q \u00c7empionat\u0131, Roland Garros, Wimbledon v\u0259 AB\u015e A\u00e7\u0131q \u00c7empionatlar\u0131na 3.5 AZN v\u0259 ya daha \u00e7ox m\u0259bl\u0259\u011fd\u0259 m\u0259rc ed\u0259r\u0259k bilet qazan\u0131n. iPhone 17 Pro Max, iPad, PS5 Slim, a\u011f\u0131ll\u0131 saat + bonus xallar (5000-\u0259 q\u0259d\u0259r) v\u0259 pulsuz m\u0259rc qazan\u0131n \u2014 h\u0259r turnird\u0259n sonra m\u00fckafat \u00e7\u0259kili\u015fl\u0259ri!","og_url":"https:\/\/melbet.plus\/az\/bonus\/match-point-legends\/","og_site_name":"Melbet az","article_modified_time":"2026-04-22T07:49:33+00:00","twitter_card":"summary_large_image","schema":{"@context":"https:\/\/schema.org","@graph":[{"@type":"WebPage","@id":"https:\/\/melbet.plus\/az\/bonus\/match-point-legends\/","url":"https:\/\/melbet.plus\/az\/bonus\/match-point-legends\/","name":"Match Point Legends \u2014 Melbet-d\u0259 tennis m\u0259rcl\u0259ri \u00fc\u00e7\u00fcn m\u00fckafatlar","isPartOf":{"@id":"https:\/\/melbet.plus\/az\/#website"},"datePublished":"2026-04-14T12:03:12+00:00","dateModified":"2026-04-22T07:49:33+00:00","description":"Match Point Legends Melbet \u2014 Avstraliya A\u00e7\u0131q \u00c7empionat\u0131, Roland Garros, Wimbledon v\u0259 AB\u015e A\u00e7\u0131q \u00c7empionatlar\u0131na 3.5 AZN v\u0259 ya daha \u00e7ox m\u0259bl\u0259\u011fd\u0259 m\u0259rc ed\u0259r\u0259k bilet qazan\u0131n. iPhone 17 Pro Max, iPad, PS5 Slim, a\u011f\u0131ll\u0131 saat + bonus xallar (5000-\u0259 q\u0259d\u0259r) v\u0259 pulsuz m\u0259rc qazan\u0131n \u2014 h\u0259r turnird\u0259n sonra m\u00fckafat \u00e7\u0259kili\u015fl\u0259ri!","breadcrumb":{"@id":"https:\/\/melbet.plus\/az\/bonus\/match-point-legends\/#breadcrumb"},"inLanguage":"az","potentialAction":[{"@type":"ReadAction","target":["https:\/\/melbet.plus\/az\/bonus\/match-point-legends\/"]}]},{"@type":"BreadcrumbList","@id":"https:\/\/melbet.plus\/az\/bonus\/match-point-legends\/#breadcrumb","itemListElement":[{"@type":"ListItem","position":1,"name":"Home","item":"https:\/\/melbet.plus\/az\/"},{"@type":"ListItem","position":2,"name":"Bonuslar","item":"https:\/\/melbet.plus\/az\/bonus\/"},{"@type":"ListItem","position":3,"name":"Match Point Legends"}]},{"@type":"WebSite","@id":"https:\/\/melbet.plus\/az\/#website","url":"https:\/\/melbet.plus\/az\/","name":"Melbet az","description":"My WordPress Blog","potentialAction":[{"@type":"SearchAction","target":{"@type":"EntryPoint","urlTemplate":"https:\/\/melbet.plus\/az\/?s={search_term_string}"},"query-input":{"@type":"PropertyValueSpecification","valueRequired":true,"valueName":"search_term_string"}}],"inLanguage":"az"}]}},"_links":{"self":[{"href":"https:\/\/melbet.plus\/az\/wp-json\/wp\/v2\/pages\/1235","targetHints":{"allow":["GET"]}}],"collection":[{"href":"https:\/\/melbet.plus\/az\/wp-json\/wp\/v2\/pages"}],"about":[{"href":"https:\/\/melbet.plus\/az\/wp-json\/wp\/v2\/types\/page"}],"author":[{"embeddable":true,"href":"https:\/\/melbet.plus\/az\/wp-json\/wp\/v2\/users\/1"}],"replies":[{"embeddable":true,"href":"https:\/\/melbet.plus\/az\/wp-json\/wp\/v2\/comments?post=1235"}],"version-history":[{"count":4,"href":"https:\/\/melbet.plus\/az\/wp-json\/wp\/v2\/pages\/1235\/revisions"}],"predecessor-version":[{"id":1376,"href":"https:\/\/melbet.plus\/az\/wp-json\/wp\/v2\/pages\/1235\/revisions\/1376"}],"up":[{"embeddable":true,"href":"https:\/\/melbet.plus\/az\/wp-json\/wp\/v2\/pages\/152"}],"wp:attachment":[{"href":"https:\/\/melbet.plus\/az\/wp-json\/wp\/v2\/media?parent=1235"}],"curies":[{"name":"wp","href":"https:\/\/api.w.org\/{rel}","templated":true}]}}