{"id":1224,"date":"2026-04-13T17:04:53","date_gmt":"2026-04-13T17:04:53","guid":{"rendered":"https:\/\/melbet.plus\/az\/?page_id=1224"},"modified":"2026-04-21T15:19:05","modified_gmt":"2026-04-21T15:19:05","slug":"basket-bonus-back","status":"publish","type":"page","link":"https:\/\/melbet.plus\/az\/bonus\/basket-bonus-back\/","title":{"rendered":"S\u0259b\u0259t Bonusu Geri"},"content":{"rendered":"","protected":false},"excerpt":{"rendered":"","protected":false},"author":1,"featured_media":0,"parent":152,"menu_order":0,"comment_status":"closed","ping_status":"closed","template":"","meta":{"inline_featured_image":false,"footnotes":""},"class_list":["post-1224","page","type-page","status-publish","hentry"],"yoast_head":"<!-- This site is optimized with the Yoast SEO plugin v27.4 - https:\/\/yoast.com\/product\/yoast-seo-wordpress\/ -->\n<title>Melbet S\u0259b\u0259ti Bonusu Geri \u2014 H\u0259ft\u0259lik 20%-\u0259 q\u0259d\u0259r pulsuz m\u0259rcl\u0259r<\/title>\n<meta name=\"description\" content=\"Melbet S\u0259b\u0259t Bonusu Geri \u2014 2025\/26 m\u00f6vs\u00fcm\u00fcnd\u0259n (Bazar ert\u0259si\u2013Bazar) NBA mat\u00e7lar\u0131na 1.70 avro v\u0259 ya daha \u00e7ox m\u0259rc edin v\u0259 n\u00f6vb\u0259ti h\u0259ft\u0259 pulsuz m\u0259rc \u0259ld\u0259 edin: 8,54 AZN v\u0259 ya daha \u00e7ox m\u0259bl\u0259\u011fd\u0259 10%, 17,08 AZN v\u0259 ya daha \u00e7ox m\u0259bl\u0259\u011fd\u0259 15%, 34,16 AZN v\u0259 ya daha \u00e7ox m\u0259bl\u0259\u011fd\u0259 20%. Qeydiyyatdan ke\u00e7in, \u201c\u0130\u015ftirak et\u201d d\u00fcym\u0259sini bas\u0131n v\u0259 sevdiyiniz liqada pulsuz m\u0259rcl\u0259r qazan\u0131n!\" \/>\n<meta name=\"robots\" content=\"index, follow, max-snippet:-1, max-image-preview:large, max-video-preview:-1\" \/>\n<meta property=\"og:locale\" content=\"az_AZ\" \/>\n<meta property=\"og:type\" content=\"article\" \/>\n<meta property=\"og:title\" content=\"Melbet S\u0259b\u0259ti Bonusu Geri \u2014 H\u0259ft\u0259lik 20%-\u0259 q\u0259d\u0259r pulsuz m\u0259rcl\u0259r\" \/>\n<meta property=\"og:description\" content=\"Melbet S\u0259b\u0259t Bonusu Geri \u2014 2025\/26 m\u00f6vs\u00fcm\u00fcnd\u0259n (Bazar ert\u0259si\u2013Bazar) NBA mat\u00e7lar\u0131na 1.70 avro v\u0259 ya daha \u00e7ox m\u0259rc edin v\u0259 n\u00f6vb\u0259ti h\u0259ft\u0259 pulsuz m\u0259rc \u0259ld\u0259 edin: 8,54 AZN v\u0259 ya daha \u00e7ox m\u0259bl\u0259\u011fd\u0259 10%, 17,08 AZN v\u0259 ya daha \u00e7ox m\u0259bl\u0259\u011fd\u0259 15%, 34,16 AZN v\u0259 ya daha \u00e7ox m\u0259bl\u0259\u011fd\u0259 20%. Qeydiyyatdan ke\u00e7in, \u201c\u0130\u015ftirak et\u201d d\u00fcym\u0259sini bas\u0131n v\u0259 sevdiyiniz liqada pulsuz m\u0259rcl\u0259r qazan\u0131n!\" \/>\n<meta property=\"og:url\" content=\"https:\/\/melbet.plus\/az\/bonus\/basket-bonus-back\/\" \/>\n<meta property=\"og:site_name\" content=\"Melbet az\" \/>\n<meta property=\"article:modified_time\" content=\"2026-04-21T15:19:05+00:00\" \/>\n<meta name=\"twitter:card\" content=\"summary_large_image\" \/>\n<script type=\"application\/ld+json\" class=\"yoast-schema-graph\">{\"@context\":\"https:\\\/\\\/schema.org\",\"@graph\":[{\"@type\":\"WebPage\",\"@id\":\"https:\\\/\\\/melbet.plus\\\/az\\\/bonus\\\/basket-bonus-back\\\/\",\"url\":\"https:\\\/\\\/melbet.plus\\\/az\\\/bonus\\\/basket-bonus-back\\\/\",\"name\":\"Melbet S\u0259b\u0259ti Bonusu Geri \u2014 H\u0259ft\u0259lik 20%-\u0259 q\u0259d\u0259r pulsuz m\u0259rcl\u0259r\",\"isPartOf\":{\"@id\":\"https:\\\/\\\/melbet.plus\\\/az\\\/#website\"},\"datePublished\":\"2026-04-13T17:04:53+00:00\",\"dateModified\":\"2026-04-21T15:19:05+00:00\",\"description\":\"Melbet S\u0259b\u0259t Bonusu Geri \u2014 2025\\\/26 m\u00f6vs\u00fcm\u00fcnd\u0259n (Bazar ert\u0259si\u2013Bazar) NBA mat\u00e7lar\u0131na 1.70 avro v\u0259 ya daha \u00e7ox m\u0259rc edin v\u0259 n\u00f6vb\u0259ti h\u0259ft\u0259 pulsuz m\u0259rc \u0259ld\u0259 edin: 8,54 AZN v\u0259 ya daha \u00e7ox m\u0259bl\u0259\u011fd\u0259 10%, 17,08 AZN v\u0259 ya daha \u00e7ox m\u0259bl\u0259\u011fd\u0259 15%, 34,16 AZN v\u0259 ya daha \u00e7ox m\u0259bl\u0259\u011fd\u0259 20%. Qeydiyyatdan ke\u00e7in, \u201c\u0130\u015ftirak et\u201d d\u00fcym\u0259sini bas\u0131n v\u0259 sevdiyiniz liqada pulsuz m\u0259rcl\u0259r qazan\u0131n!\",\"breadcrumb\":{\"@id\":\"https:\\\/\\\/melbet.plus\\\/az\\\/bonus\\\/basket-bonus-back\\\/#breadcrumb\"},\"inLanguage\":\"az\",\"potentialAction\":[{\"@type\":\"ReadAction\",\"target\":[\"https:\\\/\\\/melbet.plus\\\/az\\\/bonus\\\/basket-bonus-back\\\/\"]}]},{\"@type\":\"BreadcrumbList\",\"@id\":\"https:\\\/\\\/melbet.plus\\\/az\\\/bonus\\\/basket-bonus-back\\\/#breadcrumb\",\"itemListElement\":[{\"@type\":\"ListItem\",\"position\":1,\"name\":\"Home\",\"item\":\"https:\\\/\\\/melbet.plus\\\/az\\\/\"},{\"@type\":\"ListItem\",\"position\":2,\"name\":\"Bonuslar\",\"item\":\"https:\\\/\\\/melbet.plus\\\/az\\\/bonus\\\/\"},{\"@type\":\"ListItem\",\"position\":3,\"name\":\"S\u0259b\u0259t Bonusu Geri\"}]},{\"@type\":\"WebSite\",\"@id\":\"https:\\\/\\\/melbet.plus\\\/az\\\/#website\",\"url\":\"https:\\\/\\\/melbet.plus\\\/az\\\/\",\"name\":\"Melbet az\",\"description\":\"My WordPress Blog\",\"potentialAction\":[{\"@type\":\"SearchAction\",\"target\":{\"@type\":\"EntryPoint\",\"urlTemplate\":\"https:\\\/\\\/melbet.plus\\\/az\\\/?s={search_term_string}\"},\"query-input\":{\"@type\":\"PropertyValueSpecification\",\"valueRequired\":true,\"valueName\":\"search_term_string\"}}],\"inLanguage\":\"az\"}]}<\/script>\n<!-- \/ Yoast SEO plugin. -->","yoast_head_json":{"title":"Melbet S\u0259b\u0259ti Bonusu Geri \u2014 H\u0259ft\u0259lik 20%-\u0259 q\u0259d\u0259r pulsuz m\u0259rcl\u0259r","description":"Melbet S\u0259b\u0259t Bonusu Geri \u2014 2025\/26 m\u00f6vs\u00fcm\u00fcnd\u0259n (Bazar ert\u0259si\u2013Bazar) NBA mat\u00e7lar\u0131na 1.70 avro v\u0259 ya daha \u00e7ox m\u0259rc edin v\u0259 n\u00f6vb\u0259ti h\u0259ft\u0259 pulsuz m\u0259rc \u0259ld\u0259 edin: 8,54 AZN v\u0259 ya daha \u00e7ox m\u0259bl\u0259\u011fd\u0259 10%, 17,08 AZN v\u0259 ya daha \u00e7ox m\u0259bl\u0259\u011fd\u0259 15%, 34,16 AZN v\u0259 ya daha \u00e7ox m\u0259bl\u0259\u011fd\u0259 20%. Qeydiyyatdan ke\u00e7in, \u201c\u0130\u015ftirak et\u201d d\u00fcym\u0259sini bas\u0131n v\u0259 sevdiyiniz liqada pulsuz m\u0259rcl\u0259r qazan\u0131n!","robots":{"index":"index","follow":"follow","max-snippet":"max-snippet:-1","max-image-preview":"max-image-preview:large","max-video-preview":"max-video-preview:-1"},"og_locale":"az_AZ","og_type":"article","og_title":"Melbet S\u0259b\u0259ti Bonusu Geri \u2014 H\u0259ft\u0259lik 20%-\u0259 q\u0259d\u0259r pulsuz m\u0259rcl\u0259r","og_description":"Melbet S\u0259b\u0259t Bonusu Geri \u2014 2025\/26 m\u00f6vs\u00fcm\u00fcnd\u0259n (Bazar ert\u0259si\u2013Bazar) NBA mat\u00e7lar\u0131na 1.70 avro v\u0259 ya daha \u00e7ox m\u0259rc edin v\u0259 n\u00f6vb\u0259ti h\u0259ft\u0259 pulsuz m\u0259rc \u0259ld\u0259 edin: 8,54 AZN v\u0259 ya daha \u00e7ox m\u0259bl\u0259\u011fd\u0259 10%, 17,08 AZN v\u0259 ya daha \u00e7ox m\u0259bl\u0259\u011fd\u0259 15%, 34,16 AZN v\u0259 ya daha \u00e7ox m\u0259bl\u0259\u011fd\u0259 20%. Qeydiyyatdan ke\u00e7in, \u201c\u0130\u015ftirak et\u201d d\u00fcym\u0259sini bas\u0131n v\u0259 sevdiyiniz liqada pulsuz m\u0259rcl\u0259r qazan\u0131n!","og_url":"https:\/\/melbet.plus\/az\/bonus\/basket-bonus-back\/","og_site_name":"Melbet az","article_modified_time":"2026-04-21T15:19:05+00:00","twitter_card":"summary_large_image","schema":{"@context":"https:\/\/schema.org","@graph":[{"@type":"WebPage","@id":"https:\/\/melbet.plus\/az\/bonus\/basket-bonus-back\/","url":"https:\/\/melbet.plus\/az\/bonus\/basket-bonus-back\/","name":"Melbet S\u0259b\u0259ti Bonusu Geri \u2014 H\u0259ft\u0259lik 20%-\u0259 q\u0259d\u0259r pulsuz m\u0259rcl\u0259r","isPartOf":{"@id":"https:\/\/melbet.plus\/az\/#website"},"datePublished":"2026-04-13T17:04:53+00:00","dateModified":"2026-04-21T15:19:05+00:00","description":"Melbet S\u0259b\u0259t Bonusu Geri \u2014 2025\/26 m\u00f6vs\u00fcm\u00fcnd\u0259n (Bazar ert\u0259si\u2013Bazar) NBA mat\u00e7lar\u0131na 1.70 avro v\u0259 ya daha \u00e7ox m\u0259rc edin v\u0259 n\u00f6vb\u0259ti h\u0259ft\u0259 pulsuz m\u0259rc \u0259ld\u0259 edin: 8,54 AZN v\u0259 ya daha \u00e7ox m\u0259bl\u0259\u011fd\u0259 10%, 17,08 AZN v\u0259 ya daha \u00e7ox m\u0259bl\u0259\u011fd\u0259 15%, 34,16 AZN v\u0259 ya daha \u00e7ox m\u0259bl\u0259\u011fd\u0259 20%. Qeydiyyatdan ke\u00e7in, \u201c\u0130\u015ftirak et\u201d d\u00fcym\u0259sini bas\u0131n v\u0259 sevdiyiniz liqada pulsuz m\u0259rcl\u0259r qazan\u0131n!","breadcrumb":{"@id":"https:\/\/melbet.plus\/az\/bonus\/basket-bonus-back\/#breadcrumb"},"inLanguage":"az","potentialAction":[{"@type":"ReadAction","target":["https:\/\/melbet.plus\/az\/bonus\/basket-bonus-back\/"]}]},{"@type":"BreadcrumbList","@id":"https:\/\/melbet.plus\/az\/bonus\/basket-bonus-back\/#breadcrumb","itemListElement":[{"@type":"ListItem","position":1,"name":"Home","item":"https:\/\/melbet.plus\/az\/"},{"@type":"ListItem","position":2,"name":"Bonuslar","item":"https:\/\/melbet.plus\/az\/bonus\/"},{"@type":"ListItem","position":3,"name":"S\u0259b\u0259t Bonusu Geri"}]},{"@type":"WebSite","@id":"https:\/\/melbet.plus\/az\/#website","url":"https:\/\/melbet.plus\/az\/","name":"Melbet az","description":"My WordPress Blog","potentialAction":[{"@type":"SearchAction","target":{"@type":"EntryPoint","urlTemplate":"https:\/\/melbet.plus\/az\/?s={search_term_string}"},"query-input":{"@type":"PropertyValueSpecification","valueRequired":true,"valueName":"search_term_string"}}],"inLanguage":"az"}]}},"_links":{"self":[{"href":"https:\/\/melbet.plus\/az\/wp-json\/wp\/v2\/pages\/1224","targetHints":{"allow":["GET"]}}],"collection":[{"href":"https:\/\/melbet.plus\/az\/wp-json\/wp\/v2\/pages"}],"about":[{"href":"https:\/\/melbet.plus\/az\/wp-json\/wp\/v2\/types\/page"}],"author":[{"embeddable":true,"href":"https:\/\/melbet.plus\/az\/wp-json\/wp\/v2\/users\/1"}],"replies":[{"embeddable":true,"href":"https:\/\/melbet.plus\/az\/wp-json\/wp\/v2\/comments?post=1224"}],"version-history":[{"count":4,"href":"https:\/\/melbet.plus\/az\/wp-json\/wp\/v2\/pages\/1224\/revisions"}],"predecessor-version":[{"id":1353,"href":"https:\/\/melbet.plus\/az\/wp-json\/wp\/v2\/pages\/1224\/revisions\/1353"}],"up":[{"embeddable":true,"href":"https:\/\/melbet.plus\/az\/wp-json\/wp\/v2\/pages\/152"}],"wp:attachment":[{"href":"https:\/\/melbet.plus\/az\/wp-json\/wp\/v2\/media?parent=1224"}],"curies":[{"name":"wp","href":"https:\/\/api.w.org\/{rel}","templated":true}]}}