{"id":1216,"date":"2026-04-13T16:11:32","date_gmt":"2026-04-13T16:11:32","guid":{"rendered":"https:\/\/melbet.plus\/az\/?page_id=1216"},"modified":"2026-04-21T15:25:24","modified_gmt":"2026-04-21T15:25:24","slug":"blast-slam-season","status":"publish","type":"page","link":"https:\/\/melbet.plus\/az\/bonus\/blast-slam-season\/","title":{"rendered":"BLAST Slam M\u00f6vs\u00fcm\u00fc"},"content":{"rendered":"","protected":false},"excerpt":{"rendered":"","protected":false},"author":1,"featured_media":0,"parent":152,"menu_order":0,"comment_status":"closed","ping_status":"closed","template":"","meta":{"inline_featured_image":false,"footnotes":""},"class_list":["post-1216","page","type-page","status-publish","hentry"],"yoast_head":"<!-- This site is optimized with the Yoast SEO plugin v27.4 - https:\/\/yoast.com\/product\/yoast-seo-wordpress\/ -->\n<title>Melbet BLAST Slam M\u00f6vs\u00fcm\u00fc: Dota 2 m\u0259rcl\u0259rind\u0259 20%-\u0259 q\u0259d\u0259r ke\u015fbek!<\/title>\n<meta name=\"description\" content=\"Melbet-d\u0259 BLAST Slam 2026 \u2013 Dota 2 turnirl\u0259rind\u0259 6 AZN v\u0259 ya daha \u00e7ox m\u0259bl\u0259\u011fd\u0259 m\u0259rcl\u0259r \u00fc\u00e7\u00fcn 20%-\u0259 q\u0259d\u0259r ke\u015fbek. 1.50 v\u0259 ya daha y\u00fcks\u0259k \u0259msall\u0131 t\u0259k m\u0259rcl\u0259r, 3 v\u0259 ya daha \u00e7ox hadis\u0259li ekspress m\u0259rcl\u0259r (\u0259msal 1.40 v\u0259 ya daha y\u00fcks\u0259k), 4 v\u0259 ya daha \u00e7ox hadis\u0259d\u0259 5 d\u0259f\u0259 d\u00f6vriyy\u0259 \u2014 qeydiyyatdan ke\u00e7in, \u201c\u0130\u015ftirak et\u201d d\u00fcym\u0259sini bas\u0131n v\u0259 h\u0259r m\u0259rh\u0259l\u0259d\u0259n sonra 85 AZN-\u0259 q\u0259d\u0259r bonuslar qazan\u0131n!\" \/>\n<meta name=\"robots\" content=\"index, follow, max-snippet:-1, max-image-preview:large, max-video-preview:-1\" \/>\n<meta property=\"og:locale\" content=\"az_AZ\" \/>\n<meta property=\"og:type\" content=\"article\" \/>\n<meta property=\"og:title\" content=\"Melbet BLAST Slam M\u00f6vs\u00fcm\u00fc: Dota 2 m\u0259rcl\u0259rind\u0259 20%-\u0259 q\u0259d\u0259r ke\u015fbek!\" \/>\n<meta property=\"og:description\" content=\"Melbet-d\u0259 BLAST Slam 2026 \u2013 Dota 2 turnirl\u0259rind\u0259 6 AZN v\u0259 ya daha \u00e7ox m\u0259bl\u0259\u011fd\u0259 m\u0259rcl\u0259r \u00fc\u00e7\u00fcn 20%-\u0259 q\u0259d\u0259r ke\u015fbek. 1.50 v\u0259 ya daha y\u00fcks\u0259k \u0259msall\u0131 t\u0259k m\u0259rcl\u0259r, 3 v\u0259 ya daha \u00e7ox hadis\u0259li ekspress m\u0259rcl\u0259r (\u0259msal 1.40 v\u0259 ya daha y\u00fcks\u0259k), 4 v\u0259 ya daha \u00e7ox hadis\u0259d\u0259 5 d\u0259f\u0259 d\u00f6vriyy\u0259 \u2014 qeydiyyatdan ke\u00e7in, \u201c\u0130\u015ftirak et\u201d d\u00fcym\u0259sini bas\u0131n v\u0259 h\u0259r m\u0259rh\u0259l\u0259d\u0259n sonra 85 AZN-\u0259 q\u0259d\u0259r bonuslar qazan\u0131n!\" \/>\n<meta property=\"og:url\" content=\"https:\/\/melbet.plus\/az\/bonus\/blast-slam-season\/\" \/>\n<meta property=\"og:site_name\" content=\"Melbet az\" \/>\n<meta property=\"article:modified_time\" content=\"2026-04-21T15:25:24+00:00\" \/>\n<meta name=\"twitter:card\" content=\"summary_large_image\" \/>\n<script type=\"application\/ld+json\" class=\"yoast-schema-graph\">{\"@context\":\"https:\\\/\\\/schema.org\",\"@graph\":[{\"@type\":\"WebPage\",\"@id\":\"https:\\\/\\\/melbet.plus\\\/az\\\/bonus\\\/blast-slam-season\\\/\",\"url\":\"https:\\\/\\\/melbet.plus\\\/az\\\/bonus\\\/blast-slam-season\\\/\",\"name\":\"Melbet BLAST Slam M\u00f6vs\u00fcm\u00fc: Dota 2 m\u0259rcl\u0259rind\u0259 20%-\u0259 q\u0259d\u0259r ke\u015fbek!\",\"isPartOf\":{\"@id\":\"https:\\\/\\\/melbet.plus\\\/az\\\/#website\"},\"datePublished\":\"2026-04-13T16:11:32+00:00\",\"dateModified\":\"2026-04-21T15:25:24+00:00\",\"description\":\"Melbet-d\u0259 BLAST Slam 2026 \u2013 Dota 2 turnirl\u0259rind\u0259 6 AZN v\u0259 ya daha \u00e7ox m\u0259bl\u0259\u011fd\u0259 m\u0259rcl\u0259r \u00fc\u00e7\u00fcn 20%-\u0259 q\u0259d\u0259r ke\u015fbek. 1.50 v\u0259 ya daha y\u00fcks\u0259k \u0259msall\u0131 t\u0259k m\u0259rcl\u0259r, 3 v\u0259 ya daha \u00e7ox hadis\u0259li ekspress m\u0259rcl\u0259r (\u0259msal 1.40 v\u0259 ya daha y\u00fcks\u0259k), 4 v\u0259 ya daha \u00e7ox hadis\u0259d\u0259 5 d\u0259f\u0259 d\u00f6vriyy\u0259 \u2014 qeydiyyatdan ke\u00e7in, \u201c\u0130\u015ftirak et\u201d d\u00fcym\u0259sini bas\u0131n v\u0259 h\u0259r m\u0259rh\u0259l\u0259d\u0259n sonra 85 AZN-\u0259 q\u0259d\u0259r bonuslar qazan\u0131n!\",\"breadcrumb\":{\"@id\":\"https:\\\/\\\/melbet.plus\\\/az\\\/bonus\\\/blast-slam-season\\\/#breadcrumb\"},\"inLanguage\":\"az\",\"potentialAction\":[{\"@type\":\"ReadAction\",\"target\":[\"https:\\\/\\\/melbet.plus\\\/az\\\/bonus\\\/blast-slam-season\\\/\"]}]},{\"@type\":\"BreadcrumbList\",\"@id\":\"https:\\\/\\\/melbet.plus\\\/az\\\/bonus\\\/blast-slam-season\\\/#breadcrumb\",\"itemListElement\":[{\"@type\":\"ListItem\",\"position\":1,\"name\":\"Home\",\"item\":\"https:\\\/\\\/melbet.plus\\\/az\\\/\"},{\"@type\":\"ListItem\",\"position\":2,\"name\":\"Bonuslar\",\"item\":\"https:\\\/\\\/melbet.plus\\\/az\\\/bonus\\\/\"},{\"@type\":\"ListItem\",\"position\":3,\"name\":\"BLAST Slam M\u00f6vs\u00fcm\u00fc\"}]},{\"@type\":\"WebSite\",\"@id\":\"https:\\\/\\\/melbet.plus\\\/az\\\/#website\",\"url\":\"https:\\\/\\\/melbet.plus\\\/az\\\/\",\"name\":\"Melbet az\",\"description\":\"My WordPress Blog\",\"potentialAction\":[{\"@type\":\"SearchAction\",\"target\":{\"@type\":\"EntryPoint\",\"urlTemplate\":\"https:\\\/\\\/melbet.plus\\\/az\\\/?s={search_term_string}\"},\"query-input\":{\"@type\":\"PropertyValueSpecification\",\"valueRequired\":true,\"valueName\":\"search_term_string\"}}],\"inLanguage\":\"az\"}]}<\/script>\n<!-- \/ Yoast SEO plugin. -->","yoast_head_json":{"title":"Melbet BLAST Slam M\u00f6vs\u00fcm\u00fc: Dota 2 m\u0259rcl\u0259rind\u0259 20%-\u0259 q\u0259d\u0259r ke\u015fbek!","description":"Melbet-d\u0259 BLAST Slam 2026 \u2013 Dota 2 turnirl\u0259rind\u0259 6 AZN v\u0259 ya daha \u00e7ox m\u0259bl\u0259\u011fd\u0259 m\u0259rcl\u0259r \u00fc\u00e7\u00fcn 20%-\u0259 q\u0259d\u0259r ke\u015fbek. 1.50 v\u0259 ya daha y\u00fcks\u0259k \u0259msall\u0131 t\u0259k m\u0259rcl\u0259r, 3 v\u0259 ya daha \u00e7ox hadis\u0259li ekspress m\u0259rcl\u0259r (\u0259msal 1.40 v\u0259 ya daha y\u00fcks\u0259k), 4 v\u0259 ya daha \u00e7ox hadis\u0259d\u0259 5 d\u0259f\u0259 d\u00f6vriyy\u0259 \u2014 qeydiyyatdan ke\u00e7in, \u201c\u0130\u015ftirak et\u201d d\u00fcym\u0259sini bas\u0131n v\u0259 h\u0259r m\u0259rh\u0259l\u0259d\u0259n sonra 85 AZN-\u0259 q\u0259d\u0259r bonuslar qazan\u0131n!","robots":{"index":"index","follow":"follow","max-snippet":"max-snippet:-1","max-image-preview":"max-image-preview:large","max-video-preview":"max-video-preview:-1"},"og_locale":"az_AZ","og_type":"article","og_title":"Melbet BLAST Slam M\u00f6vs\u00fcm\u00fc: Dota 2 m\u0259rcl\u0259rind\u0259 20%-\u0259 q\u0259d\u0259r ke\u015fbek!","og_description":"Melbet-d\u0259 BLAST Slam 2026 \u2013 Dota 2 turnirl\u0259rind\u0259 6 AZN v\u0259 ya daha \u00e7ox m\u0259bl\u0259\u011fd\u0259 m\u0259rcl\u0259r \u00fc\u00e7\u00fcn 20%-\u0259 q\u0259d\u0259r ke\u015fbek. 1.50 v\u0259 ya daha y\u00fcks\u0259k \u0259msall\u0131 t\u0259k m\u0259rcl\u0259r, 3 v\u0259 ya daha \u00e7ox hadis\u0259li ekspress m\u0259rcl\u0259r (\u0259msal 1.40 v\u0259 ya daha y\u00fcks\u0259k), 4 v\u0259 ya daha \u00e7ox hadis\u0259d\u0259 5 d\u0259f\u0259 d\u00f6vriyy\u0259 \u2014 qeydiyyatdan ke\u00e7in, \u201c\u0130\u015ftirak et\u201d d\u00fcym\u0259sini bas\u0131n v\u0259 h\u0259r m\u0259rh\u0259l\u0259d\u0259n sonra 85 AZN-\u0259 q\u0259d\u0259r bonuslar qazan\u0131n!","og_url":"https:\/\/melbet.plus\/az\/bonus\/blast-slam-season\/","og_site_name":"Melbet az","article_modified_time":"2026-04-21T15:25:24+00:00","twitter_card":"summary_large_image","schema":{"@context":"https:\/\/schema.org","@graph":[{"@type":"WebPage","@id":"https:\/\/melbet.plus\/az\/bonus\/blast-slam-season\/","url":"https:\/\/melbet.plus\/az\/bonus\/blast-slam-season\/","name":"Melbet BLAST Slam M\u00f6vs\u00fcm\u00fc: Dota 2 m\u0259rcl\u0259rind\u0259 20%-\u0259 q\u0259d\u0259r ke\u015fbek!","isPartOf":{"@id":"https:\/\/melbet.plus\/az\/#website"},"datePublished":"2026-04-13T16:11:32+00:00","dateModified":"2026-04-21T15:25:24+00:00","description":"Melbet-d\u0259 BLAST Slam 2026 \u2013 Dota 2 turnirl\u0259rind\u0259 6 AZN v\u0259 ya daha \u00e7ox m\u0259bl\u0259\u011fd\u0259 m\u0259rcl\u0259r \u00fc\u00e7\u00fcn 20%-\u0259 q\u0259d\u0259r ke\u015fbek. 1.50 v\u0259 ya daha y\u00fcks\u0259k \u0259msall\u0131 t\u0259k m\u0259rcl\u0259r, 3 v\u0259 ya daha \u00e7ox hadis\u0259li ekspress m\u0259rcl\u0259r (\u0259msal 1.40 v\u0259 ya daha y\u00fcks\u0259k), 4 v\u0259 ya daha \u00e7ox hadis\u0259d\u0259 5 d\u0259f\u0259 d\u00f6vriyy\u0259 \u2014 qeydiyyatdan ke\u00e7in, \u201c\u0130\u015ftirak et\u201d d\u00fcym\u0259sini bas\u0131n v\u0259 h\u0259r m\u0259rh\u0259l\u0259d\u0259n sonra 85 AZN-\u0259 q\u0259d\u0259r bonuslar qazan\u0131n!","breadcrumb":{"@id":"https:\/\/melbet.plus\/az\/bonus\/blast-slam-season\/#breadcrumb"},"inLanguage":"az","potentialAction":[{"@type":"ReadAction","target":["https:\/\/melbet.plus\/az\/bonus\/blast-slam-season\/"]}]},{"@type":"BreadcrumbList","@id":"https:\/\/melbet.plus\/az\/bonus\/blast-slam-season\/#breadcrumb","itemListElement":[{"@type":"ListItem","position":1,"name":"Home","item":"https:\/\/melbet.plus\/az\/"},{"@type":"ListItem","position":2,"name":"Bonuslar","item":"https:\/\/melbet.plus\/az\/bonus\/"},{"@type":"ListItem","position":3,"name":"BLAST Slam M\u00f6vs\u00fcm\u00fc"}]},{"@type":"WebSite","@id":"https:\/\/melbet.plus\/az\/#website","url":"https:\/\/melbet.plus\/az\/","name":"Melbet az","description":"My WordPress Blog","potentialAction":[{"@type":"SearchAction","target":{"@type":"EntryPoint","urlTemplate":"https:\/\/melbet.plus\/az\/?s={search_term_string}"},"query-input":{"@type":"PropertyValueSpecification","valueRequired":true,"valueName":"search_term_string"}}],"inLanguage":"az"}]}},"_links":{"self":[{"href":"https:\/\/melbet.plus\/az\/wp-json\/wp\/v2\/pages\/1216","targetHints":{"allow":["GET"]}}],"collection":[{"href":"https:\/\/melbet.plus\/az\/wp-json\/wp\/v2\/pages"}],"about":[{"href":"https:\/\/melbet.plus\/az\/wp-json\/wp\/v2\/types\/page"}],"author":[{"embeddable":true,"href":"https:\/\/melbet.plus\/az\/wp-json\/wp\/v2\/users\/1"}],"replies":[{"embeddable":true,"href":"https:\/\/melbet.plus\/az\/wp-json\/wp\/v2\/comments?post=1216"}],"version-history":[{"count":5,"href":"https:\/\/melbet.plus\/az\/wp-json\/wp\/v2\/pages\/1216\/revisions"}],"predecessor-version":[{"id":1357,"href":"https:\/\/melbet.plus\/az\/wp-json\/wp\/v2\/pages\/1216\/revisions\/1357"}],"up":[{"embeddable":true,"href":"https:\/\/melbet.plus\/az\/wp-json\/wp\/v2\/pages\/152"}],"wp:attachment":[{"href":"https:\/\/melbet.plus\/az\/wp-json\/wp\/v2\/media?parent=1216"}],"curies":[{"name":"wp","href":"https:\/\/api.w.org\/{rel}","templated":true}]}}