{"id":1210,"date":"2026-04-13T14:59:01","date_gmt":"2026-04-13T14:59:01","guid":{"rendered":"https:\/\/melbet.plus\/az\/?page_id=1210"},"modified":"2026-04-21T16:33:32","modified_gmt":"2026-04-21T16:33:32","slug":"game-of-champions","status":"publish","type":"page","link":"https:\/\/melbet.plus\/az\/bonus\/game-of-champions\/","title":{"rendered":"\u00c7empionlar Oyunu"},"content":{"rendered":"","protected":false},"excerpt":{"rendered":"","protected":false},"author":1,"featured_media":0,"parent":152,"menu_order":0,"comment_status":"closed","ping_status":"closed","template":"","meta":{"inline_featured_image":false,"footnotes":""},"class_list":["post-1210","page","type-page","status-publish","hentry"],"yoast_head":"<!-- This site is optimized with the Yoast SEO plugin v27.4 - https:\/\/yoast.com\/product\/yoast-seo-wordpress\/ -->\n<title>Melbet \u00c7empionlar Oyunu: \u00c7empionlar \u00fc\u00e7\u00fcn Pulsuz M\u0259rcl\u0259r + Super M\u00fckafatlar<\/title>\n<meta name=\"description\" content=\"Melbet-d\u0259n \u00c7empionlar Oyunu \u2014 \u00c7empionlar Liqas\u0131 mat\u00e7lar\u0131 \u00fc\u00e7\u00fcn tam tap\u015f\u0131r\u0131qlar: 5,12 AZN-d\u0259n ba\u015flayaraq m\u0259rc edin, z\u0259man\u0259tli pulsuz m\u0259rcl\u0259r v\u0259 h\u0259r tap\u015f\u0131r\u0131q \u00fc\u00e7\u00fcn 10 \u00e7empionluq bileti qazan\u0131n. H\u0259r iki tap\u015f\u0131r\u0131\u011f\u0131 tamamlay\u0131n \u2014 ba\u015f m\u00fckafat lotereyas\u0131nda i\u015ftirak edin!\" \/>\n<meta name=\"robots\" content=\"index, follow, max-snippet:-1, max-image-preview:large, max-video-preview:-1\" \/>\n<meta property=\"og:locale\" content=\"az_AZ\" \/>\n<meta property=\"og:type\" content=\"article\" \/>\n<meta property=\"og:title\" content=\"Melbet \u00c7empionlar Oyunu: \u00c7empionlar \u00fc\u00e7\u00fcn Pulsuz M\u0259rcl\u0259r + Super M\u00fckafatlar\" \/>\n<meta property=\"og:description\" content=\"Melbet-d\u0259n \u00c7empionlar Oyunu \u2014 \u00c7empionlar Liqas\u0131 mat\u00e7lar\u0131 \u00fc\u00e7\u00fcn tam tap\u015f\u0131r\u0131qlar: 5,12 AZN-d\u0259n ba\u015flayaraq m\u0259rc edin, z\u0259man\u0259tli pulsuz m\u0259rcl\u0259r v\u0259 h\u0259r tap\u015f\u0131r\u0131q \u00fc\u00e7\u00fcn 10 \u00e7empionluq bileti qazan\u0131n. H\u0259r iki tap\u015f\u0131r\u0131\u011f\u0131 tamamlay\u0131n \u2014 ba\u015f m\u00fckafat lotereyas\u0131nda i\u015ftirak edin!\" \/>\n<meta property=\"og:url\" content=\"https:\/\/melbet.plus\/az\/bonus\/game-of-champions\/\" \/>\n<meta property=\"og:site_name\" content=\"Melbet az\" \/>\n<meta property=\"article:modified_time\" content=\"2026-04-21T16:33:32+00:00\" \/>\n<meta name=\"twitter:card\" content=\"summary_large_image\" \/>\n<script type=\"application\/ld+json\" class=\"yoast-schema-graph\">{\"@context\":\"https:\\\/\\\/schema.org\",\"@graph\":[{\"@type\":\"WebPage\",\"@id\":\"https:\\\/\\\/melbet.plus\\\/az\\\/bonus\\\/game-of-champions\\\/\",\"url\":\"https:\\\/\\\/melbet.plus\\\/az\\\/bonus\\\/game-of-champions\\\/\",\"name\":\"Melbet \u00c7empionlar Oyunu: \u00c7empionlar \u00fc\u00e7\u00fcn Pulsuz M\u0259rcl\u0259r + Super M\u00fckafatlar\",\"isPartOf\":{\"@id\":\"https:\\\/\\\/melbet.plus\\\/az\\\/#website\"},\"datePublished\":\"2026-04-13T14:59:01+00:00\",\"dateModified\":\"2026-04-21T16:33:32+00:00\",\"description\":\"Melbet-d\u0259n \u00c7empionlar Oyunu \u2014 \u00c7empionlar Liqas\u0131 mat\u00e7lar\u0131 \u00fc\u00e7\u00fcn tam tap\u015f\u0131r\u0131qlar: 5,12 AZN-d\u0259n ba\u015flayaraq m\u0259rc edin, z\u0259man\u0259tli pulsuz m\u0259rcl\u0259r v\u0259 h\u0259r tap\u015f\u0131r\u0131q \u00fc\u00e7\u00fcn 10 \u00e7empionluq bileti qazan\u0131n. H\u0259r iki tap\u015f\u0131r\u0131\u011f\u0131 tamamlay\u0131n \u2014 ba\u015f m\u00fckafat lotereyas\u0131nda i\u015ftirak edin!\",\"breadcrumb\":{\"@id\":\"https:\\\/\\\/melbet.plus\\\/az\\\/bonus\\\/game-of-champions\\\/#breadcrumb\"},\"inLanguage\":\"az\",\"potentialAction\":[{\"@type\":\"ReadAction\",\"target\":[\"https:\\\/\\\/melbet.plus\\\/az\\\/bonus\\\/game-of-champions\\\/\"]}]},{\"@type\":\"BreadcrumbList\",\"@id\":\"https:\\\/\\\/melbet.plus\\\/az\\\/bonus\\\/game-of-champions\\\/#breadcrumb\",\"itemListElement\":[{\"@type\":\"ListItem\",\"position\":1,\"name\":\"Home\",\"item\":\"https:\\\/\\\/melbet.plus\\\/az\\\/\"},{\"@type\":\"ListItem\",\"position\":2,\"name\":\"Bonuslar\",\"item\":\"https:\\\/\\\/melbet.plus\\\/az\\\/bonus\\\/\"},{\"@type\":\"ListItem\",\"position\":3,\"name\":\"\u00c7empionlar Oyunu\"}]},{\"@type\":\"WebSite\",\"@id\":\"https:\\\/\\\/melbet.plus\\\/az\\\/#website\",\"url\":\"https:\\\/\\\/melbet.plus\\\/az\\\/\",\"name\":\"Melbet az\",\"description\":\"My WordPress Blog\",\"potentialAction\":[{\"@type\":\"SearchAction\",\"target\":{\"@type\":\"EntryPoint\",\"urlTemplate\":\"https:\\\/\\\/melbet.plus\\\/az\\\/?s={search_term_string}\"},\"query-input\":{\"@type\":\"PropertyValueSpecification\",\"valueRequired\":true,\"valueName\":\"search_term_string\"}}],\"inLanguage\":\"az\"}]}<\/script>\n<!-- \/ Yoast SEO plugin. -->","yoast_head_json":{"title":"Melbet \u00c7empionlar Oyunu: \u00c7empionlar \u00fc\u00e7\u00fcn Pulsuz M\u0259rcl\u0259r + Super M\u00fckafatlar","description":"Melbet-d\u0259n \u00c7empionlar Oyunu \u2014 \u00c7empionlar Liqas\u0131 mat\u00e7lar\u0131 \u00fc\u00e7\u00fcn tam tap\u015f\u0131r\u0131qlar: 5,12 AZN-d\u0259n ba\u015flayaraq m\u0259rc edin, z\u0259man\u0259tli pulsuz m\u0259rcl\u0259r v\u0259 h\u0259r tap\u015f\u0131r\u0131q \u00fc\u00e7\u00fcn 10 \u00e7empionluq bileti qazan\u0131n. H\u0259r iki tap\u015f\u0131r\u0131\u011f\u0131 tamamlay\u0131n \u2014 ba\u015f m\u00fckafat lotereyas\u0131nda i\u015ftirak edin!","robots":{"index":"index","follow":"follow","max-snippet":"max-snippet:-1","max-image-preview":"max-image-preview:large","max-video-preview":"max-video-preview:-1"},"og_locale":"az_AZ","og_type":"article","og_title":"Melbet \u00c7empionlar Oyunu: \u00c7empionlar \u00fc\u00e7\u00fcn Pulsuz M\u0259rcl\u0259r + Super M\u00fckafatlar","og_description":"Melbet-d\u0259n \u00c7empionlar Oyunu \u2014 \u00c7empionlar Liqas\u0131 mat\u00e7lar\u0131 \u00fc\u00e7\u00fcn tam tap\u015f\u0131r\u0131qlar: 5,12 AZN-d\u0259n ba\u015flayaraq m\u0259rc edin, z\u0259man\u0259tli pulsuz m\u0259rcl\u0259r v\u0259 h\u0259r tap\u015f\u0131r\u0131q \u00fc\u00e7\u00fcn 10 \u00e7empionluq bileti qazan\u0131n. H\u0259r iki tap\u015f\u0131r\u0131\u011f\u0131 tamamlay\u0131n \u2014 ba\u015f m\u00fckafat lotereyas\u0131nda i\u015ftirak edin!","og_url":"https:\/\/melbet.plus\/az\/bonus\/game-of-champions\/","og_site_name":"Melbet az","article_modified_time":"2026-04-21T16:33:32+00:00","twitter_card":"summary_large_image","schema":{"@context":"https:\/\/schema.org","@graph":[{"@type":"WebPage","@id":"https:\/\/melbet.plus\/az\/bonus\/game-of-champions\/","url":"https:\/\/melbet.plus\/az\/bonus\/game-of-champions\/","name":"Melbet \u00c7empionlar Oyunu: \u00c7empionlar \u00fc\u00e7\u00fcn Pulsuz M\u0259rcl\u0259r + Super M\u00fckafatlar","isPartOf":{"@id":"https:\/\/melbet.plus\/az\/#website"},"datePublished":"2026-04-13T14:59:01+00:00","dateModified":"2026-04-21T16:33:32+00:00","description":"Melbet-d\u0259n \u00c7empionlar Oyunu \u2014 \u00c7empionlar Liqas\u0131 mat\u00e7lar\u0131 \u00fc\u00e7\u00fcn tam tap\u015f\u0131r\u0131qlar: 5,12 AZN-d\u0259n ba\u015flayaraq m\u0259rc edin, z\u0259man\u0259tli pulsuz m\u0259rcl\u0259r v\u0259 h\u0259r tap\u015f\u0131r\u0131q \u00fc\u00e7\u00fcn 10 \u00e7empionluq bileti qazan\u0131n. H\u0259r iki tap\u015f\u0131r\u0131\u011f\u0131 tamamlay\u0131n \u2014 ba\u015f m\u00fckafat lotereyas\u0131nda i\u015ftirak edin!","breadcrumb":{"@id":"https:\/\/melbet.plus\/az\/bonus\/game-of-champions\/#breadcrumb"},"inLanguage":"az","potentialAction":[{"@type":"ReadAction","target":["https:\/\/melbet.plus\/az\/bonus\/game-of-champions\/"]}]},{"@type":"BreadcrumbList","@id":"https:\/\/melbet.plus\/az\/bonus\/game-of-champions\/#breadcrumb","itemListElement":[{"@type":"ListItem","position":1,"name":"Home","item":"https:\/\/melbet.plus\/az\/"},{"@type":"ListItem","position":2,"name":"Bonuslar","item":"https:\/\/melbet.plus\/az\/bonus\/"},{"@type":"ListItem","position":3,"name":"\u00c7empionlar Oyunu"}]},{"@type":"WebSite","@id":"https:\/\/melbet.plus\/az\/#website","url":"https:\/\/melbet.plus\/az\/","name":"Melbet az","description":"My WordPress Blog","potentialAction":[{"@type":"SearchAction","target":{"@type":"EntryPoint","urlTemplate":"https:\/\/melbet.plus\/az\/?s={search_term_string}"},"query-input":{"@type":"PropertyValueSpecification","valueRequired":true,"valueName":"search_term_string"}}],"inLanguage":"az"}]}},"_links":{"self":[{"href":"https:\/\/melbet.plus\/az\/wp-json\/wp\/v2\/pages\/1210","targetHints":{"allow":["GET"]}}],"collection":[{"href":"https:\/\/melbet.plus\/az\/wp-json\/wp\/v2\/pages"}],"about":[{"href":"https:\/\/melbet.plus\/az\/wp-json\/wp\/v2\/types\/page"}],"author":[{"embeddable":true,"href":"https:\/\/melbet.plus\/az\/wp-json\/wp\/v2\/users\/1"}],"replies":[{"embeddable":true,"href":"https:\/\/melbet.plus\/az\/wp-json\/wp\/v2\/comments?post=1210"}],"version-history":[{"count":5,"href":"https:\/\/melbet.plus\/az\/wp-json\/wp\/v2\/pages\/1210\/revisions"}],"predecessor-version":[{"id":1371,"href":"https:\/\/melbet.plus\/az\/wp-json\/wp\/v2\/pages\/1210\/revisions\/1371"}],"up":[{"embeddable":true,"href":"https:\/\/melbet.plus\/az\/wp-json\/wp\/v2\/pages\/152"}],"wp:attachment":[{"href":"https:\/\/melbet.plus\/az\/wp-json\/wp\/v2\/media?parent=1210"}],"curies":[{"name":"wp","href":"https:\/\/api.w.org\/{rel}","templated":true}]}}