{"id":1199,"date":"2026-04-13T13:44:53","date_gmt":"2026-04-13T13:44:53","guid":{"rendered":"https:\/\/melbet.plus\/az\/?page_id=1199"},"modified":"2026-04-21T16:08:58","modified_gmt":"2026-04-21T16:08:58","slug":"champions-combo","status":"publish","type":"page","link":"https:\/\/melbet.plus\/az\/bonus\/champions-combo\/","title":{"rendered":"\u00c7empionun Kombosu"},"content":{"rendered":"","protected":false},"excerpt":{"rendered":"","protected":false},"author":1,"featured_media":0,"parent":152,"menu_order":0,"comment_status":"closed","ping_status":"closed","template":"","meta":{"inline_featured_image":false,"footnotes":""},"class_list":["post-1199","page","type-page","status-publish","hentry"],"yoast_head":"<!-- This site is optimized with the Yoast SEO plugin v27.4 - https:\/\/yoast.com\/product\/yoast-seo-wordpress\/ -->\n<title>Melbet \u00c7empionlar Kombosu \u2014 Futbola m\u0259rc ed\u0259r\u0259k m\u00fckafatlar qazan\u0131n<\/title>\n<meta name=\"description\" content=\"Melbet-in \u00c7empionlar Kombosu \u2014 \u0259n y\u00fcks\u0259k liqalarda (Premyer Liqa, La Liqa, Seriya A, Bundesliqa, Liqa 1) 6 AZN v\u0259 ya daha \u00e7ox m\u0259bl\u0259\u011fd\u0259 m\u0259rc ed\u0259r\u0259k promosyon biletl\u0259ri qazan\u0131n. Qeydiyyatdan ke\u00e7in, \u201c\u0130\u015ftirak et\u201d d\u00fcym\u0259sini bas\u0131n v\u0259 bonuslar, cihazlar v\u0259 smartfonlar qazan\u0131n \u2014 n\u0259 q\u0259d\u0259r \u00e7ox qol v\u0259 m\u0259rc vurulursa, m\u00fckafatlar bir o q\u0259d\u0259r yax\u015f\u0131d\u0131r!\" \/>\n<meta name=\"robots\" content=\"index, follow, max-snippet:-1, max-image-preview:large, max-video-preview:-1\" \/>\n<meta property=\"og:locale\" content=\"az_AZ\" \/>\n<meta property=\"og:type\" content=\"article\" \/>\n<meta property=\"og:title\" content=\"Melbet \u00c7empionlar Kombosu \u2014 Futbola m\u0259rc ed\u0259r\u0259k m\u00fckafatlar qazan\u0131n\" \/>\n<meta property=\"og:description\" content=\"Melbet-in \u00c7empionlar Kombosu \u2014 \u0259n y\u00fcks\u0259k liqalarda (Premyer Liqa, La Liqa, Seriya A, Bundesliqa, Liqa 1) 6 AZN v\u0259 ya daha \u00e7ox m\u0259bl\u0259\u011fd\u0259 m\u0259rc ed\u0259r\u0259k promosyon biletl\u0259ri qazan\u0131n. Qeydiyyatdan ke\u00e7in, \u201c\u0130\u015ftirak et\u201d d\u00fcym\u0259sini bas\u0131n v\u0259 bonuslar, cihazlar v\u0259 smartfonlar qazan\u0131n \u2014 n\u0259 q\u0259d\u0259r \u00e7ox qol v\u0259 m\u0259rc vurulursa, m\u00fckafatlar bir o q\u0259d\u0259r yax\u015f\u0131d\u0131r!\" \/>\n<meta property=\"og:url\" content=\"https:\/\/melbet.plus\/az\/bonus\/champions-combo\/\" \/>\n<meta property=\"og:site_name\" content=\"Melbet az\" \/>\n<meta property=\"article:modified_time\" content=\"2026-04-21T16:08:58+00:00\" \/>\n<meta name=\"twitter:card\" content=\"summary_large_image\" \/>\n<script type=\"application\/ld+json\" class=\"yoast-schema-graph\">{\"@context\":\"https:\\\/\\\/schema.org\",\"@graph\":[{\"@type\":\"WebPage\",\"@id\":\"https:\\\/\\\/melbet.plus\\\/az\\\/bonus\\\/champions-combo\\\/\",\"url\":\"https:\\\/\\\/melbet.plus\\\/az\\\/bonus\\\/champions-combo\\\/\",\"name\":\"Melbet \u00c7empionlar Kombosu \u2014 Futbola m\u0259rc ed\u0259r\u0259k m\u00fckafatlar qazan\u0131n\",\"isPartOf\":{\"@id\":\"https:\\\/\\\/melbet.plus\\\/az\\\/#website\"},\"datePublished\":\"2026-04-13T13:44:53+00:00\",\"dateModified\":\"2026-04-21T16:08:58+00:00\",\"description\":\"Melbet-in \u00c7empionlar Kombosu \u2014 \u0259n y\u00fcks\u0259k liqalarda (Premyer Liqa, La Liqa, Seriya A, Bundesliqa, Liqa 1) 6 AZN v\u0259 ya daha \u00e7ox m\u0259bl\u0259\u011fd\u0259 m\u0259rc ed\u0259r\u0259k promosyon biletl\u0259ri qazan\u0131n. Qeydiyyatdan ke\u00e7in, \u201c\u0130\u015ftirak et\u201d d\u00fcym\u0259sini bas\u0131n v\u0259 bonuslar, cihazlar v\u0259 smartfonlar qazan\u0131n \u2014 n\u0259 q\u0259d\u0259r \u00e7ox qol v\u0259 m\u0259rc vurulursa, m\u00fckafatlar bir o q\u0259d\u0259r yax\u015f\u0131d\u0131r!\",\"breadcrumb\":{\"@id\":\"https:\\\/\\\/melbet.plus\\\/az\\\/bonus\\\/champions-combo\\\/#breadcrumb\"},\"inLanguage\":\"az\",\"potentialAction\":[{\"@type\":\"ReadAction\",\"target\":[\"https:\\\/\\\/melbet.plus\\\/az\\\/bonus\\\/champions-combo\\\/\"]}]},{\"@type\":\"BreadcrumbList\",\"@id\":\"https:\\\/\\\/melbet.plus\\\/az\\\/bonus\\\/champions-combo\\\/#breadcrumb\",\"itemListElement\":[{\"@type\":\"ListItem\",\"position\":1,\"name\":\"Home\",\"item\":\"https:\\\/\\\/melbet.plus\\\/az\\\/\"},{\"@type\":\"ListItem\",\"position\":2,\"name\":\"Bonuslar\",\"item\":\"https:\\\/\\\/melbet.plus\\\/az\\\/bonus\\\/\"},{\"@type\":\"ListItem\",\"position\":3,\"name\":\"\u00c7empionun Kombosu\"}]},{\"@type\":\"WebSite\",\"@id\":\"https:\\\/\\\/melbet.plus\\\/az\\\/#website\",\"url\":\"https:\\\/\\\/melbet.plus\\\/az\\\/\",\"name\":\"Melbet az\",\"description\":\"My WordPress Blog\",\"potentialAction\":[{\"@type\":\"SearchAction\",\"target\":{\"@type\":\"EntryPoint\",\"urlTemplate\":\"https:\\\/\\\/melbet.plus\\\/az\\\/?s={search_term_string}\"},\"query-input\":{\"@type\":\"PropertyValueSpecification\",\"valueRequired\":true,\"valueName\":\"search_term_string\"}}],\"inLanguage\":\"az\"}]}<\/script>\n<!-- \/ Yoast SEO plugin. -->","yoast_head_json":{"title":"Melbet \u00c7empionlar Kombosu \u2014 Futbola m\u0259rc ed\u0259r\u0259k m\u00fckafatlar qazan\u0131n","description":"Melbet-in \u00c7empionlar Kombosu \u2014 \u0259n y\u00fcks\u0259k liqalarda (Premyer Liqa, La Liqa, Seriya A, Bundesliqa, Liqa 1) 6 AZN v\u0259 ya daha \u00e7ox m\u0259bl\u0259\u011fd\u0259 m\u0259rc ed\u0259r\u0259k promosyon biletl\u0259ri qazan\u0131n. Qeydiyyatdan ke\u00e7in, \u201c\u0130\u015ftirak et\u201d d\u00fcym\u0259sini bas\u0131n v\u0259 bonuslar, cihazlar v\u0259 smartfonlar qazan\u0131n \u2014 n\u0259 q\u0259d\u0259r \u00e7ox qol v\u0259 m\u0259rc vurulursa, m\u00fckafatlar bir o q\u0259d\u0259r yax\u015f\u0131d\u0131r!","robots":{"index":"index","follow":"follow","max-snippet":"max-snippet:-1","max-image-preview":"max-image-preview:large","max-video-preview":"max-video-preview:-1"},"og_locale":"az_AZ","og_type":"article","og_title":"Melbet \u00c7empionlar Kombosu \u2014 Futbola m\u0259rc ed\u0259r\u0259k m\u00fckafatlar qazan\u0131n","og_description":"Melbet-in \u00c7empionlar Kombosu \u2014 \u0259n y\u00fcks\u0259k liqalarda (Premyer Liqa, La Liqa, Seriya A, Bundesliqa, Liqa 1) 6 AZN v\u0259 ya daha \u00e7ox m\u0259bl\u0259\u011fd\u0259 m\u0259rc ed\u0259r\u0259k promosyon biletl\u0259ri qazan\u0131n. Qeydiyyatdan ke\u00e7in, \u201c\u0130\u015ftirak et\u201d d\u00fcym\u0259sini bas\u0131n v\u0259 bonuslar, cihazlar v\u0259 smartfonlar qazan\u0131n \u2014 n\u0259 q\u0259d\u0259r \u00e7ox qol v\u0259 m\u0259rc vurulursa, m\u00fckafatlar bir o q\u0259d\u0259r yax\u015f\u0131d\u0131r!","og_url":"https:\/\/melbet.plus\/az\/bonus\/champions-combo\/","og_site_name":"Melbet az","article_modified_time":"2026-04-21T16:08:58+00:00","twitter_card":"summary_large_image","schema":{"@context":"https:\/\/schema.org","@graph":[{"@type":"WebPage","@id":"https:\/\/melbet.plus\/az\/bonus\/champions-combo\/","url":"https:\/\/melbet.plus\/az\/bonus\/champions-combo\/","name":"Melbet \u00c7empionlar Kombosu \u2014 Futbola m\u0259rc ed\u0259r\u0259k m\u00fckafatlar qazan\u0131n","isPartOf":{"@id":"https:\/\/melbet.plus\/az\/#website"},"datePublished":"2026-04-13T13:44:53+00:00","dateModified":"2026-04-21T16:08:58+00:00","description":"Melbet-in \u00c7empionlar Kombosu \u2014 \u0259n y\u00fcks\u0259k liqalarda (Premyer Liqa, La Liqa, Seriya A, Bundesliqa, Liqa 1) 6 AZN v\u0259 ya daha \u00e7ox m\u0259bl\u0259\u011fd\u0259 m\u0259rc ed\u0259r\u0259k promosyon biletl\u0259ri qazan\u0131n. Qeydiyyatdan ke\u00e7in, \u201c\u0130\u015ftirak et\u201d d\u00fcym\u0259sini bas\u0131n v\u0259 bonuslar, cihazlar v\u0259 smartfonlar qazan\u0131n \u2014 n\u0259 q\u0259d\u0259r \u00e7ox qol v\u0259 m\u0259rc vurulursa, m\u00fckafatlar bir o q\u0259d\u0259r yax\u015f\u0131d\u0131r!","breadcrumb":{"@id":"https:\/\/melbet.plus\/az\/bonus\/champions-combo\/#breadcrumb"},"inLanguage":"az","potentialAction":[{"@type":"ReadAction","target":["https:\/\/melbet.plus\/az\/bonus\/champions-combo\/"]}]},{"@type":"BreadcrumbList","@id":"https:\/\/melbet.plus\/az\/bonus\/champions-combo\/#breadcrumb","itemListElement":[{"@type":"ListItem","position":1,"name":"Home","item":"https:\/\/melbet.plus\/az\/"},{"@type":"ListItem","position":2,"name":"Bonuslar","item":"https:\/\/melbet.plus\/az\/bonus\/"},{"@type":"ListItem","position":3,"name":"\u00c7empionun Kombosu"}]},{"@type":"WebSite","@id":"https:\/\/melbet.plus\/az\/#website","url":"https:\/\/melbet.plus\/az\/","name":"Melbet az","description":"My WordPress Blog","potentialAction":[{"@type":"SearchAction","target":{"@type":"EntryPoint","urlTemplate":"https:\/\/melbet.plus\/az\/?s={search_term_string}"},"query-input":{"@type":"PropertyValueSpecification","valueRequired":true,"valueName":"search_term_string"}}],"inLanguage":"az"}]}},"_links":{"self":[{"href":"https:\/\/melbet.plus\/az\/wp-json\/wp\/v2\/pages\/1199","targetHints":{"allow":["GET"]}}],"collection":[{"href":"https:\/\/melbet.plus\/az\/wp-json\/wp\/v2\/pages"}],"about":[{"href":"https:\/\/melbet.plus\/az\/wp-json\/wp\/v2\/types\/page"}],"author":[{"embeddable":true,"href":"https:\/\/melbet.plus\/az\/wp-json\/wp\/v2\/users\/1"}],"replies":[{"embeddable":true,"href":"https:\/\/melbet.plus\/az\/wp-json\/wp\/v2\/comments?post=1199"}],"version-history":[{"count":5,"href":"https:\/\/melbet.plus\/az\/wp-json\/wp\/v2\/pages\/1199\/revisions"}],"predecessor-version":[{"id":1365,"href":"https:\/\/melbet.plus\/az\/wp-json\/wp\/v2\/pages\/1199\/revisions\/1365"}],"up":[{"embeddable":true,"href":"https:\/\/melbet.plus\/az\/wp-json\/wp\/v2\/pages\/152"}],"wp:attachment":[{"href":"https:\/\/melbet.plus\/az\/wp-json\/wp\/v2\/media?parent=1199"}],"curies":[{"name":"wp","href":"https:\/\/api.w.org\/{rel}","templated":true}]}}