{"id":1120,"date":"2026-03-25T05:58:18","date_gmt":"2026-03-25T05:58:18","guid":{"rendered":"https:\/\/melbet.plus\/az\/?page_id=1120"},"modified":"2026-04-22T11:44:23","modified_gmt":"2026-04-22T11:44:23","slug":"plinko","status":"publish","type":"page","link":"https:\/\/melbet.plus\/az\/plinko\/","title":{"rendered":"Plinko"},"content":{"rendered":"","protected":false},"excerpt":{"rendered":"","protected":false},"author":1,"featured_media":0,"parent":0,"menu_order":0,"comment_status":"closed","ping_status":"closed","template":"","meta":{"inline_featured_image":false,"footnotes":""},"class_list":["post-1120","page","type-page","status-publish","hentry"],"yoast_head":"<!-- This site is optimized with the Yoast SEO plugin v27.4 - https:\/\/yoast.com\/product\/yoast-seo-wordpress\/ -->\n<title>Melbet-d\u0259 Plinko \u2013 sona q\u0259d\u0259r poladdan haz\u0131rlanm\u0131\u015f top, sancaqlar v\u0259 \u0259s\u0259bl\u0259r<\/title>\n<meta name=\"description\" content=\"Melbet Kazinosunda Plinko. Topun dir\u0259kl\u0259rd\u0259n nec\u0259 s\u0131\u00e7rad\u0131\u011f\u0131n\u0131, riskl\u0259r v\u0259 \u0259msallarla izl\u0259yin - h\u0259r s\u0131\u00e7ray\u0131\u015fdan slotlardan daha \u00e7ox h\u0259zz al\u0131n. Bir \u00e7ox se\u00e7im, \u00fcst\u0259g\u0259l onlayn demo rejimi!\" \/>\n<meta name=\"robots\" content=\"index, follow, max-snippet:-1, max-image-preview:large, max-video-preview:-1\" \/>\n<meta property=\"og:locale\" content=\"az_AZ\" \/>\n<meta property=\"og:type\" content=\"article\" \/>\n<meta property=\"og:title\" content=\"Melbet-d\u0259 Plinko \u2013 sona q\u0259d\u0259r poladdan haz\u0131rlanm\u0131\u015f top, sancaqlar v\u0259 \u0259s\u0259bl\u0259r\" \/>\n<meta property=\"og:description\" content=\"Melbet Kazinosunda Plinko. Topun dir\u0259kl\u0259rd\u0259n nec\u0259 s\u0131\u00e7rad\u0131\u011f\u0131n\u0131, riskl\u0259r v\u0259 \u0259msallarla izl\u0259yin - h\u0259r s\u0131\u00e7ray\u0131\u015fdan slotlardan daha \u00e7ox h\u0259zz al\u0131n. Bir \u00e7ox se\u00e7im, \u00fcst\u0259g\u0259l onlayn demo rejimi!\" \/>\n<meta property=\"og:url\" content=\"https:\/\/melbet.plus\/az\/plinko\/\" \/>\n<meta property=\"og:site_name\" content=\"Melbet az\" \/>\n<meta property=\"article:modified_time\" content=\"2026-04-22T11:44:23+00:00\" \/>\n<meta name=\"twitter:card\" content=\"summary_large_image\" \/>\n<script type=\"application\/ld+json\" class=\"yoast-schema-graph\">{\"@context\":\"https:\\\/\\\/schema.org\",\"@graph\":[{\"@type\":\"WebPage\",\"@id\":\"https:\\\/\\\/melbet.plus\\\/az\\\/plinko\\\/\",\"url\":\"https:\\\/\\\/melbet.plus\\\/az\\\/plinko\\\/\",\"name\":\"Melbet-d\u0259 Plinko \u2013 sona q\u0259d\u0259r poladdan haz\u0131rlanm\u0131\u015f top, sancaqlar v\u0259 \u0259s\u0259bl\u0259r\",\"isPartOf\":{\"@id\":\"https:\\\/\\\/melbet.plus\\\/az\\\/#website\"},\"datePublished\":\"2026-03-25T05:58:18+00:00\",\"dateModified\":\"2026-04-22T11:44:23+00:00\",\"description\":\"Melbet Kazinosunda Plinko. Topun dir\u0259kl\u0259rd\u0259n nec\u0259 s\u0131\u00e7rad\u0131\u011f\u0131n\u0131, riskl\u0259r v\u0259 \u0259msallarla izl\u0259yin - h\u0259r s\u0131\u00e7ray\u0131\u015fdan slotlardan daha \u00e7ox h\u0259zz al\u0131n. Bir \u00e7ox se\u00e7im, \u00fcst\u0259g\u0259l onlayn demo rejimi!\",\"breadcrumb\":{\"@id\":\"https:\\\/\\\/melbet.plus\\\/az\\\/plinko\\\/#breadcrumb\"},\"inLanguage\":\"az\",\"potentialAction\":[{\"@type\":\"ReadAction\",\"target\":[\"https:\\\/\\\/melbet.plus\\\/az\\\/plinko\\\/\"]}]},{\"@type\":\"BreadcrumbList\",\"@id\":\"https:\\\/\\\/melbet.plus\\\/az\\\/plinko\\\/#breadcrumb\",\"itemListElement\":[{\"@type\":\"ListItem\",\"position\":1,\"name\":\"Home\",\"item\":\"https:\\\/\\\/melbet.plus\\\/az\\\/\"},{\"@type\":\"ListItem\",\"position\":2,\"name\":\"Plinko\"}]},{\"@type\":\"WebSite\",\"@id\":\"https:\\\/\\\/melbet.plus\\\/az\\\/#website\",\"url\":\"https:\\\/\\\/melbet.plus\\\/az\\\/\",\"name\":\"Melbet az\",\"description\":\"My WordPress Blog\",\"potentialAction\":[{\"@type\":\"SearchAction\",\"target\":{\"@type\":\"EntryPoint\",\"urlTemplate\":\"https:\\\/\\\/melbet.plus\\\/az\\\/?s={search_term_string}\"},\"query-input\":{\"@type\":\"PropertyValueSpecification\",\"valueRequired\":true,\"valueName\":\"search_term_string\"}}],\"inLanguage\":\"az\"}]}<\/script>\n<!-- \/ Yoast SEO plugin. -->","yoast_head_json":{"title":"Melbet-d\u0259 Plinko \u2013 sona q\u0259d\u0259r poladdan haz\u0131rlanm\u0131\u015f top, sancaqlar v\u0259 \u0259s\u0259bl\u0259r","description":"Melbet Kazinosunda Plinko. Topun dir\u0259kl\u0259rd\u0259n nec\u0259 s\u0131\u00e7rad\u0131\u011f\u0131n\u0131, riskl\u0259r v\u0259 \u0259msallarla izl\u0259yin - h\u0259r s\u0131\u00e7ray\u0131\u015fdan slotlardan daha \u00e7ox h\u0259zz al\u0131n. Bir \u00e7ox se\u00e7im, \u00fcst\u0259g\u0259l onlayn demo rejimi!","robots":{"index":"index","follow":"follow","max-snippet":"max-snippet:-1","max-image-preview":"max-image-preview:large","max-video-preview":"max-video-preview:-1"},"og_locale":"az_AZ","og_type":"article","og_title":"Melbet-d\u0259 Plinko \u2013 sona q\u0259d\u0259r poladdan haz\u0131rlanm\u0131\u015f top, sancaqlar v\u0259 \u0259s\u0259bl\u0259r","og_description":"Melbet Kazinosunda Plinko. Topun dir\u0259kl\u0259rd\u0259n nec\u0259 s\u0131\u00e7rad\u0131\u011f\u0131n\u0131, riskl\u0259r v\u0259 \u0259msallarla izl\u0259yin - h\u0259r s\u0131\u00e7ray\u0131\u015fdan slotlardan daha \u00e7ox h\u0259zz al\u0131n. Bir \u00e7ox se\u00e7im, \u00fcst\u0259g\u0259l onlayn demo rejimi!","og_url":"https:\/\/melbet.plus\/az\/plinko\/","og_site_name":"Melbet az","article_modified_time":"2026-04-22T11:44:23+00:00","twitter_card":"summary_large_image","schema":{"@context":"https:\/\/schema.org","@graph":[{"@type":"WebPage","@id":"https:\/\/melbet.plus\/az\/plinko\/","url":"https:\/\/melbet.plus\/az\/plinko\/","name":"Melbet-d\u0259 Plinko \u2013 sona q\u0259d\u0259r poladdan haz\u0131rlanm\u0131\u015f top, sancaqlar v\u0259 \u0259s\u0259bl\u0259r","isPartOf":{"@id":"https:\/\/melbet.plus\/az\/#website"},"datePublished":"2026-03-25T05:58:18+00:00","dateModified":"2026-04-22T11:44:23+00:00","description":"Melbet Kazinosunda Plinko. Topun dir\u0259kl\u0259rd\u0259n nec\u0259 s\u0131\u00e7rad\u0131\u011f\u0131n\u0131, riskl\u0259r v\u0259 \u0259msallarla izl\u0259yin - h\u0259r s\u0131\u00e7ray\u0131\u015fdan slotlardan daha \u00e7ox h\u0259zz al\u0131n. Bir \u00e7ox se\u00e7im, \u00fcst\u0259g\u0259l onlayn demo rejimi!","breadcrumb":{"@id":"https:\/\/melbet.plus\/az\/plinko\/#breadcrumb"},"inLanguage":"az","potentialAction":[{"@type":"ReadAction","target":["https:\/\/melbet.plus\/az\/plinko\/"]}]},{"@type":"BreadcrumbList","@id":"https:\/\/melbet.plus\/az\/plinko\/#breadcrumb","itemListElement":[{"@type":"ListItem","position":1,"name":"Home","item":"https:\/\/melbet.plus\/az\/"},{"@type":"ListItem","position":2,"name":"Plinko"}]},{"@type":"WebSite","@id":"https:\/\/melbet.plus\/az\/#website","url":"https:\/\/melbet.plus\/az\/","name":"Melbet az","description":"My WordPress Blog","potentialAction":[{"@type":"SearchAction","target":{"@type":"EntryPoint","urlTemplate":"https:\/\/melbet.plus\/az\/?s={search_term_string}"},"query-input":{"@type":"PropertyValueSpecification","valueRequired":true,"valueName":"search_term_string"}}],"inLanguage":"az"}]}},"_links":{"self":[{"href":"https:\/\/melbet.plus\/az\/wp-json\/wp\/v2\/pages\/1120","targetHints":{"allow":["GET"]}}],"collection":[{"href":"https:\/\/melbet.plus\/az\/wp-json\/wp\/v2\/pages"}],"about":[{"href":"https:\/\/melbet.plus\/az\/wp-json\/wp\/v2\/types\/page"}],"author":[{"embeddable":true,"href":"https:\/\/melbet.plus\/az\/wp-json\/wp\/v2\/users\/1"}],"replies":[{"embeddable":true,"href":"https:\/\/melbet.plus\/az\/wp-json\/wp\/v2\/comments?post=1120"}],"version-history":[{"count":4,"href":"https:\/\/melbet.plus\/az\/wp-json\/wp\/v2\/pages\/1120\/revisions"}],"predecessor-version":[{"id":1403,"href":"https:\/\/melbet.plus\/az\/wp-json\/wp\/v2\/pages\/1120\/revisions\/1403"}],"wp:attachment":[{"href":"https:\/\/melbet.plus\/az\/wp-json\/wp\/v2\/media?parent=1120"}],"curies":[{"name":"wp","href":"https:\/\/api.w.org\/{rel}","templated":true}]}}