{"id":1115,"date":"2026-03-25T04:42:10","date_gmt":"2026-03-25T04:42:10","guid":{"rendered":"https:\/\/melbet.plus\/az\/?page_id=1115"},"modified":"2026-04-22T12:03:08","modified_gmt":"2026-04-22T12:03:08","slug":"spaceman","status":"publish","type":"page","link":"https:\/\/melbet.plus\/az\/spaceman\/","title":{"rendered":"Spaceman"},"content":{"rendered":"","protected":false},"excerpt":{"rendered":"","protected":false},"author":1,"featured_media":0,"parent":0,"menu_order":0,"comment_status":"closed","ping_status":"closed","template":"","meta":{"inline_featured_image":false,"footnotes":""},"class_list":["post-1115","page","type-page","status-publish","hentry"],"yoast_head":"<!-- This site is optimized with the Yoast SEO plugin v27.4 - https:\/\/yoast.com\/product\/yoast-seo-wordpress\/ -->\n<title>Spaceman Melbet \u2014 Pragmatic-d\u0259n pul \u00e7\u0131xarma il\u0259 q\u0259za oyunu<\/title>\n<meta name=\"description\" content=\"Melbet-d\u0259 Pragmatic Play t\u0259r\u0259find\u0259n haz\u0131rlanan Kosmonavt \u2014 q\u0259za oyunu. Astronavt u\u00e7ur, vurucu y\u00fcks\u0259lir, \u00e7ox gec olmam\u0131\u015fdan \u0259vv\u0259l pul qazan\u0131n. Slotlardan daha \u00e7ox h\u0259y\u0259can - pulsuz oynay\u0131n v\u0259 ya real m\u0259rc edin!\" \/>\n<meta name=\"robots\" content=\"index, follow, max-snippet:-1, max-image-preview:large, max-video-preview:-1\" \/>\n<meta property=\"og:locale\" content=\"az_AZ\" \/>\n<meta property=\"og:type\" content=\"article\" \/>\n<meta property=\"og:title\" content=\"Spaceman Melbet \u2014 Pragmatic-d\u0259n pul \u00e7\u0131xarma il\u0259 q\u0259za oyunu\" \/>\n<meta property=\"og:description\" content=\"Melbet-d\u0259 Pragmatic Play t\u0259r\u0259find\u0259n haz\u0131rlanan Kosmonavt \u2014 q\u0259za oyunu. Astronavt u\u00e7ur, vurucu y\u00fcks\u0259lir, \u00e7ox gec olmam\u0131\u015fdan \u0259vv\u0259l pul qazan\u0131n. Slotlardan daha \u00e7ox h\u0259y\u0259can - pulsuz oynay\u0131n v\u0259 ya real m\u0259rc edin!\" \/>\n<meta property=\"og:url\" content=\"https:\/\/melbet.plus\/az\/spaceman\/\" \/>\n<meta property=\"og:site_name\" content=\"Melbet az\" \/>\n<meta property=\"article:modified_time\" content=\"2026-04-22T12:03:08+00:00\" \/>\n<meta name=\"twitter:card\" content=\"summary_large_image\" \/>\n<script type=\"application\/ld+json\" class=\"yoast-schema-graph\">{\"@context\":\"https:\\\/\\\/schema.org\",\"@graph\":[{\"@type\":\"WebPage\",\"@id\":\"https:\\\/\\\/melbet.plus\\\/az\\\/spaceman\\\/\",\"url\":\"https:\\\/\\\/melbet.plus\\\/az\\\/spaceman\\\/\",\"name\":\"Spaceman Melbet \u2014 Pragmatic-d\u0259n pul \u00e7\u0131xarma il\u0259 q\u0259za oyunu\",\"isPartOf\":{\"@id\":\"https:\\\/\\\/melbet.plus\\\/az\\\/#website\"},\"datePublished\":\"2026-03-25T04:42:10+00:00\",\"dateModified\":\"2026-04-22T12:03:08+00:00\",\"description\":\"Melbet-d\u0259 Pragmatic Play t\u0259r\u0259find\u0259n haz\u0131rlanan Kosmonavt \u2014 q\u0259za oyunu. Astronavt u\u00e7ur, vurucu y\u00fcks\u0259lir, \u00e7ox gec olmam\u0131\u015fdan \u0259vv\u0259l pul qazan\u0131n. Slotlardan daha \u00e7ox h\u0259y\u0259can - pulsuz oynay\u0131n v\u0259 ya real m\u0259rc edin!\",\"breadcrumb\":{\"@id\":\"https:\\\/\\\/melbet.plus\\\/az\\\/spaceman\\\/#breadcrumb\"},\"inLanguage\":\"az\",\"potentialAction\":[{\"@type\":\"ReadAction\",\"target\":[\"https:\\\/\\\/melbet.plus\\\/az\\\/spaceman\\\/\"]}]},{\"@type\":\"BreadcrumbList\",\"@id\":\"https:\\\/\\\/melbet.plus\\\/az\\\/spaceman\\\/#breadcrumb\",\"itemListElement\":[{\"@type\":\"ListItem\",\"position\":1,\"name\":\"Home\",\"item\":\"https:\\\/\\\/melbet.plus\\\/az\\\/\"},{\"@type\":\"ListItem\",\"position\":2,\"name\":\"Spaceman\"}]},{\"@type\":\"WebSite\",\"@id\":\"https:\\\/\\\/melbet.plus\\\/az\\\/#website\",\"url\":\"https:\\\/\\\/melbet.plus\\\/az\\\/\",\"name\":\"Melbet az\",\"description\":\"My WordPress Blog\",\"potentialAction\":[{\"@type\":\"SearchAction\",\"target\":{\"@type\":\"EntryPoint\",\"urlTemplate\":\"https:\\\/\\\/melbet.plus\\\/az\\\/?s={search_term_string}\"},\"query-input\":{\"@type\":\"PropertyValueSpecification\",\"valueRequired\":true,\"valueName\":\"search_term_string\"}}],\"inLanguage\":\"az\"}]}<\/script>\n<!-- \/ Yoast SEO plugin. -->","yoast_head_json":{"title":"Spaceman Melbet \u2014 Pragmatic-d\u0259n pul \u00e7\u0131xarma il\u0259 q\u0259za oyunu","description":"Melbet-d\u0259 Pragmatic Play t\u0259r\u0259find\u0259n haz\u0131rlanan Kosmonavt \u2014 q\u0259za oyunu. Astronavt u\u00e7ur, vurucu y\u00fcks\u0259lir, \u00e7ox gec olmam\u0131\u015fdan \u0259vv\u0259l pul qazan\u0131n. Slotlardan daha \u00e7ox h\u0259y\u0259can - pulsuz oynay\u0131n v\u0259 ya real m\u0259rc edin!","robots":{"index":"index","follow":"follow","max-snippet":"max-snippet:-1","max-image-preview":"max-image-preview:large","max-video-preview":"max-video-preview:-1"},"og_locale":"az_AZ","og_type":"article","og_title":"Spaceman Melbet \u2014 Pragmatic-d\u0259n pul \u00e7\u0131xarma il\u0259 q\u0259za oyunu","og_description":"Melbet-d\u0259 Pragmatic Play t\u0259r\u0259find\u0259n haz\u0131rlanan Kosmonavt \u2014 q\u0259za oyunu. Astronavt u\u00e7ur, vurucu y\u00fcks\u0259lir, \u00e7ox gec olmam\u0131\u015fdan \u0259vv\u0259l pul qazan\u0131n. Slotlardan daha \u00e7ox h\u0259y\u0259can - pulsuz oynay\u0131n v\u0259 ya real m\u0259rc edin!","og_url":"https:\/\/melbet.plus\/az\/spaceman\/","og_site_name":"Melbet az","article_modified_time":"2026-04-22T12:03:08+00:00","twitter_card":"summary_large_image","schema":{"@context":"https:\/\/schema.org","@graph":[{"@type":"WebPage","@id":"https:\/\/melbet.plus\/az\/spaceman\/","url":"https:\/\/melbet.plus\/az\/spaceman\/","name":"Spaceman Melbet \u2014 Pragmatic-d\u0259n pul \u00e7\u0131xarma il\u0259 q\u0259za oyunu","isPartOf":{"@id":"https:\/\/melbet.plus\/az\/#website"},"datePublished":"2026-03-25T04:42:10+00:00","dateModified":"2026-04-22T12:03:08+00:00","description":"Melbet-d\u0259 Pragmatic Play t\u0259r\u0259find\u0259n haz\u0131rlanan Kosmonavt \u2014 q\u0259za oyunu. Astronavt u\u00e7ur, vurucu y\u00fcks\u0259lir, \u00e7ox gec olmam\u0131\u015fdan \u0259vv\u0259l pul qazan\u0131n. Slotlardan daha \u00e7ox h\u0259y\u0259can - pulsuz oynay\u0131n v\u0259 ya real m\u0259rc edin!","breadcrumb":{"@id":"https:\/\/melbet.plus\/az\/spaceman\/#breadcrumb"},"inLanguage":"az","potentialAction":[{"@type":"ReadAction","target":["https:\/\/melbet.plus\/az\/spaceman\/"]}]},{"@type":"BreadcrumbList","@id":"https:\/\/melbet.plus\/az\/spaceman\/#breadcrumb","itemListElement":[{"@type":"ListItem","position":1,"name":"Home","item":"https:\/\/melbet.plus\/az\/"},{"@type":"ListItem","position":2,"name":"Spaceman"}]},{"@type":"WebSite","@id":"https:\/\/melbet.plus\/az\/#website","url":"https:\/\/melbet.plus\/az\/","name":"Melbet az","description":"My WordPress Blog","potentialAction":[{"@type":"SearchAction","target":{"@type":"EntryPoint","urlTemplate":"https:\/\/melbet.plus\/az\/?s={search_term_string}"},"query-input":{"@type":"PropertyValueSpecification","valueRequired":true,"valueName":"search_term_string"}}],"inLanguage":"az"}]}},"_links":{"self":[{"href":"https:\/\/melbet.plus\/az\/wp-json\/wp\/v2\/pages\/1115","targetHints":{"allow":["GET"]}}],"collection":[{"href":"https:\/\/melbet.plus\/az\/wp-json\/wp\/v2\/pages"}],"about":[{"href":"https:\/\/melbet.plus\/az\/wp-json\/wp\/v2\/types\/page"}],"author":[{"embeddable":true,"href":"https:\/\/melbet.plus\/az\/wp-json\/wp\/v2\/users\/1"}],"replies":[{"embeddable":true,"href":"https:\/\/melbet.plus\/az\/wp-json\/wp\/v2\/comments?post=1115"}],"version-history":[{"count":4,"href":"https:\/\/melbet.plus\/az\/wp-json\/wp\/v2\/pages\/1115\/revisions"}],"predecessor-version":[{"id":1408,"href":"https:\/\/melbet.plus\/az\/wp-json\/wp\/v2\/pages\/1115\/revisions\/1408"}],"wp:attachment":[{"href":"https:\/\/melbet.plus\/az\/wp-json\/wp\/v2\/media?parent=1115"}],"curies":[{"name":"wp","href":"https:\/\/api.w.org\/{rel}","templated":true}]}}