{"id":1104,"date":"2026-03-24T11:46:33","date_gmt":"2026-03-24T11:46:33","guid":{"rendered":"https:\/\/melbet.plus\/az\/?page_id=1104"},"modified":"2026-04-22T13:35:08","modified_gmt":"2026-04-22T13:35:08","slug":"volleyball","status":"publish","type":"page","link":"https:\/\/melbet.plus\/az\/volleyball\/","title":{"rendered":"Voleybol"},"content":{"rendered":"","protected":false},"excerpt":{"rendered":"","protected":false},"author":1,"featured_media":0,"parent":0,"menu_order":0,"comment_status":"closed","ping_status":"closed","template":"","meta":{"inline_featured_image":false,"footnotes":""},"class_list":["post-1104","page","type-page","status-publish","hentry"],"yoast_head":"<!-- This site is optimized with the Yoast SEO plugin v27.4 - https:\/\/yoast.com\/product\/yoast-seo-wordpress\/ -->\n<title>Melbet-d\u0259 voleybol m\u0259rcl\u0259ri \u2014 mat\u00e7 dinamikas\u0131 v\u0259 setl\u0259r<\/title>\n<meta name=\"description\" content=\"Melbet-d\u0259 voleybol \u2014 s\u00fcr\u0259tli hesab d\u0259yi\u015fiklikl\u0259rin\u0259, vaxt m\u0259hdudiyy\u0259ti olmadan tay-breykl\u0259r\u0259 \u2014 setl\u0259r\u0259, toplamlara, canl\u0131 m\u0259rcl\u0259r\u0259 m\u0259rc edin. Mat\u00e7lar\u0131 t\u0259hlil ed\u0259r\u0259k h\u0259y\u0259can\u0131 art\u0131r\u0131n v\u0259 pul qazan\u0131n!\" \/>\n<meta name=\"robots\" content=\"index, follow, max-snippet:-1, max-image-preview:large, max-video-preview:-1\" \/>\n<meta property=\"og:locale\" content=\"az_AZ\" \/>\n<meta property=\"og:type\" content=\"article\" \/>\n<meta property=\"og:title\" content=\"Melbet-d\u0259 voleybol m\u0259rcl\u0259ri \u2014 mat\u00e7 dinamikas\u0131 v\u0259 setl\u0259r\" \/>\n<meta property=\"og:description\" content=\"Melbet-d\u0259 voleybol \u2014 s\u00fcr\u0259tli hesab d\u0259yi\u015fiklikl\u0259rin\u0259, vaxt m\u0259hdudiyy\u0259ti olmadan tay-breykl\u0259r\u0259 \u2014 setl\u0259r\u0259, toplamlara, canl\u0131 m\u0259rcl\u0259r\u0259 m\u0259rc edin. Mat\u00e7lar\u0131 t\u0259hlil ed\u0259r\u0259k h\u0259y\u0259can\u0131 art\u0131r\u0131n v\u0259 pul qazan\u0131n!\" \/>\n<meta property=\"og:url\" content=\"https:\/\/melbet.plus\/az\/volleyball\/\" \/>\n<meta property=\"og:site_name\" content=\"Melbet az\" \/>\n<meta property=\"article:modified_time\" content=\"2026-04-22T13:35:08+00:00\" \/>\n<meta name=\"twitter:card\" content=\"summary_large_image\" \/>\n<script type=\"application\/ld+json\" class=\"yoast-schema-graph\">{\"@context\":\"https:\\\/\\\/schema.org\",\"@graph\":[{\"@type\":\"WebPage\",\"@id\":\"https:\\\/\\\/melbet.plus\\\/az\\\/volleyball\\\/\",\"url\":\"https:\\\/\\\/melbet.plus\\\/az\\\/volleyball\\\/\",\"name\":\"Melbet-d\u0259 voleybol m\u0259rcl\u0259ri \u2014 mat\u00e7 dinamikas\u0131 v\u0259 setl\u0259r\",\"isPartOf\":{\"@id\":\"https:\\\/\\\/melbet.plus\\\/az\\\/#website\"},\"datePublished\":\"2026-03-24T11:46:33+00:00\",\"dateModified\":\"2026-04-22T13:35:08+00:00\",\"description\":\"Melbet-d\u0259 voleybol \u2014 s\u00fcr\u0259tli hesab d\u0259yi\u015fiklikl\u0259rin\u0259, vaxt m\u0259hdudiyy\u0259ti olmadan tay-breykl\u0259r\u0259 \u2014 setl\u0259r\u0259, toplamlara, canl\u0131 m\u0259rcl\u0259r\u0259 m\u0259rc edin. Mat\u00e7lar\u0131 t\u0259hlil ed\u0259r\u0259k h\u0259y\u0259can\u0131 art\u0131r\u0131n v\u0259 pul qazan\u0131n!\",\"breadcrumb\":{\"@id\":\"https:\\\/\\\/melbet.plus\\\/az\\\/volleyball\\\/#breadcrumb\"},\"inLanguage\":\"az\",\"potentialAction\":[{\"@type\":\"ReadAction\",\"target\":[\"https:\\\/\\\/melbet.plus\\\/az\\\/volleyball\\\/\"]}]},{\"@type\":\"BreadcrumbList\",\"@id\":\"https:\\\/\\\/melbet.plus\\\/az\\\/volleyball\\\/#breadcrumb\",\"itemListElement\":[{\"@type\":\"ListItem\",\"position\":1,\"name\":\"Home\",\"item\":\"https:\\\/\\\/melbet.plus\\\/az\\\/\"},{\"@type\":\"ListItem\",\"position\":2,\"name\":\"Voleybol\"}]},{\"@type\":\"WebSite\",\"@id\":\"https:\\\/\\\/melbet.plus\\\/az\\\/#website\",\"url\":\"https:\\\/\\\/melbet.plus\\\/az\\\/\",\"name\":\"Melbet az\",\"description\":\"My WordPress Blog\",\"potentialAction\":[{\"@type\":\"SearchAction\",\"target\":{\"@type\":\"EntryPoint\",\"urlTemplate\":\"https:\\\/\\\/melbet.plus\\\/az\\\/?s={search_term_string}\"},\"query-input\":{\"@type\":\"PropertyValueSpecification\",\"valueRequired\":true,\"valueName\":\"search_term_string\"}}],\"inLanguage\":\"az\"}]}<\/script>\n<!-- \/ Yoast SEO plugin. -->","yoast_head_json":{"title":"Melbet-d\u0259 voleybol m\u0259rcl\u0259ri \u2014 mat\u00e7 dinamikas\u0131 v\u0259 setl\u0259r","description":"Melbet-d\u0259 voleybol \u2014 s\u00fcr\u0259tli hesab d\u0259yi\u015fiklikl\u0259rin\u0259, vaxt m\u0259hdudiyy\u0259ti olmadan tay-breykl\u0259r\u0259 \u2014 setl\u0259r\u0259, toplamlara, canl\u0131 m\u0259rcl\u0259r\u0259 m\u0259rc edin. Mat\u00e7lar\u0131 t\u0259hlil ed\u0259r\u0259k h\u0259y\u0259can\u0131 art\u0131r\u0131n v\u0259 pul qazan\u0131n!","robots":{"index":"index","follow":"follow","max-snippet":"max-snippet:-1","max-image-preview":"max-image-preview:large","max-video-preview":"max-video-preview:-1"},"og_locale":"az_AZ","og_type":"article","og_title":"Melbet-d\u0259 voleybol m\u0259rcl\u0259ri \u2014 mat\u00e7 dinamikas\u0131 v\u0259 setl\u0259r","og_description":"Melbet-d\u0259 voleybol \u2014 s\u00fcr\u0259tli hesab d\u0259yi\u015fiklikl\u0259rin\u0259, vaxt m\u0259hdudiyy\u0259ti olmadan tay-breykl\u0259r\u0259 \u2014 setl\u0259r\u0259, toplamlara, canl\u0131 m\u0259rcl\u0259r\u0259 m\u0259rc edin. Mat\u00e7lar\u0131 t\u0259hlil ed\u0259r\u0259k h\u0259y\u0259can\u0131 art\u0131r\u0131n v\u0259 pul qazan\u0131n!","og_url":"https:\/\/melbet.plus\/az\/volleyball\/","og_site_name":"Melbet az","article_modified_time":"2026-04-22T13:35:08+00:00","twitter_card":"summary_large_image","schema":{"@context":"https:\/\/schema.org","@graph":[{"@type":"WebPage","@id":"https:\/\/melbet.plus\/az\/volleyball\/","url":"https:\/\/melbet.plus\/az\/volleyball\/","name":"Melbet-d\u0259 voleybol m\u0259rcl\u0259ri \u2014 mat\u00e7 dinamikas\u0131 v\u0259 setl\u0259r","isPartOf":{"@id":"https:\/\/melbet.plus\/az\/#website"},"datePublished":"2026-03-24T11:46:33+00:00","dateModified":"2026-04-22T13:35:08+00:00","description":"Melbet-d\u0259 voleybol \u2014 s\u00fcr\u0259tli hesab d\u0259yi\u015fiklikl\u0259rin\u0259, vaxt m\u0259hdudiyy\u0259ti olmadan tay-breykl\u0259r\u0259 \u2014 setl\u0259r\u0259, toplamlara, canl\u0131 m\u0259rcl\u0259r\u0259 m\u0259rc edin. Mat\u00e7lar\u0131 t\u0259hlil ed\u0259r\u0259k h\u0259y\u0259can\u0131 art\u0131r\u0131n v\u0259 pul qazan\u0131n!","breadcrumb":{"@id":"https:\/\/melbet.plus\/az\/volleyball\/#breadcrumb"},"inLanguage":"az","potentialAction":[{"@type":"ReadAction","target":["https:\/\/melbet.plus\/az\/volleyball\/"]}]},{"@type":"BreadcrumbList","@id":"https:\/\/melbet.plus\/az\/volleyball\/#breadcrumb","itemListElement":[{"@type":"ListItem","position":1,"name":"Home","item":"https:\/\/melbet.plus\/az\/"},{"@type":"ListItem","position":2,"name":"Voleybol"}]},{"@type":"WebSite","@id":"https:\/\/melbet.plus\/az\/#website","url":"https:\/\/melbet.plus\/az\/","name":"Melbet az","description":"My WordPress Blog","potentialAction":[{"@type":"SearchAction","target":{"@type":"EntryPoint","urlTemplate":"https:\/\/melbet.plus\/az\/?s={search_term_string}"},"query-input":{"@type":"PropertyValueSpecification","valueRequired":true,"valueName":"search_term_string"}}],"inLanguage":"az"}]}},"_links":{"self":[{"href":"https:\/\/melbet.plus\/az\/wp-json\/wp\/v2\/pages\/1104","targetHints":{"allow":["GET"]}}],"collection":[{"href":"https:\/\/melbet.plus\/az\/wp-json\/wp\/v2\/pages"}],"about":[{"href":"https:\/\/melbet.plus\/az\/wp-json\/wp\/v2\/types\/page"}],"author":[{"embeddable":true,"href":"https:\/\/melbet.plus\/az\/wp-json\/wp\/v2\/users\/1"}],"replies":[{"embeddable":true,"href":"https:\/\/melbet.plus\/az\/wp-json\/wp\/v2\/comments?post=1104"}],"version-history":[{"count":5,"href":"https:\/\/melbet.plus\/az\/wp-json\/wp\/v2\/pages\/1104\/revisions"}],"predecessor-version":[{"id":1417,"href":"https:\/\/melbet.plus\/az\/wp-json\/wp\/v2\/pages\/1104\/revisions\/1417"}],"wp:attachment":[{"href":"https:\/\/melbet.plus\/az\/wp-json\/wp\/v2\/media?parent=1104"}],"curies":[{"name":"wp","href":"https:\/\/api.w.org\/{rel}","templated":true}]}}