{"id":1060,"date":"2026-03-23T05:34:40","date_gmt":"2026-03-23T05:34:40","guid":{"rendered":"https:\/\/melbet.plus\/az\/?page_id=1060"},"modified":"2026-04-22T09:35:30","modified_gmt":"2026-04-22T09:35:30","slug":"games","status":"publish","type":"page","link":"https:\/\/melbet.plus\/az\/games\/","title":{"rendered":"Oyunlar"},"content":{"rendered":"","protected":false},"excerpt":{"rendered":"","protected":false},"author":1,"featured_media":0,"parent":0,"menu_order":0,"comment_status":"closed","ping_status":"closed","template":"","meta":{"inline_featured_image":false,"footnotes":""},"class_list":["post-1060","page","type-page","status-publish","hentry"],"yoast_head":"<!-- This site is optimized with the Yoast SEO plugin v27.4 - https:\/\/yoast.com\/product\/yoast-seo-wordpress\/ -->\n<title>Melbet Casino \u2013 yeni ba\u015flayanlar \u00fc\u00e7\u00fcn slotlar, canl\u0131 oyunlar v\u0259 \u015fans<\/title>\n<meta name=\"description\" content=\"Melbet Kazino oyunlar\u0131 \u2013 h\u0259tta tam yeni ba\u015flayanlar\u0131n bel\u0259 \u015fans qazana bil\u0259c\u0259yi sad\u0259 slotlar v\u0259 canl\u0131 oyunlar. \u015eans\u0131n\u0131z\u0131 onlayn s\u0131nay\u0131n \u2013 t\u0259miz h\u0259y\u0259can \u00fc\u00e7\u00fcn minl\u0259rl\u0259 oyun!\" \/>\n<meta name=\"robots\" content=\"index, follow, max-snippet:-1, max-image-preview:large, max-video-preview:-1\" \/>\n<meta property=\"og:locale\" content=\"az_AZ\" \/>\n<meta property=\"og:type\" content=\"article\" \/>\n<meta property=\"og:title\" content=\"Melbet Casino \u2013 yeni ba\u015flayanlar \u00fc\u00e7\u00fcn slotlar, canl\u0131 oyunlar v\u0259 \u015fans\" \/>\n<meta property=\"og:description\" content=\"Melbet Kazino oyunlar\u0131 \u2013 h\u0259tta tam yeni ba\u015flayanlar\u0131n bel\u0259 \u015fans qazana bil\u0259c\u0259yi sad\u0259 slotlar v\u0259 canl\u0131 oyunlar. \u015eans\u0131n\u0131z\u0131 onlayn s\u0131nay\u0131n \u2013 t\u0259miz h\u0259y\u0259can \u00fc\u00e7\u00fcn minl\u0259rl\u0259 oyun!\" \/>\n<meta property=\"og:url\" content=\"https:\/\/melbet.plus\/az\/games\/\" \/>\n<meta property=\"og:site_name\" content=\"Melbet az\" \/>\n<meta property=\"article:modified_time\" content=\"2026-04-22T09:35:30+00:00\" \/>\n<meta name=\"twitter:card\" content=\"summary_large_image\" \/>\n<script type=\"application\/ld+json\" class=\"yoast-schema-graph\">{\"@context\":\"https:\\\/\\\/schema.org\",\"@graph\":[{\"@type\":\"WebPage\",\"@id\":\"https:\\\/\\\/melbet.plus\\\/az\\\/games\\\/\",\"url\":\"https:\\\/\\\/melbet.plus\\\/az\\\/games\\\/\",\"name\":\"Melbet Casino \u2013 yeni ba\u015flayanlar \u00fc\u00e7\u00fcn slotlar, canl\u0131 oyunlar v\u0259 \u015fans\",\"isPartOf\":{\"@id\":\"https:\\\/\\\/melbet.plus\\\/az\\\/#website\"},\"datePublished\":\"2026-03-23T05:34:40+00:00\",\"dateModified\":\"2026-04-22T09:35:30+00:00\",\"description\":\"Melbet Kazino oyunlar\u0131 \u2013 h\u0259tta tam yeni ba\u015flayanlar\u0131n bel\u0259 \u015fans qazana bil\u0259c\u0259yi sad\u0259 slotlar v\u0259 canl\u0131 oyunlar. \u015eans\u0131n\u0131z\u0131 onlayn s\u0131nay\u0131n \u2013 t\u0259miz h\u0259y\u0259can \u00fc\u00e7\u00fcn minl\u0259rl\u0259 oyun!\",\"breadcrumb\":{\"@id\":\"https:\\\/\\\/melbet.plus\\\/az\\\/games\\\/#breadcrumb\"},\"inLanguage\":\"az\",\"potentialAction\":[{\"@type\":\"ReadAction\",\"target\":[\"https:\\\/\\\/melbet.plus\\\/az\\\/games\\\/\"]}]},{\"@type\":\"BreadcrumbList\",\"@id\":\"https:\\\/\\\/melbet.plus\\\/az\\\/games\\\/#breadcrumb\",\"itemListElement\":[{\"@type\":\"ListItem\",\"position\":1,\"name\":\"Home\",\"item\":\"https:\\\/\\\/melbet.plus\\\/az\\\/\"},{\"@type\":\"ListItem\",\"position\":2,\"name\":\"Oyunlar\"}]},{\"@type\":\"WebSite\",\"@id\":\"https:\\\/\\\/melbet.plus\\\/az\\\/#website\",\"url\":\"https:\\\/\\\/melbet.plus\\\/az\\\/\",\"name\":\"Melbet az\",\"description\":\"My WordPress Blog\",\"potentialAction\":[{\"@type\":\"SearchAction\",\"target\":{\"@type\":\"EntryPoint\",\"urlTemplate\":\"https:\\\/\\\/melbet.plus\\\/az\\\/?s={search_term_string}\"},\"query-input\":{\"@type\":\"PropertyValueSpecification\",\"valueRequired\":true,\"valueName\":\"search_term_string\"}}],\"inLanguage\":\"az\"}]}<\/script>\n<!-- \/ Yoast SEO plugin. -->","yoast_head_json":{"title":"Melbet Casino \u2013 yeni ba\u015flayanlar \u00fc\u00e7\u00fcn slotlar, canl\u0131 oyunlar v\u0259 \u015fans","description":"Melbet Kazino oyunlar\u0131 \u2013 h\u0259tta tam yeni ba\u015flayanlar\u0131n bel\u0259 \u015fans qazana bil\u0259c\u0259yi sad\u0259 slotlar v\u0259 canl\u0131 oyunlar. \u015eans\u0131n\u0131z\u0131 onlayn s\u0131nay\u0131n \u2013 t\u0259miz h\u0259y\u0259can \u00fc\u00e7\u00fcn minl\u0259rl\u0259 oyun!","robots":{"index":"index","follow":"follow","max-snippet":"max-snippet:-1","max-image-preview":"max-image-preview:large","max-video-preview":"max-video-preview:-1"},"og_locale":"az_AZ","og_type":"article","og_title":"Melbet Casino \u2013 yeni ba\u015flayanlar \u00fc\u00e7\u00fcn slotlar, canl\u0131 oyunlar v\u0259 \u015fans","og_description":"Melbet Kazino oyunlar\u0131 \u2013 h\u0259tta tam yeni ba\u015flayanlar\u0131n bel\u0259 \u015fans qazana bil\u0259c\u0259yi sad\u0259 slotlar v\u0259 canl\u0131 oyunlar. \u015eans\u0131n\u0131z\u0131 onlayn s\u0131nay\u0131n \u2013 t\u0259miz h\u0259y\u0259can \u00fc\u00e7\u00fcn minl\u0259rl\u0259 oyun!","og_url":"https:\/\/melbet.plus\/az\/games\/","og_site_name":"Melbet az","article_modified_time":"2026-04-22T09:35:30+00:00","twitter_card":"summary_large_image","schema":{"@context":"https:\/\/schema.org","@graph":[{"@type":"WebPage","@id":"https:\/\/melbet.plus\/az\/games\/","url":"https:\/\/melbet.plus\/az\/games\/","name":"Melbet Casino \u2013 yeni ba\u015flayanlar \u00fc\u00e7\u00fcn slotlar, canl\u0131 oyunlar v\u0259 \u015fans","isPartOf":{"@id":"https:\/\/melbet.plus\/az\/#website"},"datePublished":"2026-03-23T05:34:40+00:00","dateModified":"2026-04-22T09:35:30+00:00","description":"Melbet Kazino oyunlar\u0131 \u2013 h\u0259tta tam yeni ba\u015flayanlar\u0131n bel\u0259 \u015fans qazana bil\u0259c\u0259yi sad\u0259 slotlar v\u0259 canl\u0131 oyunlar. \u015eans\u0131n\u0131z\u0131 onlayn s\u0131nay\u0131n \u2013 t\u0259miz h\u0259y\u0259can \u00fc\u00e7\u00fcn minl\u0259rl\u0259 oyun!","breadcrumb":{"@id":"https:\/\/melbet.plus\/az\/games\/#breadcrumb"},"inLanguage":"az","potentialAction":[{"@type":"ReadAction","target":["https:\/\/melbet.plus\/az\/games\/"]}]},{"@type":"BreadcrumbList","@id":"https:\/\/melbet.plus\/az\/games\/#breadcrumb","itemListElement":[{"@type":"ListItem","position":1,"name":"Home","item":"https:\/\/melbet.plus\/az\/"},{"@type":"ListItem","position":2,"name":"Oyunlar"}]},{"@type":"WebSite","@id":"https:\/\/melbet.plus\/az\/#website","url":"https:\/\/melbet.plus\/az\/","name":"Melbet az","description":"My WordPress Blog","potentialAction":[{"@type":"SearchAction","target":{"@type":"EntryPoint","urlTemplate":"https:\/\/melbet.plus\/az\/?s={search_term_string}"},"query-input":{"@type":"PropertyValueSpecification","valueRequired":true,"valueName":"search_term_string"}}],"inLanguage":"az"}]}},"_links":{"self":[{"href":"https:\/\/melbet.plus\/az\/wp-json\/wp\/v2\/pages\/1060","targetHints":{"allow":["GET"]}}],"collection":[{"href":"https:\/\/melbet.plus\/az\/wp-json\/wp\/v2\/pages"}],"about":[{"href":"https:\/\/melbet.plus\/az\/wp-json\/wp\/v2\/types\/page"}],"author":[{"embeddable":true,"href":"https:\/\/melbet.plus\/az\/wp-json\/wp\/v2\/users\/1"}],"replies":[{"embeddable":true,"href":"https:\/\/melbet.plus\/az\/wp-json\/wp\/v2\/comments?post=1060"}],"version-history":[{"count":5,"href":"https:\/\/melbet.plus\/az\/wp-json\/wp\/v2\/pages\/1060\/revisions"}],"predecessor-version":[{"id":1393,"href":"https:\/\/melbet.plus\/az\/wp-json\/wp\/v2\/pages\/1060\/revisions\/1393"}],"wp:attachment":[{"href":"https:\/\/melbet.plus\/az\/wp-json\/wp\/v2\/media?parent=1060"}],"curies":[{"name":"wp","href":"https:\/\/api.w.org\/{rel}","templated":true}]}}