{"id":1040,"date":"2026-03-20T04:57:47","date_gmt":"2026-03-20T04:57:47","guid":{"rendered":"https:\/\/melbet.plus\/az\/?page_id=1040"},"modified":"2026-04-22T11:42:41","modified_gmt":"2026-04-22T11:42:41","slug":"mma","status":"publish","type":"page","link":"https:\/\/melbet.plus\/az\/mma\/","title":{"rendered":"MMA"},"content":{"rendered":"","protected":false},"excerpt":{"rendered":"","protected":false},"author":1,"featured_media":0,"parent":0,"menu_order":0,"comment_status":"closed","ping_status":"closed","template":"","meta":{"inline_featured_image":false,"footnotes":""},"class_list":["post-1040","page","type-page","status-publish","hentry"],"yoast_head":"<!-- This site is optimized with the Yoast SEO plugin v27.4 - https:\/\/yoast.com\/product\/yoast-seo-wordpress\/ -->\n<title>Melbet-d\u0259 MMA m\u0259rcl\u0259ri \u2014 UFC, nokautlar v\u0259 raundlar<\/title>\n<meta name=\"description\" content=\"Melbet-d\u0259 MMA \u2013 UFC v\u0259 Bellator-a m\u0259rcl\u0259r. Milyonlarla funt sterlinqlik yay\u0131mlar \u00fc\u00e7\u00fcn nokautlar, t\u0259qdimatlar v\u0259 raundlar. Sevimli d\u00f6y\u00fc\u015f\u00e7\u00fcl\u0259rinizl\u0259 \u00fcr\u0259yinizi d\u00f6y\u00fcnd\u00fcr\u00fcn v\u0259 udu\u015flar\u0131n\u0131z\u0131 \u0259ld\u0259 edin!\" \/>\n<meta name=\"robots\" content=\"index, follow, max-snippet:-1, max-image-preview:large, max-video-preview:-1\" \/>\n<meta property=\"og:locale\" content=\"az_AZ\" \/>\n<meta property=\"og:type\" content=\"article\" \/>\n<meta property=\"og:title\" content=\"Melbet-d\u0259 MMA m\u0259rcl\u0259ri \u2014 UFC, nokautlar v\u0259 raundlar\" \/>\n<meta property=\"og:description\" content=\"Melbet-d\u0259 MMA \u2013 UFC v\u0259 Bellator-a m\u0259rcl\u0259r. Milyonlarla funt sterlinqlik yay\u0131mlar \u00fc\u00e7\u00fcn nokautlar, t\u0259qdimatlar v\u0259 raundlar. Sevimli d\u00f6y\u00fc\u015f\u00e7\u00fcl\u0259rinizl\u0259 \u00fcr\u0259yinizi d\u00f6y\u00fcnd\u00fcr\u00fcn v\u0259 udu\u015flar\u0131n\u0131z\u0131 \u0259ld\u0259 edin!\" \/>\n<meta property=\"og:url\" content=\"https:\/\/melbet.plus\/az\/mma\/\" \/>\n<meta property=\"og:site_name\" content=\"Melbet az\" \/>\n<meta property=\"article:modified_time\" content=\"2026-04-22T11:42:41+00:00\" \/>\n<meta name=\"twitter:card\" content=\"summary_large_image\" \/>\n<script type=\"application\/ld+json\" class=\"yoast-schema-graph\">{\"@context\":\"https:\\\/\\\/schema.org\",\"@graph\":[{\"@type\":\"WebPage\",\"@id\":\"https:\\\/\\\/melbet.plus\\\/az\\\/mma\\\/\",\"url\":\"https:\\\/\\\/melbet.plus\\\/az\\\/mma\\\/\",\"name\":\"Melbet-d\u0259 MMA m\u0259rcl\u0259ri \u2014 UFC, nokautlar v\u0259 raundlar\",\"isPartOf\":{\"@id\":\"https:\\\/\\\/melbet.plus\\\/az\\\/#website\"},\"datePublished\":\"2026-03-20T04:57:47+00:00\",\"dateModified\":\"2026-04-22T11:42:41+00:00\",\"description\":\"Melbet-d\u0259 MMA \u2013 UFC v\u0259 Bellator-a m\u0259rcl\u0259r. Milyonlarla funt sterlinqlik yay\u0131mlar \u00fc\u00e7\u00fcn nokautlar, t\u0259qdimatlar v\u0259 raundlar. Sevimli d\u00f6y\u00fc\u015f\u00e7\u00fcl\u0259rinizl\u0259 \u00fcr\u0259yinizi d\u00f6y\u00fcnd\u00fcr\u00fcn v\u0259 udu\u015flar\u0131n\u0131z\u0131 \u0259ld\u0259 edin!\",\"breadcrumb\":{\"@id\":\"https:\\\/\\\/melbet.plus\\\/az\\\/mma\\\/#breadcrumb\"},\"inLanguage\":\"az\",\"potentialAction\":[{\"@type\":\"ReadAction\",\"target\":[\"https:\\\/\\\/melbet.plus\\\/az\\\/mma\\\/\"]}]},{\"@type\":\"BreadcrumbList\",\"@id\":\"https:\\\/\\\/melbet.plus\\\/az\\\/mma\\\/#breadcrumb\",\"itemListElement\":[{\"@type\":\"ListItem\",\"position\":1,\"name\":\"Home\",\"item\":\"https:\\\/\\\/melbet.plus\\\/az\\\/\"},{\"@type\":\"ListItem\",\"position\":2,\"name\":\"MMA\"}]},{\"@type\":\"WebSite\",\"@id\":\"https:\\\/\\\/melbet.plus\\\/az\\\/#website\",\"url\":\"https:\\\/\\\/melbet.plus\\\/az\\\/\",\"name\":\"Melbet az\",\"description\":\"My WordPress Blog\",\"potentialAction\":[{\"@type\":\"SearchAction\",\"target\":{\"@type\":\"EntryPoint\",\"urlTemplate\":\"https:\\\/\\\/melbet.plus\\\/az\\\/?s={search_term_string}\"},\"query-input\":{\"@type\":\"PropertyValueSpecification\",\"valueRequired\":true,\"valueName\":\"search_term_string\"}}],\"inLanguage\":\"az\"}]}<\/script>\n<!-- \/ Yoast SEO plugin. -->","yoast_head_json":{"title":"Melbet-d\u0259 MMA m\u0259rcl\u0259ri \u2014 UFC, nokautlar v\u0259 raundlar","description":"Melbet-d\u0259 MMA \u2013 UFC v\u0259 Bellator-a m\u0259rcl\u0259r. Milyonlarla funt sterlinqlik yay\u0131mlar \u00fc\u00e7\u00fcn nokautlar, t\u0259qdimatlar v\u0259 raundlar. Sevimli d\u00f6y\u00fc\u015f\u00e7\u00fcl\u0259rinizl\u0259 \u00fcr\u0259yinizi d\u00f6y\u00fcnd\u00fcr\u00fcn v\u0259 udu\u015flar\u0131n\u0131z\u0131 \u0259ld\u0259 edin!","robots":{"index":"index","follow":"follow","max-snippet":"max-snippet:-1","max-image-preview":"max-image-preview:large","max-video-preview":"max-video-preview:-1"},"og_locale":"az_AZ","og_type":"article","og_title":"Melbet-d\u0259 MMA m\u0259rcl\u0259ri \u2014 UFC, nokautlar v\u0259 raundlar","og_description":"Melbet-d\u0259 MMA \u2013 UFC v\u0259 Bellator-a m\u0259rcl\u0259r. Milyonlarla funt sterlinqlik yay\u0131mlar \u00fc\u00e7\u00fcn nokautlar, t\u0259qdimatlar v\u0259 raundlar. Sevimli d\u00f6y\u00fc\u015f\u00e7\u00fcl\u0259rinizl\u0259 \u00fcr\u0259yinizi d\u00f6y\u00fcnd\u00fcr\u00fcn v\u0259 udu\u015flar\u0131n\u0131z\u0131 \u0259ld\u0259 edin!","og_url":"https:\/\/melbet.plus\/az\/mma\/","og_site_name":"Melbet az","article_modified_time":"2026-04-22T11:42:41+00:00","twitter_card":"summary_large_image","schema":{"@context":"https:\/\/schema.org","@graph":[{"@type":"WebPage","@id":"https:\/\/melbet.plus\/az\/mma\/","url":"https:\/\/melbet.plus\/az\/mma\/","name":"Melbet-d\u0259 MMA m\u0259rcl\u0259ri \u2014 UFC, nokautlar v\u0259 raundlar","isPartOf":{"@id":"https:\/\/melbet.plus\/az\/#website"},"datePublished":"2026-03-20T04:57:47+00:00","dateModified":"2026-04-22T11:42:41+00:00","description":"Melbet-d\u0259 MMA \u2013 UFC v\u0259 Bellator-a m\u0259rcl\u0259r. Milyonlarla funt sterlinqlik yay\u0131mlar \u00fc\u00e7\u00fcn nokautlar, t\u0259qdimatlar v\u0259 raundlar. Sevimli d\u00f6y\u00fc\u015f\u00e7\u00fcl\u0259rinizl\u0259 \u00fcr\u0259yinizi d\u00f6y\u00fcnd\u00fcr\u00fcn v\u0259 udu\u015flar\u0131n\u0131z\u0131 \u0259ld\u0259 edin!","breadcrumb":{"@id":"https:\/\/melbet.plus\/az\/mma\/#breadcrumb"},"inLanguage":"az","potentialAction":[{"@type":"ReadAction","target":["https:\/\/melbet.plus\/az\/mma\/"]}]},{"@type":"BreadcrumbList","@id":"https:\/\/melbet.plus\/az\/mma\/#breadcrumb","itemListElement":[{"@type":"ListItem","position":1,"name":"Home","item":"https:\/\/melbet.plus\/az\/"},{"@type":"ListItem","position":2,"name":"MMA"}]},{"@type":"WebSite","@id":"https:\/\/melbet.plus\/az\/#website","url":"https:\/\/melbet.plus\/az\/","name":"Melbet az","description":"My WordPress Blog","potentialAction":[{"@type":"SearchAction","target":{"@type":"EntryPoint","urlTemplate":"https:\/\/melbet.plus\/az\/?s={search_term_string}"},"query-input":{"@type":"PropertyValueSpecification","valueRequired":true,"valueName":"search_term_string"}}],"inLanguage":"az"}]}},"_links":{"self":[{"href":"https:\/\/melbet.plus\/az\/wp-json\/wp\/v2\/pages\/1040","targetHints":{"allow":["GET"]}}],"collection":[{"href":"https:\/\/melbet.plus\/az\/wp-json\/wp\/v2\/pages"}],"about":[{"href":"https:\/\/melbet.plus\/az\/wp-json\/wp\/v2\/types\/page"}],"author":[{"embeddable":true,"href":"https:\/\/melbet.plus\/az\/wp-json\/wp\/v2\/users\/1"}],"replies":[{"embeddable":true,"href":"https:\/\/melbet.plus\/az\/wp-json\/wp\/v2\/comments?post=1040"}],"version-history":[{"count":5,"href":"https:\/\/melbet.plus\/az\/wp-json\/wp\/v2\/pages\/1040\/revisions"}],"predecessor-version":[{"id":1402,"href":"https:\/\/melbet.plus\/az\/wp-json\/wp\/v2\/pages\/1040\/revisions\/1402"}],"wp:attachment":[{"href":"https:\/\/melbet.plus\/az\/wp-json\/wp\/v2\/media?parent=1040"}],"curies":[{"name":"wp","href":"https:\/\/api.w.org\/{rel}","templated":true}]}}