{"id":1018,"date":"2026-03-17T07:00:59","date_gmt":"2026-03-17T07:00:59","guid":{"rendered":"https:\/\/melbet.plus\/az\/?page_id=1018"},"modified":"2026-04-22T09:42:04","modified_gmt":"2026-04-22T09:42:04","slug":"hockey","status":"publish","type":"page","link":"https:\/\/melbet.plus\/az\/hockey\/","title":{"rendered":"Xokkey"},"content":{"rendered":"","protected":false},"excerpt":{"rendered":"","protected":false},"author":1,"featured_media":0,"parent":0,"menu_order":0,"comment_status":"closed","ping_status":"closed","template":"","meta":{"inline_featured_image":false,"footnotes":""},"class_list":["post-1018","page","type-page","status-publish","hentry"],"yoast_head":"<!-- This site is optimized with the Yoast SEO plugin v27.4 - https:\/\/yoast.com\/product\/yoast-seo-wordpress\/ -->\n<title>Melbet-d\u0259 xokkey m\u0259rcl\u0259ri \u2013 qollar, penaltil\u0259r v\u0259 d\u00f6y\u00fc\u015fl\u0259r<\/title>\n<meta name=\"description\" content=\"Melbet-d\u0259 xokkey \u2013 KHL v\u0259 NHL-d\u0259 qollar, penaltil\u0259r v\u0259 d\u00f6y\u00fc\u015fl\u0259r \u00fc\u00e7\u00fcn maraql\u0131 m\u0259rcl\u0259r. Bilikl\u0259rinizi s\u0131nay\u0131n v\u0259 h\u0259y\u0259can\u0131n\u0131z\u0131 art\u0131r\u0131n. H\u0259m azarke\u015fl\u0259r, h\u0259m d\u0259 neytral m\u0259rc ed\u0259nl\u0259r \u00fc\u00e7\u00fcn geni\u015f bazar se\u00e7imi!\" \/>\n<meta name=\"robots\" content=\"index, follow, max-snippet:-1, max-image-preview:large, max-video-preview:-1\" \/>\n<meta property=\"og:locale\" content=\"az_AZ\" \/>\n<meta property=\"og:type\" content=\"article\" \/>\n<meta property=\"og:title\" content=\"Melbet-d\u0259 xokkey m\u0259rcl\u0259ri \u2013 qollar, penaltil\u0259r v\u0259 d\u00f6y\u00fc\u015fl\u0259r\" \/>\n<meta property=\"og:description\" content=\"Melbet-d\u0259 xokkey \u2013 KHL v\u0259 NHL-d\u0259 qollar, penaltil\u0259r v\u0259 d\u00f6y\u00fc\u015fl\u0259r \u00fc\u00e7\u00fcn maraql\u0131 m\u0259rcl\u0259r. Bilikl\u0259rinizi s\u0131nay\u0131n v\u0259 h\u0259y\u0259can\u0131n\u0131z\u0131 art\u0131r\u0131n. H\u0259m azarke\u015fl\u0259r, h\u0259m d\u0259 neytral m\u0259rc ed\u0259nl\u0259r \u00fc\u00e7\u00fcn geni\u015f bazar se\u00e7imi!\" \/>\n<meta property=\"og:url\" content=\"https:\/\/melbet.plus\/az\/hockey\/\" \/>\n<meta property=\"og:site_name\" content=\"Melbet az\" \/>\n<meta property=\"article:modified_time\" content=\"2026-04-22T09:42:04+00:00\" \/>\n<meta name=\"twitter:card\" content=\"summary_large_image\" \/>\n<script type=\"application\/ld+json\" class=\"yoast-schema-graph\">{\"@context\":\"https:\\\/\\\/schema.org\",\"@graph\":[{\"@type\":\"WebPage\",\"@id\":\"https:\\\/\\\/melbet.plus\\\/az\\\/hockey\\\/\",\"url\":\"https:\\\/\\\/melbet.plus\\\/az\\\/hockey\\\/\",\"name\":\"Melbet-d\u0259 xokkey m\u0259rcl\u0259ri \u2013 qollar, penaltil\u0259r v\u0259 d\u00f6y\u00fc\u015fl\u0259r\",\"isPartOf\":{\"@id\":\"https:\\\/\\\/melbet.plus\\\/az\\\/#website\"},\"datePublished\":\"2026-03-17T07:00:59+00:00\",\"dateModified\":\"2026-04-22T09:42:04+00:00\",\"description\":\"Melbet-d\u0259 xokkey \u2013 KHL v\u0259 NHL-d\u0259 qollar, penaltil\u0259r v\u0259 d\u00f6y\u00fc\u015fl\u0259r \u00fc\u00e7\u00fcn maraql\u0131 m\u0259rcl\u0259r. Bilikl\u0259rinizi s\u0131nay\u0131n v\u0259 h\u0259y\u0259can\u0131n\u0131z\u0131 art\u0131r\u0131n. H\u0259m azarke\u015fl\u0259r, h\u0259m d\u0259 neytral m\u0259rc ed\u0259nl\u0259r \u00fc\u00e7\u00fcn geni\u015f bazar se\u00e7imi!\",\"breadcrumb\":{\"@id\":\"https:\\\/\\\/melbet.plus\\\/az\\\/hockey\\\/#breadcrumb\"},\"inLanguage\":\"az\",\"potentialAction\":[{\"@type\":\"ReadAction\",\"target\":[\"https:\\\/\\\/melbet.plus\\\/az\\\/hockey\\\/\"]}]},{\"@type\":\"BreadcrumbList\",\"@id\":\"https:\\\/\\\/melbet.plus\\\/az\\\/hockey\\\/#breadcrumb\",\"itemListElement\":[{\"@type\":\"ListItem\",\"position\":1,\"name\":\"Home\",\"item\":\"https:\\\/\\\/melbet.plus\\\/az\\\/\"},{\"@type\":\"ListItem\",\"position\":2,\"name\":\"Xokkey\"}]},{\"@type\":\"WebSite\",\"@id\":\"https:\\\/\\\/melbet.plus\\\/az\\\/#website\",\"url\":\"https:\\\/\\\/melbet.plus\\\/az\\\/\",\"name\":\"Melbet az\",\"description\":\"My WordPress Blog\",\"potentialAction\":[{\"@type\":\"SearchAction\",\"target\":{\"@type\":\"EntryPoint\",\"urlTemplate\":\"https:\\\/\\\/melbet.plus\\\/az\\\/?s={search_term_string}\"},\"query-input\":{\"@type\":\"PropertyValueSpecification\",\"valueRequired\":true,\"valueName\":\"search_term_string\"}}],\"inLanguage\":\"az\"}]}<\/script>\n<!-- \/ Yoast SEO plugin. -->","yoast_head_json":{"title":"Melbet-d\u0259 xokkey m\u0259rcl\u0259ri \u2013 qollar, penaltil\u0259r v\u0259 d\u00f6y\u00fc\u015fl\u0259r","description":"Melbet-d\u0259 xokkey \u2013 KHL v\u0259 NHL-d\u0259 qollar, penaltil\u0259r v\u0259 d\u00f6y\u00fc\u015fl\u0259r \u00fc\u00e7\u00fcn maraql\u0131 m\u0259rcl\u0259r. Bilikl\u0259rinizi s\u0131nay\u0131n v\u0259 h\u0259y\u0259can\u0131n\u0131z\u0131 art\u0131r\u0131n. H\u0259m azarke\u015fl\u0259r, h\u0259m d\u0259 neytral m\u0259rc ed\u0259nl\u0259r \u00fc\u00e7\u00fcn geni\u015f bazar se\u00e7imi!","robots":{"index":"index","follow":"follow","max-snippet":"max-snippet:-1","max-image-preview":"max-image-preview:large","max-video-preview":"max-video-preview:-1"},"og_locale":"az_AZ","og_type":"article","og_title":"Melbet-d\u0259 xokkey m\u0259rcl\u0259ri \u2013 qollar, penaltil\u0259r v\u0259 d\u00f6y\u00fc\u015fl\u0259r","og_description":"Melbet-d\u0259 xokkey \u2013 KHL v\u0259 NHL-d\u0259 qollar, penaltil\u0259r v\u0259 d\u00f6y\u00fc\u015fl\u0259r \u00fc\u00e7\u00fcn maraql\u0131 m\u0259rcl\u0259r. Bilikl\u0259rinizi s\u0131nay\u0131n v\u0259 h\u0259y\u0259can\u0131n\u0131z\u0131 art\u0131r\u0131n. H\u0259m azarke\u015fl\u0259r, h\u0259m d\u0259 neytral m\u0259rc ed\u0259nl\u0259r \u00fc\u00e7\u00fcn geni\u015f bazar se\u00e7imi!","og_url":"https:\/\/melbet.plus\/az\/hockey\/","og_site_name":"Melbet az","article_modified_time":"2026-04-22T09:42:04+00:00","twitter_card":"summary_large_image","schema":{"@context":"https:\/\/schema.org","@graph":[{"@type":"WebPage","@id":"https:\/\/melbet.plus\/az\/hockey\/","url":"https:\/\/melbet.plus\/az\/hockey\/","name":"Melbet-d\u0259 xokkey m\u0259rcl\u0259ri \u2013 qollar, penaltil\u0259r v\u0259 d\u00f6y\u00fc\u015fl\u0259r","isPartOf":{"@id":"https:\/\/melbet.plus\/az\/#website"},"datePublished":"2026-03-17T07:00:59+00:00","dateModified":"2026-04-22T09:42:04+00:00","description":"Melbet-d\u0259 xokkey \u2013 KHL v\u0259 NHL-d\u0259 qollar, penaltil\u0259r v\u0259 d\u00f6y\u00fc\u015fl\u0259r \u00fc\u00e7\u00fcn maraql\u0131 m\u0259rcl\u0259r. Bilikl\u0259rinizi s\u0131nay\u0131n v\u0259 h\u0259y\u0259can\u0131n\u0131z\u0131 art\u0131r\u0131n. H\u0259m azarke\u015fl\u0259r, h\u0259m d\u0259 neytral m\u0259rc ed\u0259nl\u0259r \u00fc\u00e7\u00fcn geni\u015f bazar se\u00e7imi!","breadcrumb":{"@id":"https:\/\/melbet.plus\/az\/hockey\/#breadcrumb"},"inLanguage":"az","potentialAction":[{"@type":"ReadAction","target":["https:\/\/melbet.plus\/az\/hockey\/"]}]},{"@type":"BreadcrumbList","@id":"https:\/\/melbet.plus\/az\/hockey\/#breadcrumb","itemListElement":[{"@type":"ListItem","position":1,"name":"Home","item":"https:\/\/melbet.plus\/az\/"},{"@type":"ListItem","position":2,"name":"Xokkey"}]},{"@type":"WebSite","@id":"https:\/\/melbet.plus\/az\/#website","url":"https:\/\/melbet.plus\/az\/","name":"Melbet az","description":"My WordPress Blog","potentialAction":[{"@type":"SearchAction","target":{"@type":"EntryPoint","urlTemplate":"https:\/\/melbet.plus\/az\/?s={search_term_string}"},"query-input":{"@type":"PropertyValueSpecification","valueRequired":true,"valueName":"search_term_string"}}],"inLanguage":"az"}]}},"_links":{"self":[{"href":"https:\/\/melbet.plus\/az\/wp-json\/wp\/v2\/pages\/1018","targetHints":{"allow":["GET"]}}],"collection":[{"href":"https:\/\/melbet.plus\/az\/wp-json\/wp\/v2\/pages"}],"about":[{"href":"https:\/\/melbet.plus\/az\/wp-json\/wp\/v2\/types\/page"}],"author":[{"embeddable":true,"href":"https:\/\/melbet.plus\/az\/wp-json\/wp\/v2\/users\/1"}],"replies":[{"embeddable":true,"href":"https:\/\/melbet.plus\/az\/wp-json\/wp\/v2\/comments?post=1018"}],"version-history":[{"count":5,"href":"https:\/\/melbet.plus\/az\/wp-json\/wp\/v2\/pages\/1018\/revisions"}],"predecessor-version":[{"id":1396,"href":"https:\/\/melbet.plus\/az\/wp-json\/wp\/v2\/pages\/1018\/revisions\/1396"}],"wp:attachment":[{"href":"https:\/\/melbet.plus\/az\/wp-json\/wp\/v2\/media?parent=1018"}],"curies":[{"name":"wp","href":"https:\/\/api.w.org\/{rel}","templated":true}]}}