{"id":579,"date":"2024-09-23T13:41:56","date_gmt":"2024-09-23T13:41:56","guid":{"rendered":"https:\/\/melbet.plus\/argentina\/?page_id=579"},"modified":"2026-01-06T18:35:39","modified_gmt":"2026-01-06T18:35:39","slug":"login","status":"publish","type":"page","link":"https:\/\/melbet.plus\/argentina\/login\/","title":{"rendered":"Iniciar sesi\u00f3n"},"content":{"rendered":"","protected":false},"excerpt":{"rendered":"","protected":false},"author":1,"featured_media":0,"parent":0,"menu_order":0,"comment_status":"closed","ping_status":"closed","template":"","meta":{"inline_featured_image":false,"footnotes":""},"class_list":["post-579","page","type-page","status-publish","hentry"],"yoast_head":"<!-- This site is optimized with the Yoast SEO plugin v27.3 - https:\/\/yoast.com\/product\/yoast-seo-wordpress\/ -->\n<title>Inicio de sesi\u00f3n en MelBet | Sitio web oficial de apuestas<\/title>\n<meta name=\"description\" content=\"Inicie sesi\u00f3n en su cuenta MelBet Argentina en l\u00ednea. Utilice su tel\u00e9fono o correo electr\u00f3nico para iniciar sesi\u00f3n. C\u00f3mo iniciar sesi\u00f3n en su cuenta personal MelBet. \u00a1Visite la p\u00e1gina de inicio de sesi\u00f3n de MelBet y comience a apostar ahora mismo!\" \/>\n<meta name=\"robots\" content=\"index, follow, max-snippet:-1, max-image-preview:large, max-video-preview:-1\" \/>\n<meta property=\"og:locale\" content=\"es_ES\" \/>\n<meta property=\"og:type\" content=\"article\" \/>\n<meta property=\"og:title\" content=\"Inicio de sesi\u00f3n en MelBet | Sitio web oficial de apuestas\" \/>\n<meta property=\"og:description\" content=\"Inicie sesi\u00f3n en su cuenta MelBet Argentina en l\u00ednea. Utilice su tel\u00e9fono o correo electr\u00f3nico para iniciar sesi\u00f3n. C\u00f3mo iniciar sesi\u00f3n en su cuenta personal MelBet. \u00a1Visite la p\u00e1gina de inicio de sesi\u00f3n de MelBet y comience a apostar ahora mismo!\" \/>\n<meta property=\"og:url\" content=\"https:\/\/melbet.plus\/argentina\/login\/\" \/>\n<meta property=\"og:site_name\" content=\"Melbet ar\" \/>\n<meta property=\"article:modified_time\" content=\"2026-01-06T18:35:39+00:00\" \/>\n<meta name=\"twitter:card\" content=\"summary_large_image\" \/>\n<script type=\"application\/ld+json\" class=\"yoast-schema-graph\">{\"@context\":\"https:\\\/\\\/schema.org\",\"@graph\":[{\"@type\":\"WebPage\",\"@id\":\"https:\\\/\\\/melbet.plus\\\/argentina\\\/login\\\/\",\"url\":\"https:\\\/\\\/melbet.plus\\\/argentina\\\/login\\\/\",\"name\":\"Inicio de sesi\u00f3n en MelBet | Sitio web oficial de apuestas\",\"isPartOf\":{\"@id\":\"https:\\\/\\\/melbet.plus\\\/argentina\\\/#website\"},\"datePublished\":\"2024-09-23T13:41:56+00:00\",\"dateModified\":\"2026-01-06T18:35:39+00:00\",\"description\":\"Inicie sesi\u00f3n en su cuenta MelBet Argentina en l\u00ednea. Utilice su tel\u00e9fono o correo electr\u00f3nico para iniciar sesi\u00f3n. C\u00f3mo iniciar sesi\u00f3n en su cuenta personal MelBet. \u00a1Visite la p\u00e1gina de inicio de sesi\u00f3n de MelBet y comience a apostar ahora mismo!\",\"breadcrumb\":{\"@id\":\"https:\\\/\\\/melbet.plus\\\/argentina\\\/login\\\/#breadcrumb\"},\"inLanguage\":\"es-AR\",\"potentialAction\":[{\"@type\":\"ReadAction\",\"target\":[\"https:\\\/\\\/melbet.plus\\\/argentina\\\/login\\\/\"]}]},{\"@type\":\"BreadcrumbList\",\"@id\":\"https:\\\/\\\/melbet.plus\\\/argentina\\\/login\\\/#breadcrumb\",\"itemListElement\":[{\"@type\":\"ListItem\",\"position\":1,\"name\":\"Home\",\"item\":\"https:\\\/\\\/melbet.plus\\\/argentina\\\/\"},{\"@type\":\"ListItem\",\"position\":2,\"name\":\"Iniciar sesi\u00f3n\"}]},{\"@type\":\"WebSite\",\"@id\":\"https:\\\/\\\/melbet.plus\\\/argentina\\\/#website\",\"url\":\"https:\\\/\\\/melbet.plus\\\/argentina\\\/\",\"name\":\"Melbet ar\",\"description\":\"My WordPress Blog\",\"potentialAction\":[{\"@type\":\"SearchAction\",\"target\":{\"@type\":\"EntryPoint\",\"urlTemplate\":\"https:\\\/\\\/melbet.plus\\\/argentina\\\/?s={search_term_string}\"},\"query-input\":{\"@type\":\"PropertyValueSpecification\",\"valueRequired\":true,\"valueName\":\"search_term_string\"}}],\"inLanguage\":\"es-AR\"}]}<\/script>\n<!-- \/ Yoast SEO plugin. -->","yoast_head_json":{"title":"Inicio de sesi\u00f3n en MelBet | Sitio web oficial de apuestas","description":"Inicie sesi\u00f3n en su cuenta MelBet Argentina en l\u00ednea. Utilice su tel\u00e9fono o correo electr\u00f3nico para iniciar sesi\u00f3n. C\u00f3mo iniciar sesi\u00f3n en su cuenta personal MelBet. \u00a1Visite la p\u00e1gina de inicio de sesi\u00f3n de MelBet y comience a apostar ahora mismo!","robots":{"index":"index","follow":"follow","max-snippet":"max-snippet:-1","max-image-preview":"max-image-preview:large","max-video-preview":"max-video-preview:-1"},"og_locale":"es_ES","og_type":"article","og_title":"Inicio de sesi\u00f3n en MelBet | Sitio web oficial de apuestas","og_description":"Inicie sesi\u00f3n en su cuenta MelBet Argentina en l\u00ednea. Utilice su tel\u00e9fono o correo electr\u00f3nico para iniciar sesi\u00f3n. C\u00f3mo iniciar sesi\u00f3n en su cuenta personal MelBet. \u00a1Visite la p\u00e1gina de inicio de sesi\u00f3n de MelBet y comience a apostar ahora mismo!","og_url":"https:\/\/melbet.plus\/argentina\/login\/","og_site_name":"Melbet ar","article_modified_time":"2026-01-06T18:35:39+00:00","twitter_card":"summary_large_image","schema":{"@context":"https:\/\/schema.org","@graph":[{"@type":"WebPage","@id":"https:\/\/melbet.plus\/argentina\/login\/","url":"https:\/\/melbet.plus\/argentina\/login\/","name":"Inicio de sesi\u00f3n en MelBet | Sitio web oficial de apuestas","isPartOf":{"@id":"https:\/\/melbet.plus\/argentina\/#website"},"datePublished":"2024-09-23T13:41:56+00:00","dateModified":"2026-01-06T18:35:39+00:00","description":"Inicie sesi\u00f3n en su cuenta MelBet Argentina en l\u00ednea. Utilice su tel\u00e9fono o correo electr\u00f3nico para iniciar sesi\u00f3n. C\u00f3mo iniciar sesi\u00f3n en su cuenta personal MelBet. \u00a1Visite la p\u00e1gina de inicio de sesi\u00f3n de MelBet y comience a apostar ahora mismo!","breadcrumb":{"@id":"https:\/\/melbet.plus\/argentina\/login\/#breadcrumb"},"inLanguage":"es-AR","potentialAction":[{"@type":"ReadAction","target":["https:\/\/melbet.plus\/argentina\/login\/"]}]},{"@type":"BreadcrumbList","@id":"https:\/\/melbet.plus\/argentina\/login\/#breadcrumb","itemListElement":[{"@type":"ListItem","position":1,"name":"Home","item":"https:\/\/melbet.plus\/argentina\/"},{"@type":"ListItem","position":2,"name":"Iniciar sesi\u00f3n"}]},{"@type":"WebSite","@id":"https:\/\/melbet.plus\/argentina\/#website","url":"https:\/\/melbet.plus\/argentina\/","name":"Melbet ar","description":"My WordPress Blog","potentialAction":[{"@type":"SearchAction","target":{"@type":"EntryPoint","urlTemplate":"https:\/\/melbet.plus\/argentina\/?s={search_term_string}"},"query-input":{"@type":"PropertyValueSpecification","valueRequired":true,"valueName":"search_term_string"}}],"inLanguage":"es-AR"}]}},"_links":{"self":[{"href":"https:\/\/melbet.plus\/argentina\/wp-json\/wp\/v2\/pages\/579","targetHints":{"allow":["GET"]}}],"collection":[{"href":"https:\/\/melbet.plus\/argentina\/wp-json\/wp\/v2\/pages"}],"about":[{"href":"https:\/\/melbet.plus\/argentina\/wp-json\/wp\/v2\/types\/page"}],"author":[{"embeddable":true,"href":"https:\/\/melbet.plus\/argentina\/wp-json\/wp\/v2\/users\/1"}],"replies":[{"embeddable":true,"href":"https:\/\/melbet.plus\/argentina\/wp-json\/wp\/v2\/comments?post=579"}],"version-history":[{"count":17,"href":"https:\/\/melbet.plus\/argentina\/wp-json\/wp\/v2\/pages\/579\/revisions"}],"predecessor-version":[{"id":972,"href":"https:\/\/melbet.plus\/argentina\/wp-json\/wp\/v2\/pages\/579\/revisions\/972"}],"wp:attachment":[{"href":"https:\/\/melbet.plus\/argentina\/wp-json\/wp\/v2\/media?parent=579"}],"curies":[{"name":"wp","href":"https:\/\/api.w.org\/{rel}","templated":true}]}}